{"id":5853,"date":"2013-12-01T14:02:14","date_gmt":"2013-12-01T13:02:14","guid":{"rendered":"http:\/\/bauschild-miete.de\/?product=universeller-auslegearm-l-100-cm"},"modified":"2019-12-02T11:01:32","modified_gmt":"2019-12-02T10:01:32","slug":"universeller-auslegearm-l-100-cm","status":"publish","type":"product","link":"https:\/\/bauschild-miete.de\/?product=universeller-auslegearm-l-100-cm","title":{"rendered":"CYRUS, stabiler Auslegearm zur Aufnahme von div. Strahlern, grau, L 100 cm"},"content":{"rendered":"<p>Der CYRUS ist ein solider Auslegearm misst eine L\u00e4nge von 100 cm. Er ist auf Wunsch<br \/>\nk\u00fcrzbar, abflexen, Loch bohren, fertig! Er eignet sich f\u00fcr die Aufnahme von nahezu allen Strahlern mit Montageb\u00fcgel, hat eine sep. St\u00fctzstrebe\u00a0und am Montagefu\u00df eine stabile Fu\u00dfplatte mit 4 L\u00f6chern, zur bauseitigen Wandmontage.<\/p>\n<p>&nbsp;<\/p>\n","protected":false},"excerpt":{"rendered":"<p>100 cm solider Auslegearm, 4-fach Verschraubung m\u00f6glich, grau lackiert<br \/>\n(ohne Strahler!)<br \/>\n<strong>W\u00e4hlen Sie: schwarzes Auswahlfeld anklicken,<\/strong><br \/>\n<strong>Auswahl nach und nach in den Warenkorb packen.<\/strong><\/p>\n","protected":false},"featured_media":11672,"comment_status":"closed","ping_status":"closed","template":"","meta":{"_links_to":"","_links_to_target":""},"product_cat":[56],"product_tag":[],"class_list":{"0":"post-5853","1":"product","2":"type-product","3":"status-publish","4":"has-post-thumbnail","6":"product_cat-zubehoer-strahler","8":"first","9":"instock","10":"sale","11":"taxable","12":"shipping-taxable","13":"purchasable","14":"product-type-simple","15":"has-featured-image","16":"square"},"_links":{"self":[{"href":"https:\/\/bauschild-miete.de\/index.php?rest_route=\/wp\/v2\/product\/5853","targetHints":{"allow":["GET"]}}],"collection":[{"href":"https:\/\/bauschild-miete.de\/index.php?rest_route=\/wp\/v2\/product"}],"about":[{"href":"https:\/\/bauschild-miete.de\/index.php?rest_route=\/wp\/v2\/types\/product"}],"replies":[{"embeddable":true,"href":"https:\/\/bauschild-miete.de\/index.php?rest_route=%2Fwp%2Fv2%2Fcomments&post=5853"}],"wp:featuredmedia":[{"embeddable":true,"href":"https:\/\/bauschild-miete.de\/index.php?rest_route=\/wp\/v2\/media\/11672"}],"wp:attachment":[{"href":"https:\/\/bauschild-miete.de\/index.php?rest_route=%2Fwp%2Fv2%2Fmedia&parent=5853"}],"wp:term":[{"taxonomy":"product_cat","embeddable":true,"href":"https:\/\/bauschild-miete.de\/index.php?rest_route=%2Fwp%2Fv2%2Fproduct_cat&post=5853"},{"taxonomy":"product_tag","embeddable":true,"href":"https:\/\/bauschild-miete.de\/index.php?rest_route=%2Fwp%2Fv2%2Fproduct_tag&post=5853"}],"curies":[{"name":"wp","href":"https:\/\/api.w.org\/{rel}","templated":true}]}}