{"id":5455,"date":"2013-11-21T06:12:00","date_gmt":"2013-11-21T05:12:00","guid":{"rendered":"http:\/\/bauschild-miete.de\/?product=unterkonstruktion-fuer-schild-b400-x-h300cm"},"modified":"2021-03-24T16:57:16","modified_gmt":"2021-03-24T15:57:16","slug":"unterkonstruktion-fuer-schild-b400-x-h300cm","status":"publish","type":"product","link":"https:\/\/bauschild-miete.de\/?product=unterkonstruktion-fuer-schild-b400-x-h300cm","title":{"rendered":"Unterkonstruktion f\u00fcr Schild 2.1 B400 x H300cm Ges.H500cm"},"content":{"rendered":"<p>Die Unterkonstruktionen f\u00fcr freistehende Bau- und Werbeschilder liefern<br \/>\nwir in Holz, Aluminium und verzinkten Stahl.<br \/>\nAlle Unterkonstruktionsmaterialien eignen sich grunds\u00e4tzlich f\u00fcr nahezu alle Schildgr\u00f6\u00dfen und Varianten,<br \/>\nUnterschiede gibt es lediglich beim Preis und der Optik.<br \/>\n<strong>Die Holzunterkonstruktion<\/strong> bieten wir nur zum Kauf an.<br \/>\nEs handelt sich um eine Einweg-Konstruktion.<br \/>\nDiese muss einbetoniert werden oder mittels einer Sandbox als Fundament beschwert werden.<br \/>\nDer Verkauf erfolgt aus Transportgr\u00fcnden ohne Fundamentgewicht, ohne Sandbef\u00fcllung.<\/p>\n<p><strong>Die Aluunterkonstruktion <\/strong>bieten wir ebenso nur zum Kauf an. Diese eignet sich besonders f\u00fcr Baufirmen die \u00f6fters dieses Bauschildgr\u00f6\u00dfe einsetzen k\u00f6nnen.<br \/>\nDie Fundamentgewichtung kann mittels eingebrachten\u00a0Erdfundament,<br \/>\nmittels Sandbox oder mit aufgelegten Betonplatten erfolgen.<br \/>\nDer Verkauf erfolgt aus Transportgr\u00fcnden ohne Fundamentgewicht!<\/p>\n<p><strong>Die Stahlunterkonstruktion<\/strong> bieten wir zum Kauf und zur Miete an.<br \/>\nDie Kaufvariante eignet sich besonders f\u00fcr Baufirmen die \u00f6fters dieses Bauschildgr\u00f6\u00dfe einsetzen k\u00f6nnen. Die Fundamentgewichtung kann mittels eingebrachten\u00a0Erdfundament, mittels Sandbox oder mit aufgelegten Betonplatten erfolgen.<br \/>\nDer Verkauf erfolgt aus Transportgr\u00fcnden ohne Fundamentgewicht!<\/p>\n<p><strong>Das Mietsystem besteht aus einer Stahlunterkonstruktion,<\/strong> welche je nach Auftragsbuchung wahlweise\u00a0mit Beschwerung mittels Betonplatten oder Sandbox aufgestellt wird.<br \/>\nDie Erdfundament-Fxierung w\u00e4re auch m\u00f6glich, sofern die Konstruktion an diese Fundamente nur verschraubt wird und die sp\u00e4tere \u00a0Konstruktionsr\u00fcckgabe unbesch\u00e4digt an uns m\u00f6glich ist,<br \/>\nund die Fundamententsorgung zum Mietende bauseits erfolgt.<\/p>\n<p><strong>Die Statik f\u00fcr die jeweilige Standkonstruktion<\/strong> f\u00fcr die Mietbauschilder kann dem Bauamt auf Anfordern direkt zugesandt werden.\u00a0Optional haben Sie die M\u00f6glichkeit die Statik zu erwerben.<br \/>\nBei den Kauf-Bauschildern wird die jeweilige Systemstatik dem gekauften Bauschild beigelegt\u00a0und ist im Kaufpreis includiert.<\/p>\n<p>Der Bauherr\/Aufbauer\/Aufsteller des Bauschildes haftet f\u00fcr den fachgerechten standsicheren Aufbau der Bauschildunterkonstruktion\u00a0und die Einhaltung der Vorschriften und Hinweise.<\/p>\n<p>&nbsp;<\/p>\n","protected":false},"excerpt":{"rendered":"<p>Bauschildunterkonstruktion, Gr\u00f6\u00dfe, Ausf\u00fchrung und Dienstleistung nach Wahl. Ohne Bauschild.<br \/>\nAbholung ab Werk, oder Lieferung, Aufbau bundesweit nach Wahl.<br \/>\n<strong>W\u00e4hlen Sie: schwarzes Auswahlfeld anklicken,<\/strong><br \/>\n<strong>Auswahl nach und nach in den Warenkorb packen.<\/strong><\/p>\n","protected":false},"featured_media":10367,"comment_status":"closed","ping_status":"closed","template":"","meta":{"_links_to":"","_links_to_target":""},"product_cat":[72,512],"product_tag":[],"class_list":{"0":"post-5455","1":"product","2":"type-product","3":"status-publish","4":"has-post-thumbnail","6":"product_cat-unterkonstruktion-diverse","7":"product_cat-nur-unterkonstruktionen-ab-schild-h301cm-ges-ab-501-cm","8":"pa_unterkonstruktion-stahl-unterkonstruktion-abholung-ohnemontage-ohnegewichte","9":"pa_unterkonstruktion-miete-stahl-unterkonstruktion-mit-montage-incl-sandbox-oder-betongewichte","10":"pa_unterkonstruktion-holz-unterkonstruktion-fuer-erdmontage","11":"pa_unterkonstruktion-kauf-stahl-unterkonstruktion-abholung-ohne-betonpl-ohne-montage","12":"pa_unterkonstruktion-kauf-stahl-unterkonstruktion-mit-aufbau-ohne-abbau","13":"pa_unterkonstruktion-alu-unterkonstruktion-auf-tragenden-boden","14":"pa_unterkonstruktion-lieferung-betonplatten-mit-verlegen-und-montage","15":"pa_unterkonstruktion-sandbox-als-fundamentgewicht-abholung-ohne-vor-ort-fuellungohne-sand","16":"pa_unterkonstruktion-sandbox-als-fundamentgewicht-angeliefert-vor-ort-fuellungmit-sand-mit-montage","17":"pa_unterkonstruktion-rueckholungdemontageabtransport-bauschild-bundesweit","18":"pa_unterkonstruktion-statik-fuer-diese-unterkonstruktion-format-lt-auswahl","19":"pa_unterkonstruktion-aufpreis-6-monate-verlaengerungsmiete-stahlholz-uk-pauschal","20":"pa_unterkonstruktion-aufpreis-bauschild-uk-anlieferung-oder-abholung-bis-100km-ab-werkdivision-ohne-montage-nur-abladen-pauschal","21":"pa_unterkonstruktion-aufpreis-bauschild-uk-anlieferung-oder-abholung-ab-101km-ab-werkdivision-km-nach-google-maps-je-km","22":"pa_unterkonstruktion-aufpreis-montage-unterkonstruktion-ins-erdreich-m-beton-oder-sandbox-bis-100km-ab-werkdivision","23":"pa_unterkonstruktion-aufpreis-anfahrt-montageteam-oder-demontage-ab-101km-ab-werkdivision-km-nach-google-maps-je-km-x2-je-250e","24":"pa_unterkonstruktion-aufpreis-miete-sandbox-statt-erdfundament-bis-6-monate","25":"pa_unterkonstruktion-aufpreis-fuellung-sandbox-im-zuge-der-montage-mit-sandkies-inkl-verfuellung-pauschal","26":"pa_unterkonstruktion-aufpreis-betonplatten-mieteanlieferungverlegung-bis-100km-ab-werkdivision-pauschal","27":"pa_unterkonstruktion-aufpreis-rueckholung-betonplatten-oder-sandbox-bis-100km-ab-werkdivision-pauschal","28":"pa_unterkonstruktion-aufpreis-betonplatte-oder-sandbox-je-anlieferung-je-rueckholung-ab-101km-ab-werkdivision-je-km-x2-je-250e","29":"pa_unterkonstruktion-aufpreis-gesonderter-vorentwurflayout-der-ausfuehrung-per-mail-je-entwurf-je","30":"pa_unterkonstruktion-kauf-sandbox-aus-holz-als-fundamentgewicht-ohne-gewichtfuellmaterial-je-sandbox","31":"pa_unterkonstruktion-kauf-betonplatten-als-fundamentgewicht-zum-auflegen-ohne-montage-anzahl-nach-statik-ab-werkdivision","32":"pa_unterkonstruktion-lohnkosten-sonderleistung-mehraufwand-z-b-schalung-regiekosten-etc-pro-mannpro-stunde-4500e","33":"pa_unterkonstruktion-versand-schild-oder-unterkonstruktion-oder-sandbox-bundesweit-je","35":"first","36":"instock","37":"taxable","38":"shipping-taxable","39":"purchasable","40":"product-type-variable","41":"has-default-attributes","42":"has-featured-image","43":"portrait"},"_links":{"self":[{"href":"https:\/\/bauschild-miete.de\/index.php?rest_route=\/wp\/v2\/product\/5455","targetHints":{"allow":["GET"]}}],"collection":[{"href":"https:\/\/bauschild-miete.de\/index.php?rest_route=\/wp\/v2\/product"}],"about":[{"href":"https:\/\/bauschild-miete.de\/index.php?rest_route=\/wp\/v2\/types\/product"}],"replies":[{"embeddable":true,"href":"https:\/\/bauschild-miete.de\/index.php?rest_route=%2Fwp%2Fv2%2Fcomments&post=5455"}],"wp:featuredmedia":[{"embeddable":true,"href":"https:\/\/bauschild-miete.de\/index.php?rest_route=\/wp\/v2\/media\/10367"}],"wp:attachment":[{"href":"https:\/\/bauschild-miete.de\/index.php?rest_route=%2Fwp%2Fv2%2Fmedia&parent=5455"}],"wp:term":[{"taxonomy":"product_cat","embeddable":true,"href":"https:\/\/bauschild-miete.de\/index.php?rest_route=%2Fwp%2Fv2%2Fproduct_cat&post=5455"},{"taxonomy":"product_tag","embeddable":true,"href":"https:\/\/bauschild-miete.de\/index.php?rest_route=%2Fwp%2Fv2%2Fproduct_tag&post=5455"}],"curies":[{"name":"wp","href":"https:\/\/api.w.org\/{rel}","templated":true}]}}