{"id":5242,"date":"2013-11-21T05:25:50","date_gmt":"2013-11-21T04:25:50","guid":{"rendered":"http:\/\/bauschild-miete.de\/?product=unterkonstruktion-fuer-schild-b200-x-h-100cm"},"modified":"2021-03-23T11:13:15","modified_gmt":"2021-03-23T10:13:15","slug":"unterkonstruktion-fuer-schild-b200-x-h-100cm","status":"publish","type":"product","link":"https:\/\/bauschild-miete.de\/?product=unterkonstruktion-fuer-schild-b200-x-h-100cm","title":{"rendered":"Unterkonstruktion f\u00fcr Schild 1.1 B200 x H100cm Ges.H300cm"},"content":{"rendered":"<p><strong>Die Unterkonstruktionen f\u00fcr freistehende Bau- und Werbeschilder<br \/>\n<\/strong>liefern wir bundesweit als Selbstbausatz inkl. Montageanleitung oder mit<br \/>\nMontagedienstleistung inkl. Fundamentierarbeiten \/ Sandbox \/ Betongewichte.<\/p>\n<p><strong>Die Holzunterkonstruktion<\/strong> bieten wir g\u00fcnstig zum Kauf an.<br \/>\nEs handelt sich um eine Einweg-Konstruktion &#8211; ideal f\u00fcr alle Bauvorhaben!<br \/>\nKaufvarianten eignen sich hervorragende f\u00fcr langfristige Bauvorhaben zwischen<br \/>\n6 bis 36 Monate Bauzeit. So sparen Sie die monatlichen Mietzahlungen!<\/p>\n<p><strong>Die Stahlunterkonstruktion<\/strong> bieten wir zum Kauf und zur Miete an.<br \/>\nDie Kaufvariante eignet sich besonders f\u00fcr Baufirmen die \u00f6fters diese<br \/>\nBauschildgr\u00f6\u00dfe einsetzen k\u00f6nnen, oder f\u00fcr besonders gro\u00dfe oder langefristige<br \/>\nBauvorhaben.<\/p>\n<p><strong>Jeder Unterkonstruktion<\/strong> muss standsicher montiert werden.<br \/>\nDie Fundamentgewichtung kann mit ins Erdreich eingebrachten Erdfundament<br \/>\noder mittels Sandbox oder mit aufgelegten Betonplatten erfolgen.<br \/>\nAus Transportgr\u00fcnden erhalten Sie das Fundamentgewicht optional.<br \/>\nEs wird vor Ort als Fundament erstellt, verf\u00fcllt oder aufgelegt.<br \/>\nDieses kann bundesweit g\u00fcnstig online dazu gebucht werden.<\/p>\n<p><strong>Alle Bauschildsysteme eignen sich f\u00fcr den Selbstaufbau oder<br \/>\nSie w\u00e4hlen unseren bundesweiten Aufbauservice.<\/strong><\/p>\n<p>Einige Bau\u00e4mter fordern einen Nachweis der Standsicherheit &#8211; kurz Statik.<br \/>\nDie Statik f\u00fcgen Sie am besten ebenso dem Warenkorb hinzu.<br \/>\nDiese ist je nach PLZ-Aufbauort verschieden und wird individuell erstellt.<\/p>\n<p>Der Bauherr\/Aufbauer\/Aufsteller des Bauschildes haftet f\u00fcr den<br \/>\nfachgerechten und standsicheren Aufbau der Bauschildunterkonstruktion<br \/>\nund die Einhaltung der geltenden Vorschriften und Hinweise.<\/p>\n","protected":false},"excerpt":{"rendered":"<p><strong>Bauschild-Unterkonstruktion <strong>&#8211; o<\/strong><strong><strong>hne Bauschild,<\/strong><\/strong><br \/>\nals Selbstbausatz oder komplett aufgebaut <\/strong><strong>.<br \/>\n<\/strong>Gr\u00f6\u00dfe, Ausf\u00fchrung und Dienstleistung nach Auswahl.<br \/>\nSpeziell f\u00fcr Wiederverk\u00e4ufer, Werbetechnikfirmen,<br \/>\nBauplaner, Baufirmen und Architekturb\u00fcros:<br \/>\nAbbildung \u00e4hnlich \u2013 \u00c4nderungen vorbehalten.<br \/>\ninkl. Aufbauanleitung zur Selbstmontage<br \/>\nAbholung ab Werk, oder Lieferung.<br \/>\nAufbau bundesweit nach Wahl.<br \/>\n<strong>Optional: <\/strong>auch mit Gewerkeschilder aufr\u00fcstbar \u2013<br \/>\ndann Unterkante Schild tiefer, oder n\u00e4chst gr\u00f6\u00dfere<br \/>\nUnterkonstruktion ausw\u00e4hlen.<br \/>\n<strong>Optional:<\/strong> mit Fundamentmontage oder Sandbox, auch mit<br \/>\nStahlUK &#8211; alles nach Wahl. Auch Kauf m\u00f6glich!<br \/>\n<span style=\"color: #ff0000;\"><strong>So stellen Sie sich Ihr Angebot zusammen:<\/strong><\/span><br \/>\nSchwarzen Balken mit wei\u00dfen Beschreibungstext anklicken,<br \/>\n<strong>Auswahl nach und nach in den Warenkorb packen.<br \/>\n<\/strong>Anzahl Mietmonate, Anlieferung etc. im Auswahlfeld w\u00e4hlen.<strong><br \/>\n<span style=\"color: #ff0000;\">Warenkorb \u00f6ffnen und mit Ihrem Browser ausdrucken.<\/span><br \/>\n<span style=\"color: #008000;\">Sie k\u00f6nnen jedes Format \/jeden Preis selber kalkulieren!<\/span><br \/>\n<\/strong>Sie bestellen \u00fcber den Warenkorb und haben die Wahl:<br \/>\n&#8211; Kauf auf Rechnung oder mit PayPal oder Sofort\u00fcberweisung.<\/p>\n","protected":false},"featured_media":10340,"comment_status":"closed","ping_status":"closed","template":"","meta":{"_links_to":"","_links_to_target":""},"product_cat":[72,511],"product_tag":[],"class_list":{"0":"post-5242","1":"product","2":"type-product","3":"status-publish","4":"has-post-thumbnail","6":"product_cat-unterkonstruktion-diverse","7":"product_cat-nur-unterkonstruktionen-bis-schild-h300cm-ges-bis-500-cm","8":"pa_unterkonstruktion-stahl-unterkonstruktion-abholung-ohnemontage-ohnegewichte","9":"pa_unterkonstruktion-miete-stahl-unterkonstruktion-mit-montage-incl-sandbox-oder-betongewichte","10":"pa_unterkonstruktion-holz-unterkonstruktion-fuer-erdmontage","11":"pa_unterkonstruktion-kauf-stahl-unterkonstruktion-abholung-ohne-betonpl-ohne-montage","12":"pa_unterkonstruktion-kauf-stahl-unterkonstruktion-mit-aufbau-ohne-abbau","13":"pa_unterkonstruktion-alu-unterkonstruktion-auf-tragenden-boden","14":"pa_unterkonstruktion-lieferung-betonplatten-mit-verlegen-und-montage","15":"pa_unterkonstruktion-sandbox-als-fundamentgewicht-abholung-ohne-vor-ort-fuellungohne-sand","16":"pa_unterkonstruktion-sandbox-als-fundamentgewicht-angeliefert-vor-ort-fuellungmit-sand-mit-montage","17":"pa_unterkonstruktion-rueckholungdemontageabtransport-bauschild-bundesweit","18":"pa_unterkonstruktion-statik-fuer-diese-unterkonstruktion-format-lt-auswahl","19":"pa_unterkonstruktion-aufpreis-6-monate-verlaengerungsmiete-stahlholz-uk-pauschal","20":"pa_unterkonstruktion-aufpreis-bauschild-uk-anlieferung-oder-abholung-bis-100km-ab-werkdivision-ohne-montage-nur-abladen-pauschal","21":"pa_unterkonstruktion-aufpreis-bauschild-uk-anlieferung-oder-abholung-ab-101km-ab-werkdivision-km-nach-google-maps-je-km","22":"pa_unterkonstruktion-aufpreis-montage-unterkonstruktion-ins-erdreich-m-beton-oder-sandbox-bis-100km-ab-werkdivision","23":"pa_unterkonstruktion-aufpreis-anfahrt-montageteam-oder-demontage-ab-101km-ab-werkdivision-km-nach-google-maps-je-km-x2-je-250e","24":"pa_unterkonstruktion-aufpreis-miete-sandbox-statt-erdfundament-bis-6-monate","25":"pa_unterkonstruktion-aufpreis-fuellung-sandbox-im-zuge-der-montage-mit-sandkies-inkl-verfuellung-pauschal","26":"pa_unterkonstruktion-aufpreis-betonplatten-mieteanlieferungverlegung-bis-100km-ab-werkdivision-pauschal","27":"pa_unterkonstruktion-aufpreis-rueckholung-betonplatten-oder-sandbox-bis-100km-ab-werkdivision-pauschal","28":"pa_unterkonstruktion-aufpreis-betonplatte-oder-sandbox-je-anlieferung-je-rueckholung-ab-101km-ab-werkdivision-je-km-x2-je-250e","29":"pa_unterkonstruktion-aufpreis-gesonderter-vorentwurflayout-der-ausfuehrung-per-mail-je-entwurf-je","30":"pa_unterkonstruktion-kauf-sandbox-aus-holz-als-fundamentgewicht-ohne-gewichtfuellmaterial-je-sandbox","31":"pa_unterkonstruktion-kauf-betonplatten-als-fundamentgewicht-zum-auflegen-ohne-montage-anzahl-nach-statik-ab-werkdivision","32":"pa_unterkonstruktion-lohnkosten-sonderleistung-mehraufwand-z-b-schalung-regiekosten-etc-pro-mannpro-stunde-4500e","33":"pa_unterkonstruktion-versand-schild-oder-unterkonstruktion-oder-sandbox-bundesweit-je","35":"first","36":"instock","37":"taxable","38":"shipping-taxable","39":"purchasable","40":"product-type-variable","41":"has-default-attributes","42":"has-featured-image","43":"portrait"},"_links":{"self":[{"href":"https:\/\/bauschild-miete.de\/index.php?rest_route=\/wp\/v2\/product\/5242","targetHints":{"allow":["GET"]}}],"collection":[{"href":"https:\/\/bauschild-miete.de\/index.php?rest_route=\/wp\/v2\/product"}],"about":[{"href":"https:\/\/bauschild-miete.de\/index.php?rest_route=\/wp\/v2\/types\/product"}],"replies":[{"embeddable":true,"href":"https:\/\/bauschild-miete.de\/index.php?rest_route=%2Fwp%2Fv2%2Fcomments&post=5242"}],"wp:featuredmedia":[{"embeddable":true,"href":"https:\/\/bauschild-miete.de\/index.php?rest_route=\/wp\/v2\/media\/10340"}],"wp:attachment":[{"href":"https:\/\/bauschild-miete.de\/index.php?rest_route=%2Fwp%2Fv2%2Fmedia&parent=5242"}],"wp:term":[{"taxonomy":"product_cat","embeddable":true,"href":"https:\/\/bauschild-miete.de\/index.php?rest_route=%2Fwp%2Fv2%2Fproduct_cat&post=5242"},{"taxonomy":"product_tag","embeddable":true,"href":"https:\/\/bauschild-miete.de\/index.php?rest_route=%2Fwp%2Fv2%2Fproduct_tag&post=5242"}],"curies":[{"name":"wp","href":"https:\/\/api.w.org\/{rel}","templated":true}]}}