{"id":4796,"date":"2013-11-18T06:35:17","date_gmt":"2013-11-18T05:35:17","guid":{"rendered":"http:\/\/bauschild-miete.de\/?product=kleinschild-b100-x-h75-cm"},"modified":"2019-12-02T10:53:08","modified_gmt":"2019-12-02T09:53:08","slug":"kleinschild-b100-x-h75-cm","status":"publish","type":"product","link":"https:\/\/bauschild-miete.de\/?product=kleinschild-b100-x-h75-cm","title":{"rendered":"Kleinschild 1.6 B100 x H75 cm"},"content":{"rendered":"<p>Kleinschilder lassen sich f\u00fcr jede Art von Werbe- und Beschilderungszweck sehr gut im Aussen- und Innenbereich einsetzen. Das 3mm Tr\u00e4germaterial besteht aus einem sehr steifen Alu\/Kunststoff-Verbund und hat sich f\u00fcr den Aussenwerbeeinsatz bestens bew\u00e4hrt. Die Beschriftung erfolgt mit 4c Hochleistungsdruckern auf wetterfesten PVC-Folien, die dann auf die Tafeln aufkaschiert werden. Wir haben die Schildgr\u00f6\u00dfen nach dem optimalen Plattenzuschnitt f\u00fcr Sie zusammengestellt. Sollte Ihr spezielles Wunschma\u00df nicht dabei sein, w\u00e4hlen Sie einfach die n\u00e4chste gr\u00f6\u00dfere Schildgr\u00f6\u00dfe, da dann Ihr Schild daraus zugeschnitten wird.<br \/>\n<strong>Der viereckige Zuschnitt auf ihr Sonderformat erfolgt ohne Mehrkosten!<\/strong><br \/>\n<span style=\"text-decoration: underline;\">Je h\u00f6her die ausgew\u00e4hlte Gesamtst\u00fcckzahl desto g\u00fcnstiger ist der Preis pro Schild.<\/span><br \/>\nBitte senden Sie uns unmittelbar nach Ihrer Bestellung die jeweilige f\u00fcr das Format passende Druckdatei per mail an <a title=\"Die mailadresse f\u00fcr Ihre Druckdaten.\" href=\"info@bauschild-miete.de\" target=\"_blank\">info@bauschild-miete.de<\/a>\u00a0\u00a0.<br \/>\nDie Druckdaten werden nicht gepr\u00fcft, sollten Sie eine <a title=\"Wir pr\u00fcfen Ihre Druckdaten.\" href=\"https:\/\/bauschild-miete.de\/?product=druckdatenpruefung\" target=\"_blank\"><strong>Druckdatenpr\u00fcfung<\/strong><\/a> w\u00fcnschen, dann k\u00f6nnen Sie diese unter<a title=\"Hier finden die Rubrik Druckdatenerstellung.\" href=\"https:\/\/bauschild-miete.de\/?product_cat=alles-rund-um-das-bauschild\" target=\"_blank\"><strong> Zubeh\u00f6r<\/strong><\/a> buchen.<\/p>\n<p>Sollen Sie keine druckfertige pdf-Daten zusenden k\u00f6nnen, kein Problem! Dann buchen Sie die <strong><a title=\"Wir erstellen Ihre Druckdaten.\" href=\"https:\/\/bauschild-miete.de\/?product=druckdatenerstellung-bis-1qm-druckschildbanner\" target=\"_blank\">Druckdatenerstellung<\/a> <\/strong>einfach dazu. Sie benennen uns Ihren Wunsch und senden und Ihre<br \/>\nDaten und eine Handskizze, wir bereiten alles druckfertig auf.<\/p>\n<p>Fehlt Ihnen eine pfiffige Werbeidee, der schicke Entwurf oder eine gelungene Grafik f\u00fcr Ihr zu erstellendes Werbeschild, dann k\u00f6nnen Sie dies unter <strong><a title=\"Grafik und Design online buchen.\" href=\"https:\/\/bauschild-miete.de\/?product=grafik-layout-und-druckdatei-pauschale\" target=\"_blank\">Grafikpauschale<\/a> <\/strong>ebenso einfach dazu buchen. Die Grafikpauschale<br \/>\nbeinhaltet Grafik und Druckdaten.<\/p>\n","protected":false},"excerpt":{"rendered":"<p>incl. Motivdruck wetterfest 4c auf PVC-Folie gedruckt von Kundendatei, fachgerecht kaschiert auf wetterfesten<br \/>\n3mm Aluverbund<br \/>\n<strong>W\u00e4hlen Sie: schwarzes Auswahlfeld anklicken,<\/strong><br \/>\n<strong>Auswahl nach und nach in den Warenkorb packen.<\/strong><\/p>\n","protected":false},"featured_media":10181,"comment_status":"closed","ping_status":"closed","template":"","meta":{"_links_to":"","_links_to_target":""},"product_cat":[60],"product_tag":[],"class_list":{"0":"post-4796","1":"product","2":"type-product","3":"status-publish","4":"has-post-thumbnail","6":"product_cat-montageteam","7":"pa_kleinschilder-bis-2qm-einzelschild-blanko-nur-zuschnitt-3mm-aluverbund","8":"pa_kleinschilder-bis-2qm-einzelschild-4c-beschriftet-von-kundendatei-3mm-aluverbund","9":"pa_kleinschilder-bis-2qm-3-stck-4c-beschriftet-von-kundendatei-3mm-aluverbund","10":"pa_kleinschilder-bis-2qm-6-stck-4c-beschriftet-von-kundendatei-3mm-aluverbund","11":"pa_kleinschilder-bis-2qm-10-stck-4c-beschriftet-von-kundendatei-3mm-aluverbund","12":"pa_kleinschilder-bis-2qm-20-stck-4c-beschriftet-von-kundendatei-3mm-aluverbund","13":"pa_kleinschilder-bis-2qm-30-stck-4c-beschriftet-von-kundendatei-3mm-aluverbund","14":"pa_kleinschilder-bis-2qm-50-stck-4c-beschriftet-von-kundendatei-3mm-aluverbund","15":"pa_kleinschilder-bis-2qm-75-stck-4c-beschriftet-von-kundendatei-3mm-aluverbund","16":"pa_kleinschilder-bis-2qm-100-stck-4c-beschriftet-von-kundendatei-3mm-aluverbund","17":"pa_kleinschilder-bis-2qm-versand-bis-je-50-stck","19":"first","20":"instock","21":"taxable","22":"shipping-taxable","23":"purchasable","24":"product-type-variable","25":"has-default-attributes","26":"has-featured-image","27":"portrait"},"_links":{"self":[{"href":"https:\/\/bauschild-miete.de\/index.php?rest_route=\/wp\/v2\/product\/4796","targetHints":{"allow":["GET"]}}],"collection":[{"href":"https:\/\/bauschild-miete.de\/index.php?rest_route=\/wp\/v2\/product"}],"about":[{"href":"https:\/\/bauschild-miete.de\/index.php?rest_route=\/wp\/v2\/types\/product"}],"replies":[{"embeddable":true,"href":"https:\/\/bauschild-miete.de\/index.php?rest_route=%2Fwp%2Fv2%2Fcomments&post=4796"}],"wp:featuredmedia":[{"embeddable":true,"href":"https:\/\/bauschild-miete.de\/index.php?rest_route=\/wp\/v2\/media\/10181"}],"wp:attachment":[{"href":"https:\/\/bauschild-miete.de\/index.php?rest_route=%2Fwp%2Fv2%2Fmedia&parent=4796"}],"wp:term":[{"taxonomy":"product_cat","embeddable":true,"href":"https:\/\/bauschild-miete.de\/index.php?rest_route=%2Fwp%2Fv2%2Fproduct_cat&post=4796"},{"taxonomy":"product_tag","embeddable":true,"href":"https:\/\/bauschild-miete.de\/index.php?rest_route=%2Fwp%2Fv2%2Fproduct_tag&post=4796"}],"curies":[{"name":"wp","href":"https:\/\/api.w.org\/{rel}","templated":true}]}}