{"id":2583,"date":"2013-11-13T14:20:40","date_gmt":"2013-11-13T13:20:40","guid":{"rendered":"http:\/\/bauschild-miete.de\/?product=gewerkeschilder-b200-x-h20-cm-12er-set"},"modified":"2019-12-02T11:12:17","modified_gmt":"2019-12-02T10:12:17","slug":"gewerkeschilder-b200-x-h20-cm","status":"publish","type":"product","link":"https:\/\/bauschild-miete.de\/?product=gewerkeschilder-b200-x-h20-cm","title":{"rendered":"Gewerkeschilder 1.4 Formate bis B200 x H20 cm einzeln oder Set"},"content":{"rendered":"<p>Wetterfest beschriftete Gewerkeschilder aus 3mm Aluverbundtafel standard weiss, wahlweise bis 4c bedruckt von Ihrer Datei, oder 1-fbg. mit Textbeschriftung nach Ihrer Vorgabe erhalten Sie in den Formaten<br \/>\nB100 x H 10 cm, passend f\u00fcr Bauschildvarianten mit B200\/300\/400 etc.,<br \/>\nsomit ideal f\u00fcr kleinere Bauschilder.<br \/>\nB125 x H 12,5 cm, passend f\u00fcr Bauschildvarianten mit B250\/375\/500 etc.,<br \/>\ngeeignet f\u00fcr kleinere bis mittlere Bauschilder.<br \/>\nB150 x H 15 cm, passend f\u00fcr Bauschildvarianten mit B300\/450\/600<br \/>\npassend f\u00fcr mittlere bis gro\u00dfe Bauschilder und\u00a0maxilwall-Big-Bauschilder.<br \/>\nB200 x H 20 cm, passend f\u00fcr Bauschildvarianten mit B200\/400\/600<br \/>\nideal f\u00fcr gro\u00dfe Bauschilder und maxiwall-Big-Bauschilder.<\/p>\n<p>Die Gewerkeschilder werden in der Regel im unterem Bereich des Bauschildes montiert. Als Montageuntergrund ist das von Ihnen eingeplante Bauschild im unterem Bereich entsprechend bei der Gestaltung im Hauptschild-Beschriftungsbereich frei zuhalten.<br \/>\nDie Gewerkeschilder k\u00f6nnen so einfach auf dem\u00a0Hauptbauschild montiert werden.<\/p>\n<p>Sollten Sie eine separate Montage unterhalb des Bauschildes w\u00fcnschen, ist eine entsprechende Gewerke-Montageleiste (Quertr\u00e4ger) mitzubestellen. So kann darauf die Gewerkeschildmontage erfolgen.<br \/>\nDie Montageleiste besteht wahlweise aus Holz oder Alu und gibt es in B200cm + B300 cm und ist entsprechend der Bauschildbreite, dem senkrechten Pfostenabstand und Ihrem Gestaltungswunsch zu k\u00fcrzen. Die Gewerkeschilderadapterleistenmontage erfolgt durch Verschraubung in die senkrechten Standpfosten. Bei einer Bauschildbreite von B 300 cm k\u00f6nnen z.B. 3 Gewerkeschilder B100 cm oder 2 Gewerkeschilder B150 cm ideal nebeneinander plaziert werden.<br \/>\nPro waagerechte Reihe Gewerkeschilder ben\u00f6tigen Sie eine Montageleiste in der entsprechenden Breite.<\/p>\n<p>Die Standardunterkante des Bauschildes ist auf H 200 cm vorgesehen. Je nach Anzahl der Gewerkeschilder die \u00fcbereinander montiert werden sollen, verringert sich der Abstand tragenden Boden zur Unterkante des Bauschildes entsprechend. Bei mehr als 3 Gewerkeschilder \u00fcbereinander empfehlen wir die n\u00e4chst gr\u00f6\u00dfere\/h\u00f6here Bauschildunterkonstruktion zu w\u00e4hlen, da sonst die Gewerkeschilder zu tief h\u00e4ngen bzw.<br \/>\ndurch die erh\u00f6hte Anzahl der Gewerkeschilder die Windlast die Standsicherheit beeintr\u00e4chtigen kann.<\/p>\n<p>Bei unseren Bauschildkonstruktionen k\u00f6nnen Sie die <a title=\"Link zu unseren Schildern\" href=\"https:\/\/bauschild-miete.de\/?product_cat=schilder-wetterfest-aus-aluverbund\" target=\"_blank\">Bauschilder<\/a>, die <a title=\"Link zu den Unterkonstruktionen\" href=\"https:\/\/bauschild-miete.de\/?product_cat=nur-unterkonstruktion\" target=\"_blank\">Unterkonstruktion<\/a> und die Gewerkeschilder untereinander kombinieren, so das Sie alle Gestaltungsw\u00fcnsche und Gewerkeschilderanordnungen frei bestimmen k\u00f6nnen.<\/p>\n","protected":false},"excerpt":{"rendered":"<p>Wetterfest beschriftete Gewerkeschilder aus 3mm Aluverbundtafel standard weiss, wahlweise bis 4c bedruckt von Ihrer Datei, oder 1-fbg. mit Textbeschriftung nach Ihrer Vorgabe\/Auswahl.<br \/>\n<strong>W\u00e4hlen Sie: schwarzes Auswahlfeld anklicken,<\/strong><br \/>\n<strong>Auswahl nach und nach in den Warenkorb packen.<\/strong><\/p>\n","protected":false},"featured_media":11678,"comment_status":"closed","ping_status":"closed","template":"","meta":{"_links_to":"","_links_to_target":""},"product_cat":[55],"product_tag":[1442],"class_list":{"0":"post-2583","1":"product","2":"type-product","3":"status-publish","4":"has-post-thumbnail","6":"product_cat-kleine-und-grosse-gewerkeschilder","7":"product_tag-kleine-und-grosse-gewerkeschilder","8":"pa_gewerkeschilder-gewerkeschild-einzeln-mit-1-fbg-textbeschriftung-von-kundendatei","9":"pa_gewerkeschilder-2er-set-gewerkeschild-mit-1-fbg-textbeschriftung-von-satzfertiger-kundendatei","10":"pa_gewerkeschilder-3er-set-gewerkeschilder-mit-1-fbg-textbeschriftung-von-satzfertiger-kundendatei","11":"pa_gewerkeschilder-4er-set-gewerkeschilder-mit-1-fbg-textbeschriftung-von-satzfertiger-kundendatei","12":"pa_gewerkeschilder-6er-set-gewerkeschilder-mit-1-fbg-textbeschriftung-von-satzfertiger-kundendatei","13":"pa_gewerkeschilder-12er-set-gewerkeschilder-mit-1-fbg-textbeschriftung-von-satzfertiger-kundendatei","14":"pa_gewerkeschilder-gewerkeschild-einzeln-mit-4-fbg-beschriftung-von-kundendatei","15":"pa_gewerkeschilder-2er-set-gewerkeschilder-mit-4-fbg-beschriftung-von-kundendatei","16":"pa_gewerkeschilder-3er-set-gewerkeschilder-mit-4-fbg-beschriftung-von-kundendatei","17":"pa_gewerkeschilder-4er-set-gewerkeschilder-mit-4-fbg-beschriftung-von-kundendatei","18":"pa_gewerkeschilder-6er-set-gewerkeschilder-mit-4-fbg-beschriftung-von-kundendatei","19":"pa_gewerkeschilder-12er-set-gewerkeschilder-mit-4-fbg-beschriftung-von-kundendatei","20":"pa_gewerkeschilder-versandpauschale-bis-12-gewerkeschilder","21":"pa_gewerkeschilder-montage-pro-stck-vor-ort","22":"pa_gewerkeschilder-gewerkeschilder-druckdaten-erstellen-incl-1-korrekturabzug","23":"pa_gewerkeschilder-6er-set-gewerkeschilder-druckdaten-erstellen-incl-1-korrekturabzug","24":"pa_gewerkeschilder-12er-set-gewerkeschilder-druckdaten-erstellen-incl-1-korrekturabzug","25":"pa_gewerkeschilder-jeder-weitere-gewerkeschild-korrekturabzug-einzeln","26":"pa_gewerkeschilder-jeder-weitere-gewerkeschilder-korrekturabzug-6er-set","27":"pa_gewerkeschilder-jeder-weitere-gewerkeschilder-korrekturabzug-12er-set","29":"first","30":"instock","31":"taxable","32":"shipping-taxable","33":"purchasable","34":"product-type-variable","35":"has-default-attributes","36":"has-featured-image","37":"landscape"},"_links":{"self":[{"href":"https:\/\/bauschild-miete.de\/index.php?rest_route=\/wp\/v2\/product\/2583","targetHints":{"allow":["GET"]}}],"collection":[{"href":"https:\/\/bauschild-miete.de\/index.php?rest_route=\/wp\/v2\/product"}],"about":[{"href":"https:\/\/bauschild-miete.de\/index.php?rest_route=\/wp\/v2\/types\/product"}],"replies":[{"embeddable":true,"href":"https:\/\/bauschild-miete.de\/index.php?rest_route=%2Fwp%2Fv2%2Fcomments&post=2583"}],"wp:featuredmedia":[{"embeddable":true,"href":"https:\/\/bauschild-miete.de\/index.php?rest_route=\/wp\/v2\/media\/11678"}],"wp:attachment":[{"href":"https:\/\/bauschild-miete.de\/index.php?rest_route=%2Fwp%2Fv2%2Fmedia&parent=2583"}],"wp:term":[{"taxonomy":"product_cat","embeddable":true,"href":"https:\/\/bauschild-miete.de\/index.php?rest_route=%2Fwp%2Fv2%2Fproduct_cat&post=2583"},{"taxonomy":"product_tag","embeddable":true,"href":"https:\/\/bauschild-miete.de\/index.php?rest_route=%2Fwp%2Fv2%2Fproduct_tag&post=2583"}],"curies":[{"name":"wp","href":"https:\/\/api.w.org\/{rel}","templated":true}]}}