{"id":2234,"date":"2013-11-13T08:53:46","date_gmt":"2013-11-13T07:53:46","guid":{"rendered":"http:\/\/bauschild-miete.de\/?post_type=product&#038;p=2234"},"modified":"2016-10-26T08:15:08","modified_gmt":"2016-10-26T06:15:08","slug":"gewerkeschilder-montageleisten","status":"publish","type":"product","link":"https:\/\/bauschild-miete.de\/?product=gewerkeschilder-montageleisten","title":{"rendered":"Gewerkeschilder-Montageleisten Holz\/Alu L200 cm"},"content":{"rendered":"<p>Die Montageleisten erhalten Sie in den L\u00e4ngen 200cm und 300cm und sind zur Aufnahme der Gewerkeschilder oder auch f\u00fcr anderer Schildmontagen geeignet. Als Grundmaterial verwenden wir f\u00fcr die Holz-Unterkonstruktion Holzleisten40\/60mm und f\u00fcr die StahlUKs Aluprofile QR40\/2. Die Gewerkeschilder k\u00f6nnen in die Montagenleiste verschraubt werden. Wir versenden die Leisten in den jeweiligen L\u00e4ngen 2erSets, 6er Sets und in 12er Sets. Die Montageleisten sind vor Ort auf die jeweilige Bauschildbreite anzupassen und durch S\u00e4geschnitt abzul\u00e4ngen. Sollten Sie die Montageleisten nicht selber montieren, ordern Sie im Shop gleich die Montagepauschale f\u00fcr die jeweilge Gewerkeschilderanzahl mit.<br \/>\nDie Versandkosten beinhalten die Verpackung und die Zustellung an die von Ihnen in der Bestellung eingetragenen Adresse innerhalb Deutschlands.<\/p>\n","protected":false},"excerpt":{"rendered":"<p>Montageleiste f\u00fcr die Aufnahme der Gewerkeschilder bestehend aus Holz oder Alu sowie L\u00e4nge nach Wahl, in der L\u00e4nge zu k\u00fcrzen, universal verwendbar. F\u00fcr Holzleisten Kauf, bei Alu Kauf oder Miete in Verbindung mit Bauschild UK, Mietzeitdauer wie Unterkonstruktion l\u00e4ngstens bis 12 Monate<br \/>\n<strong>W\u00e4hlen Sie: schwarzes Auswahlfeld anklicken,<\/strong><br \/>\n<strong>Auswahl nach und nach in den Warenkorb packen.<\/strong><\/p>\n","protected":false},"featured_media":0,"comment_status":"closed","ping_status":"closed","template":"","meta":{"_links_to":"","_links_to_target":""},"product_cat":[490],"product_tag":[],"class_list":{"0":"post-2234","1":"product","2":"type-product","3":"status-publish","5":"product_cat-sandboxfundament","6":"pa_montageleisten-kauf-miete-versand","7":"pa_montageleisten-kauf-miete-2er-set-montageleisten-kauf-holz4060mm-l200-cm","8":"pa_montageleisten-kauf-miete-6er-set-montageleisten-kauf-holz4060mm-l200-cm","9":"pa_montageleisten-kauf-miete-12er-set-montageleisten-kauf-holz4060mm-l200-cm","10":"pa_montageleisten-kauf-miete-2er-set-montageleisten-kauf-holz4060mm-l300-cm","11":"pa_montageleisten-kauf-miete-6er-set-montageleisten-kauf-holz4060mm-l300-cm","12":"pa_montageleisten-kauf-miete-12er-set-montageleisten-kauf-holz4060mm-l300-cm","13":"pa_montageleisten-kauf-miete-2er-set-montageleisten-kauf-alu-qr402mm-l200-cm","14":"pa_montageleisten-kauf-miete-6er-set-montageleisten-kauf-alu-qr402mm-l200-cm","15":"pa_montageleisten-kauf-miete-12er-set-montageleisten-kauf-alu-qr402mm-l200-cm","16":"pa_montageleisten-kauf-miete-2er-set-montageleisten-kauf-alu-qr402mm-l300-cm","17":"pa_montageleisten-kauf-miete-6er-set-montageleisten-kauf-alu-qr402mm-l300-cm","18":"pa_montageleisten-kauf-miete-12er-set-montageleisten-kauf-alu-qr402mm-l300-cm","19":"pa_montageleisten-kauf-miete-2er-set-montageleisten-miete-alu-qr402mm-l200-cm","20":"pa_montageleisten-kauf-miete-6er-set-montageleisten-miete-alu-qr402mm-l200-cm","21":"pa_montageleisten-kauf-miete-12er-set-montageleisten-miete-alu-qr402mm-l200-cm","22":"pa_montageleisten-kauf-miete-2er-set-montageleisten-miete-alu-qr402mm-l300-cm","23":"pa_montageleisten-kauf-miete-6er-set-montageleisten-miete-alu-qr402mm-l300-cm","24":"pa_montageleisten-kauf-miete-12er-set-montageleisten-miete-alu-qr402mm-l300-cm","25":"pa_montageleisten-kauf-miete-versand-montageleisten-bis-l300cm-bis-12erset-pauschal","27":"first","28":"instock","29":"taxable","30":"shipping-taxable","31":"purchasable","32":"product-type-variable","33":"has-default-attributes","34":"no-featured-image"},"_links":{"self":[{"href":"https:\/\/bauschild-miete.de\/index.php?rest_route=\/wp\/v2\/product\/2234","targetHints":{"allow":["GET"]}}],"collection":[{"href":"https:\/\/bauschild-miete.de\/index.php?rest_route=\/wp\/v2\/product"}],"about":[{"href":"https:\/\/bauschild-miete.de\/index.php?rest_route=\/wp\/v2\/types\/product"}],"replies":[{"embeddable":true,"href":"https:\/\/bauschild-miete.de\/index.php?rest_route=%2Fwp%2Fv2%2Fcomments&post=2234"}],"wp:attachment":[{"href":"https:\/\/bauschild-miete.de\/index.php?rest_route=%2Fwp%2Fv2%2Fmedia&parent=2234"}],"wp:term":[{"taxonomy":"product_cat","embeddable":true,"href":"https:\/\/bauschild-miete.de\/index.php?rest_route=%2Fwp%2Fv2%2Fproduct_cat&post=2234"},{"taxonomy":"product_tag","embeddable":true,"href":"https:\/\/bauschild-miete.de\/index.php?rest_route=%2Fwp%2Fv2%2Fproduct_tag&post=2234"}],"curies":[{"name":"wp","href":"https:\/\/api.w.org\/{rel}","templated":true}]}}