{"id":16620,"date":"2024-03-18T12:11:43","date_gmt":"2024-03-18T11:11:43","guid":{"rendered":"https:\/\/bauschild-miete.de\/?post_type=product&#038;p=16620"},"modified":"2025-01-02T10:28:12","modified_gmt":"2025-01-02T09:28:12","slug":"step1-berechnung-bauschildgroesse-auswaehlen-und-kalkulieren","status":"publish","type":"product","link":"https:\/\/bauschild-miete.de\/?product=step1-berechnung-bauschildgroesse-auswaehlen-und-kalkulieren","title":{"rendered":"Step1: Berechnung Bauschildgr\u00f6\u00dfe ausw\u00e4hlen und kalkulieren"},"content":{"rendered":"<p><b class=\"\">Step1: Bauschildgr\u00f6\u00dfe ausw\u00e4hlen und kalkulieren.<\/b><\/p>\n<div class=\"\">Hier kalkulieren Sie selbst Ihr Bauschild. W\u00e4hlen Sie zuerst<\/div>\n<div class=\"\">&#8211; Ihr Bauschild-Material (Werbeplane oder 3mm Aluverbund) und<\/div>\n<div class=\"\">&#8211; und dann w\u00e4hlen Sie Ihre Bauschild-Gr\u00f6\u00dfe aus.<\/div>\n<div class=\"\"><\/div>\n<div class=\"\">Wenn Sie selber die Beschriftung erstellen m\u00f6chten, dann w\u00e4hlen Sie nichts aus und gehen direkt zu Step2.<\/div>\n<p><a href=\"https:\/\/bauschild-miete.de\/?product=step2-berechnung-entwurf-druckdaten-und-statikerstellung\" target=\"_blank\" rel=\"noopener\"><strong>Step2: Entwurf, Druckdaten, Statikerstellung<\/strong><\/a><\/p>\n","protected":false},"excerpt":{"rendered":"<p><b class=\"\">Step1: Bauschildgr\u00f6\u00dfe ausw\u00e4hlen und kalkulieren.<\/b><\/p>\n<div class=\"\">Hier kalkulieren Sie selbst Ihr Bauschild. W\u00e4hlen Sie zuerst<\/div>\n<div class=\"\">&#8211; Ihr Bauschild-Material (Werbeplane oder 3mm Aluverbund) und<\/div>\n<div class=\"\">&#8211; und dann w\u00e4hlen Sie Ihre Bauschild-Gr\u00f6\u00dfe aus.<\/div>\n<div class=\"\"><\/div>\n<div class=\"\">Wenn Sie selber die Beschriftung erstellen m\u00f6chten, dann w\u00e4hlen Sie nichts aus und gehen direkt zu Step2.<\/div>\n<p><a href=\"https:\/\/bauschild-miete.de\/?product=step2-berechnung-entwurf-druckdaten-und-statikerstellung\" target=\"_blank\" rel=\"noopener\"><strong><span style=\"color: #ff0000;\">Step2: Entwurf, Druckdaten, Statikerstellung<\/span><\/strong><\/a><\/p>\n","protected":false},"featured_media":13091,"comment_status":"closed","ping_status":"closed","template":"","meta":{"_links_to":"","_links_to_target":""},"product_cat":[1552],"product_tag":[],"class_list":{"0":"post-16620","1":"product","2":"type-product","3":"status-publish","4":"has-post-thumbnail","6":"product_cat-unkategorisiert","8":"first","9":"instock","10":"taxable","11":"shipping-taxable","12":"purchasable","13":"product-type-variable","14":"has-default-attributes","15":"has-featured-image","16":"portrait"},"_links":{"self":[{"href":"https:\/\/bauschild-miete.de\/index.php?rest_route=\/wp\/v2\/product\/16620","targetHints":{"allow":["GET"]}}],"collection":[{"href":"https:\/\/bauschild-miete.de\/index.php?rest_route=\/wp\/v2\/product"}],"about":[{"href":"https:\/\/bauschild-miete.de\/index.php?rest_route=\/wp\/v2\/types\/product"}],"replies":[{"embeddable":true,"href":"https:\/\/bauschild-miete.de\/index.php?rest_route=%2Fwp%2Fv2%2Fcomments&post=16620"}],"wp:featuredmedia":[{"embeddable":true,"href":"https:\/\/bauschild-miete.de\/index.php?rest_route=\/wp\/v2\/media\/13091"}],"wp:attachment":[{"href":"https:\/\/bauschild-miete.de\/index.php?rest_route=%2Fwp%2Fv2%2Fmedia&parent=16620"}],"wp:term":[{"taxonomy":"product_cat","embeddable":true,"href":"https:\/\/bauschild-miete.de\/index.php?rest_route=%2Fwp%2Fv2%2Fproduct_cat&post=16620"},{"taxonomy":"product_tag","embeddable":true,"href":"https:\/\/bauschild-miete.de\/index.php?rest_route=%2Fwp%2Fv2%2Fproduct_tag&post=16620"}],"curies":[{"name":"wp","href":"https:\/\/api.w.org\/{rel}","templated":true}]}}