{"id":12659,"date":"2023-07-10T15:23:36","date_gmt":"2023-07-10T13:23:36","guid":{"rendered":"https:\/\/bauschild-miete.de\/?post_type=product&#038;p=12659"},"modified":"2025-01-02T09:17:07","modified_gmt":"2025-01-02T08:17:07","slug":"step4-bauweise-fundament","status":"publish","type":"product","link":"https:\/\/bauschild-miete.de\/?product=step4-bauweise-fundament","title":{"rendered":"Step4: Berechnung Sandbox, Fundament oder Betonplatten"},"content":{"rendered":"<div class=\"\"><b class=\"\">Step4:\u00a0<\/b><b class=\"\">Berechnung Sandbox, Fundament oder Betonplatten<\/b><\/div>\n<p>W\u00e4hlen Sie je nach Bauuntergrund die gew\u00fcnschte Fundamentart aus.<br \/>\nEine Sandbox ist ideal. Sie kann auf nahezu jeden Untergrund aufgestellt werden.<br \/>\nSie verf\u00fcllen oder wir verf\u00fcllen die Sandbox zur Beschwerung mit Sand, Kies oder Steine.<\/p>\n<p>Sollten Sie ein Erd-Fundament bauseits selber erstellen k\u00f6nnen, buchen Sie unsere telefonische Einweisung, damit wir im 30 Minuten Telefonat Ihne wertvolle Tipps geben k\u00f6nnen. Oder wir erstellen das Erd-Fundament mit Bewehrung gem\u00e4\u00df Statik. Alternativ als Beschwerung zur Standsicherheit k\u00f6nnen Sie auch die Betonplatten als Fundamentgewicht ausw\u00e4hlen.<\/p>\n<p><strong><a href=\"https:\/\/bauschild-miete.de\/?product=step5-anlieferung-bauschild\" target=\"_blank\" rel=\"noopener\">Step5: Berechnung Anlieferung und ggf. Anfahrt Montageteam<\/a><\/strong><\/p>\n","protected":false},"excerpt":{"rendered":"<div class=\"\"><b class=\"\">Step4:\u00a0<\/b><b class=\"\">Berechnung Sandbox, Fundament oder Betonplatten<\/b><\/div>\n<p>W\u00e4hlen Sie je nach Bauuntergrund die gew\u00fcnschte Fundamentart aus.<br \/>\nEine Sandbox ist ideal. Sie kann auf nahezu jeden Untergrund aufgestellt werden.<br \/>\nSie verf\u00fcllen oder wir verf\u00fcllen die Sandbox zur Beschwerung mit Sand, Kies oder Steine.<\/p>\n<p>Sollten Sie ein Erd-Fundament bauseits selber erstellen k\u00f6nnen, buchen Sie unsere telefonische Einweisung, damit wir im 30 Minuten Telefonat Ihne wertvolle Tipps geben k\u00f6nnen. Oder wir erstellen das Erd-Fundament mit Bewehrung gem\u00e4\u00df Statik. Alternativ als Beschwerung zur Standsicherheit k\u00f6nnen Sie auch die Betonplatten als Fundamentgewicht ausw\u00e4hlen.<\/p>\n<p><strong><span style=\"color: #ff0000;\"><a style=\"color: #ff0000;\" href=\"https:\/\/bauschild-miete.de\/?product=step5-anlieferung-bauschild\" target=\"_blank\" rel=\"noopener\">Step5: Berechnung Anlieferung und ggf. Anfahrt Montageteam<\/a><\/span><\/strong><\/p>\n","protected":false},"featured_media":13094,"comment_status":"closed","ping_status":"closed","template":"","meta":{"_links_to":"","_links_to_target":""},"product_cat":[1552],"product_tag":[],"class_list":{"0":"post-12659","1":"product","2":"type-product","3":"status-publish","4":"has-post-thumbnail","6":"product_cat-unkategorisiert","8":"first","9":"instock","10":"taxable","11":"shipping-taxable","12":"purchasable","13":"product-type-variable","14":"has-default-attributes","15":"has-featured-image","16":"portrait"},"_links":{"self":[{"href":"https:\/\/bauschild-miete.de\/index.php?rest_route=\/wp\/v2\/product\/12659","targetHints":{"allow":["GET"]}}],"collection":[{"href":"https:\/\/bauschild-miete.de\/index.php?rest_route=\/wp\/v2\/product"}],"about":[{"href":"https:\/\/bauschild-miete.de\/index.php?rest_route=\/wp\/v2\/types\/product"}],"replies":[{"embeddable":true,"href":"https:\/\/bauschild-miete.de\/index.php?rest_route=%2Fwp%2Fv2%2Fcomments&post=12659"}],"wp:featuredmedia":[{"embeddable":true,"href":"https:\/\/bauschild-miete.de\/index.php?rest_route=\/wp\/v2\/media\/13094"}],"wp:attachment":[{"href":"https:\/\/bauschild-miete.de\/index.php?rest_route=%2Fwp%2Fv2%2Fmedia&parent=12659"}],"wp:term":[{"taxonomy":"product_cat","embeddable":true,"href":"https:\/\/bauschild-miete.de\/index.php?rest_route=%2Fwp%2Fv2%2Fproduct_cat&post=12659"},{"taxonomy":"product_tag","embeddable":true,"href":"https:\/\/bauschild-miete.de\/index.php?rest_route=%2Fwp%2Fv2%2Fproduct_tag&post=12659"}],"curies":[{"name":"wp","href":"https:\/\/api.w.org\/{rel}","templated":true}]}}