{"id":12497,"date":"2023-06-28T16:12:13","date_gmt":"2023-06-28T14:12:13","guid":{"rendered":"https:\/\/bauschild-miete.de\/?post_type=product&#038;p=12497"},"modified":"2025-01-02T10:56:38","modified_gmt":"2025-01-02T09:56:38","slug":"step6-montageteam","status":"publish","type":"product","link":"https:\/\/bauschild-miete.de\/?product=step6-montageteam","title":{"rendered":"Step6: Berechnung Aufbau, Montage, Werkzeug (ggf. Demontage)"},"content":{"rendered":"<p><b class=\"\">Step6: Berechnung Aufbau, Montage, Werkzeug (ggf. Demontage)<\/b><\/p>\n<p>Sie k\u00f6nnen das Bauschildsystem selber aufbauen oder Sie nutzen unser Montageteam. Vergessen Sie nicht unter Step5 auch die Anfahrt und sp\u00e4tere R\u00fcckfahrt des Montageteams auszuw\u00e4hlen. Im Preis sind auch bei gr\u00f6\u00dferen Bauschildsystemen f\u00fcr die Dauer der Montagezeit die Speesen, \u00dcbernachtung und Nebenkosten inkludiert.<\/p>\n","protected":false},"excerpt":{"rendered":"<p><b class=\"\">Step6: Berechnung Aufbau, Montage, Werkzeug (ggf. Demontage)<\/b><\/p>\n<p>Sie k\u00f6nnen das Bauschildsystem selber aufbauen oder Sie nutzen unser Montageteam. Vergessen Sie nicht unter Step5 auch die Anfahrt und sp\u00e4tere R\u00fcckfahrt des Montageteams auszuw\u00e4hlen. Im Preis sind auch bei gr\u00f6\u00dferen Bauschildsystemen f\u00fcr die Dauer der Montagezeit die Speesen, \u00dcbernachtung und Nebenkosten inkludiert.<\/p>\n","protected":false},"featured_media":13096,"comment_status":"closed","ping_status":"closed","template":"","meta":{"_links_to":"","_links_to_target":""},"product_cat":[1552],"product_tag":[],"class_list":{"0":"post-12497","1":"product","2":"type-product","3":"status-publish","4":"has-post-thumbnail","6":"product_cat-unkategorisiert","8":"first","9":"instock","10":"taxable","11":"shipping-taxable","12":"purchasable","13":"product-type-variable","14":"has-default-attributes","15":"has-featured-image","16":"portrait"},"_links":{"self":[{"href":"https:\/\/bauschild-miete.de\/index.php?rest_route=\/wp\/v2\/product\/12497","targetHints":{"allow":["GET"]}}],"collection":[{"href":"https:\/\/bauschild-miete.de\/index.php?rest_route=\/wp\/v2\/product"}],"about":[{"href":"https:\/\/bauschild-miete.de\/index.php?rest_route=\/wp\/v2\/types\/product"}],"replies":[{"embeddable":true,"href":"https:\/\/bauschild-miete.de\/index.php?rest_route=%2Fwp%2Fv2%2Fcomments&post=12497"}],"wp:featuredmedia":[{"embeddable":true,"href":"https:\/\/bauschild-miete.de\/index.php?rest_route=\/wp\/v2\/media\/13096"}],"wp:attachment":[{"href":"https:\/\/bauschild-miete.de\/index.php?rest_route=%2Fwp%2Fv2%2Fmedia&parent=12497"}],"wp:term":[{"taxonomy":"product_cat","embeddable":true,"href":"https:\/\/bauschild-miete.de\/index.php?rest_route=%2Fwp%2Fv2%2Fproduct_cat&post=12497"},{"taxonomy":"product_tag","embeddable":true,"href":"https:\/\/bauschild-miete.de\/index.php?rest_route=%2Fwp%2Fv2%2Fproduct_tag&post=12497"}],"curies":[{"name":"wp","href":"https:\/\/api.w.org\/{rel}","templated":true}]}}