{"id":12466,"date":"2022-02-23T11:10:09","date_gmt":"2022-02-23T10:10:09","guid":{"rendered":"https:\/\/bauschild-miete.de\/?post_type=product&#038;p=12466"},"modified":"2023-07-18T17:30:39","modified_gmt":"2023-07-18T15:30:39","slug":"mx1-4q-2020g4-b200xh200cm-bauschild-klappanhaenger-zum-kaufen","status":"publish","type":"product","link":"https:\/\/bauschild-miete.de\/?product=mx1-4q-2020g4-b200xh200cm-bauschild-klappanhaenger-zum-kaufen","title":{"rendered":"MT1 4Q 2020G4, B200xH200cm, Gesamt H400cm, Alu-Bauschild MobyXTrail &#8211; g\u00fcnstige mieten!"},"content":{"rendered":"<p>Die <strong>MobyXTrail<\/strong> Aluminiumbauschilder haben eine statisch gepr\u00fcfte silber-<br \/>\nfarbende Alu-Grund-Tr\u00e4gerkonstruktion. Sie l\u00e4sst sich je nach Bauschildgr\u00f6\u00dfe<br \/>\nindividuell und modular auf Ihr Wunschformat zusammen stellen.<br \/>\nDie Anlieferung der vorgebauten Alu-Tr\u00e4gerkonstruktion erfolgt mit einem Trailer,<br \/>\nso das Ihr Bauschild z\u00fcgig vor Ort aufgebaut werden kann.<br \/>\nDurch die Bauweise kann das Bauschild auch schnell vor Ort versetzt werden,<br \/>\nsofern dies sp\u00e4ter einmal notwendig scheint.<br \/>\nDas spart Zeit und Kosten, deswegen k\u00f6nnen wir so attraktiv anbieten.<\/p>\n<p>Das Gestell wird je nach Schildformatgr\u00f6\u00dfe ggf. mit zus\u00e4tzlichen Betonplatten<br \/>\nbeschwert, die wir mitbringen. Zus\u00e4tzlich lassen sich die seitlich aussteckbaren<br \/>\nStandsicherheitf\u00fcsse, je nach Bauschildgr\u00f6\u00dfe und bauseits vorhandenen<br \/>\nUntergrund, ausziehen. Das erh\u00f6ht die Standfestigkeit.<\/p>\n<p>Das <strong>MobyXTrail<\/strong> Bauschild wird bespannt mit einem soliden, wetterfesten PVC-<br \/>\nGewebetuch, die Beschriftung\/Bedruckung erfolgt von der gestalteten pdf Datei.<br \/>\nDie pdf Druckdaten k\u00f6nnnen Sie uns per mail zusenden.<br \/>\nSollten Sie keine pdf\/Druckdaten stellen k\u00f6nnen, nutzen Sie unseren g\u00fcnstigen<br \/>\nVorlagen\/Dateiservice. F\u00fcr geringe Kosten erstellen wir Ihnen eine druckfertige<br \/>\nDatei und senden Ihnen vor Druck einen Korrekturabzug zu.<\/p>\n<p>Die Lieferzeit von <strong>MobyXTrail<\/strong> ist je nach Buchung und Verf\u00fcgbarkeit kurzfristig.<br \/>\nMobyTrail eignet sich hervorragend f\u00fcr spontane und kurzfristige Bauschilder<br \/>\nf\u00fcr Bau- und Mietzeiten bis 12 Monaten, oder auch l\u00e4nger, sofern Sie g\u00fcnstige<br \/>\nLangzeittarife buchen m\u00f6chten. Die Mietzahlung ist einmalig im Voraus.<br \/>\nVerl\u00e4ngerungsmonate k\u00f6nnen nachgebucht werden.<\/p>\n<p>Individualberatung unter 0511\/9200 000 oder am besten Ihre Fragen oder<br \/>\nTerminw\u00fcnsche per mail an <a href=\"mailto:info@bauschild-miete.de\" target=\"_blank\" rel=\"noopener\">info@bauschild-miete.de<\/a> senden.<\/p>\n","protected":false},"excerpt":{"rendered":"<p>Mietbauschild MobiXTrail<br \/>\n&#8211; im Wunschformat<br \/>\n&#8211; f\u00fcr die ausgesuchte Erstmietzeit.<br \/>\n&#8211; Verl\u00e4ngerungsmonate nach Auswahl<br \/>\nincl. Anlieferung und Erstaufbau oder-<br \/>\n&#8211; sp\u00e4teres versetzen zzgl. Anfahrtskosten<br \/>\nnach Auswahl.<\/p>\n<p><span style=\"color: #ff0000;\"><strong>Zur Angebotserstellung:<br \/>\n<\/strong>Bitte auf den schwarzen <\/span><span style=\"color: #ff0000;\">Auswahlbalken<br \/>\nklicken und nach und nach die <\/span><br \/>\n<span style=\"color: #ff0000;\">gew\u00fcnschten Positionen in den Warenkorb<\/span><br \/>\n<span style=\"color: #ff0000;\">packen. Dann denn Warenkorb mit Ihrem<\/span><br \/>\n<span style=\"color: #ff0000;\">Browser ausdrucken &#8211; schon haben Sie Ihr Angebot!<br \/>\n<\/span><span style=\"color: #ff0000;\">Wenn Sie konkret bestellen m\u00f6chten,<\/span><br \/>\n<span style=\"color: #ff0000;\">senden Sie uns Ihre Auswahl im Warenkorb zu.<\/span><\/p>\n","protected":false},"featured_media":13127,"comment_status":"closed","ping_status":"closed","template":"","meta":{"_links_to":"","_links_to_target":""},"product_cat":[1404],"product_tag":[],"class_list":{"0":"post-12466","1":"product","2":"type-product","3":"status-publish","4":"has-post-thumbnail","6":"product_cat-bauschildanhaenger-mieten","7":"pa_bauschild-klappanhaenger-werbetafel-wetterfest-und-beschriftet-von-ihrer-fertigen-datei","8":"pa_bauschild-klappanhaenger-mindestmiete-4-wochen","9":"pa_bauschild-klappanhaenger-pauschale-6-monate","10":"pa_bauschild-klappanhaenger-verlaengerungsmonat","11":"pa_bauschild-klappanhaenger-pauschale-12-monate","12":"pa_bauschild-klappanhaenger-verlaengerungsmonat-ab-12-monat","13":"pa_bauschild-klappanhaenger-verlaengerungsmonat-ab-24-monat","14":"pa_bauschild-klappanhaenger-bis-100km-transport-ab-garbsen-anlieferung-oder-abholung-km-eine-strecke-siehe-google-maps","15":"pa_bauschild-klappanhaenger-ab-101km-transport-ab-garbsen-anlieferung-oder-abholung-ab-101km-je-weiterer-km","16":"pa_bauschild-klappanhaenger-montage-vor-ort-inkl-schild","17":"pa_bauschild-klappanhaenger-demontage-zerlegungabbau-zzgl-km-transportabholung","18":"pa_bauschild-klappanhaenger-standort-versetzen-demontagemontage-zzgl-km-anfahrt","20":"first","21":"instock","22":"taxable","23":"shipping-taxable","24":"purchasable","25":"product-type-variable","26":"has-default-attributes","27":"has-featured-image","28":"square"},"_links":{"self":[{"href":"https:\/\/bauschild-miete.de\/index.php?rest_route=\/wp\/v2\/product\/12466","targetHints":{"allow":["GET"]}}],"collection":[{"href":"https:\/\/bauschild-miete.de\/index.php?rest_route=\/wp\/v2\/product"}],"about":[{"href":"https:\/\/bauschild-miete.de\/index.php?rest_route=\/wp\/v2\/types\/product"}],"replies":[{"embeddable":true,"href":"https:\/\/bauschild-miete.de\/index.php?rest_route=%2Fwp%2Fv2%2Fcomments&post=12466"}],"wp:featuredmedia":[{"embeddable":true,"href":"https:\/\/bauschild-miete.de\/index.php?rest_route=\/wp\/v2\/media\/13127"}],"wp:attachment":[{"href":"https:\/\/bauschild-miete.de\/index.php?rest_route=%2Fwp%2Fv2%2Fmedia&parent=12466"}],"wp:term":[{"taxonomy":"product_cat","embeddable":true,"href":"https:\/\/bauschild-miete.de\/index.php?rest_route=%2Fwp%2Fv2%2Fproduct_cat&post=12466"},{"taxonomy":"product_tag","embeddable":true,"href":"https:\/\/bauschild-miete.de\/index.php?rest_route=%2Fwp%2Fv2%2Fproduct_tag&post=12466"}],"curies":[{"name":"wp","href":"https:\/\/api.w.org\/{rel}","templated":true}]}}