{"id":11790,"date":"2020-10-13T08:56:14","date_gmt":"2020-10-13T06:56:14","guid":{"rendered":"https:\/\/bauschild-miete.de\/?post_type=product&#038;p=11790"},"modified":"2021-03-25T15:00:25","modified_gmt":"2021-03-25T14:00:25","slug":"sandbox","status":"publish","type":"product","link":"https:\/\/bauschild-miete.de\/?product=sandbox","title":{"rendered":"Sandbox Holz\/Stahl"},"content":{"rendered":"<div class=\"\">Produktbeschreibung f\u00fcr eine Sandbox-Standfl\u00e4che von z.B. B250 x L300cm,<\/div>\n<div class=\"\">geeignet f\u00fcr ein Bauschild z.B. B300 x H300cm Gesamth\u00f6he H500cm.<\/div>\n<div class=\"\"><\/div>\n<div class=\"\">Wir liefern bundesweit Sandboxen f\u00fcr die einfache, schnelle<\/div>\n<div class=\"\">und g\u00fcnstige Erstellung von Fundamentbeschwerungen f\u00fcr nahezu jede Gr\u00f6\u00dfe<\/div>\n<div class=\"\">von Bauschildunterkonstruktionen.<\/div>\n<div class=\"\">\n<div class=\"\"><\/div>\n<div class=\"\">Zum fachgerechten Aufbau werden 2 Monteure ben\u00f6tigt, je nach Bauschild\/Unterkonstruktionsgr\u00f6\u00dfe<\/div>\n<div class=\"\">mehr Monteure zeitweilig zur Hilfe zu nehmen.<\/div>\n<div class=\"\"><\/div>\n<div class=\"\">Die Sandboxen werden werksseitig vor konfektioniert, das das Aufbauen auf der Baustelle<\/div>\n<div class=\"\">leicht, einfach und schnell erledigt werden kann. \u00c4hnlich eines IKEA-Aufbausatzes,\u2026.eben nur<\/div>\n<div class=\"\">etwas gr\u00f6\u00dfer. Genau das richtige f\u00fcr echte M\u00e4nner.<\/div>\n<div class=\"\"><\/div>\n<div class=\"\">Wahlweise k\u00f6nnen unsere Sandboxen auch vor Ort von unseren Monteuren fix und fertig aufgebaut werden<\/div>\n<div class=\"\">komplett mit der gesamten Bauschild-Unterkonstruktion und auch mit Ihren Schildern, die Sie,<\/div>\n<div class=\"\">wenn Sie z.B. Werbetechnik-Betrieb sind, lediglich bedruckt auf der Baustelle anliefern brauchen.<\/div>\n<div class=\"\"><\/div>\n<div class=\"\">Sie entscheiden als Kunde mit Ihrem Budget, wie weit wir Sie mit unseren Bauschildelementen und<\/div>\n<div class=\"\">Monteuren entlasten und Sie bei dem Projekt unterst\u00fctzen d\u00fcrfen<\/div>\n<div class=\"\"><\/div>\n<div class=\"\"><b class=\"\">1) Kalkulation der Anlieferung\u00a0<\/b><\/div>\n<div class=\"\">Die Anlieferung erfolgt bundesweit zum Selbstkostenpreis. Sie errechnen einfach die Lieferkosten<\/div>\n<div class=\"\">in dem Sie beim Artikel bei \u201eAusf\u00fchrung w\u00e4hlen\u201c von unserem Divisionsstandort zu Ihrer Baustelle die richtige<\/div>\n<div class=\"\">Preiskategorie ausw\u00e4hlen.<\/div>\n<div class=\"\"><u class=\"\">Bei der einfachen Lieferung<\/u> wird der Sandbox-Bausatz einfach per Fahrer mit Transporter bei ihnen auf der Baustelle<\/div>\n<div class=\"\">angeliefert. Sie oder Ihre Monteure helfen kurz 5 Minuten beim Abladen. Es erfolgt die \u00dcbergabe.<\/div>\n<div class=\"\">Sie erhalten bei Anlieferung (oder vorher per mail) die Aufbauanleitung und das<\/div>\n<div class=\"\">notwendige Schrauben-\/Verbindungs-\/Befestigungsmaterial der Lieferung beigelegt.<\/div>\n<div class=\"\"><\/div>\n<div class=\"\">Kompliziertes Montagewerkzeug wird nicht ben\u00f6tigt, jedoch sollten Ihre Monteure die Grundausstattung<\/div>\n<div class=\"\">wie Bohrer\/Schrauber\/Hammer\/Bits\/Knarrenkasten\/die passende Leiter oder Kleinger\u00fcst<\/div>\n<div class=\"\">und 2 rechte H\u00e4nde dabei haben. Viele Bauschilder haben eine max. H\u00f6he von 4, 5, 6 oder sogar 7 Meter,\u2026.<\/div>\n<div class=\"\">auch die sp\u00e4tere Schildmontage erfolgt meist mit Hilfe eines kleinen Rollger\u00fcstes.<\/div>\n<div class=\"\">Nach dem Abladen wird unser Fahrer wieder zur n\u00e4chsten Auslieferung losfahren.<\/div>\n<div class=\"\"><\/div>\n<div class=\"\">2) Montage der Sandbox und Unterkonstruktion<\/div>\n<div class=\"\"><\/div>\n<div class=\"\">Stapler o.\u00e4. wird nicht ben\u00f6tigt.<\/div>\n<div class=\"\"><\/div>\n<div class=\"\"><b class=\"\">Hier die Aufbaubeschreibung:<\/b><\/div>\n<div class=\"\">1)<\/div>\n<div class=\"\">Die 4 vorbereiteten Seitenteile der Sandbox<\/div>\n<div class=\"\">m\u00fcssen lediglich zusammen geschraubt werden.<\/div>\n<div class=\"\">Erstmal mit Unterfl\u00e4che nach oben, so das die Bodenplatten<\/div>\n<div class=\"\">aufgelegt und verschraubt werden k\u00f6nnen.<\/div>\n<div class=\"\">Danach Holzbox umdrehen, auf gerader vorbereiteter Fl\u00e4che ausrichten.<\/div>\n<div class=\"\">2)<\/div>\n<div class=\"\">Als n\u00e4chstes die senkrechten Standpfosten montieren, links rechts.<\/div>\n<div class=\"\">Alles ist vorgebohrt. Alle Schrauben liegen in T\u00fcte bei.<\/div>\n<div class=\"\">3)<\/div>\n<div class=\"\">\n<div class=\"\">Danach die schr\u00e4gen R\u00fcckenst\u00fctzen montieren, links rechts.<\/div>\n<div class=\"\">Alles ist vorgebohrt. Alle Schrauben liegen in T\u00fcte bei.<\/div>\n<\/div>\n<div class=\"\">4)<\/div>\n<div class=\"\">Danach die beiden Aussteifungskreuze ca. mittig f\u00fcr Standpfosten und<\/div>\n<div class=\"\">R\u00fcckenst\u00fctze montieren.<\/div>\n<div class=\"\">5)<\/div>\n<div class=\"\">Danach die 7 Quertr\u00e4ger UK (Lca. 298 cm) f\u00fcr das Bauschild (B300cm) montieren.<\/div>\n<div class=\"\">Abstand so w\u00e4hlen das es zu Ihrem Schild passt und die Abst\u00e4nde<\/div>\n<div class=\"\">in etwas gleich gro\u00df sind.<\/div>\n<div class=\"\">6)<\/div>\n<div class=\"\">Sandbox B250 x L 300 x H 50cm Ges. 3,75 kbm mit bauseitigen Sand oder Boden, Kies, Mineral<\/div>\n<div class=\"\">bef\u00fcllen. Das entspricht ca. bei 1,6 bis 1,8 to. kbm-Gewicht ca. 6,5 to. Beschwerung.<\/div>\n<div class=\"\">7)<\/div>\n<div class=\"\">Danach Werbeschild bis zum Format B3m x H3m montieren, GesamtH 5m<\/div>\n<div class=\"\"><\/div>\n<div class=\"\">Zum Aufbau ben\u00f6tigen Sie 2 kr\u00e4ftige M\u00e4nner oder 3 oder 4 weniger kr\u00e4ftige M\u00e4nner<\/div>\n<div class=\"\">sowie kleine Leiter, (zum Anbau der Werbeschilder kleines Ger\u00fcst)<\/div>\n<div class=\"\">Strom, Werkzeug u.a. Kreuzschlitz\/Bohrschrauber, sowie \u00fcblichen Knarrenkasten, Hammer,<\/div>\n<div class=\"\">und die beiliegende Aufbauanleitung sowie sch\u00f6nes Wetter.<\/div>\n<div class=\"\">Alles ist einfach und selbsterkl\u00e4rend.<\/div>\n<div class=\"\"><\/div>\n<\/div>\n","protected":false},"excerpt":{"rendered":"<div class=\"\">Die Sandbox ist eine Fundamentbeschwerung, die an Stelle eines im Erdboden verankerten Fundaments genutzt wird. Sie steht sandbeschwert auf der Oberfl\u00e4che und besticht dadurch durch eine einfache (De-) Montage, sowie ienem geringeren Arbeits- und Kostenverbund.<\/div>\n","protected":false},"featured_media":11792,"comment_status":"closed","ping_status":"closed","template":"","meta":{"_links_to":"","_links_to_target":""},"product_cat":[40,509,510,490],"product_tag":[1349,1348,1442,1350],"class_list":{"0":"post-11790","1":"product","2":"type-product","3":"status-publish","4":"has-post-thumbnail","6":"product_cat-bauschilder-all-in","7":"product_cat-bauschilder-schildgroesse-bis-h300cm-ges-h500-cm","8":"product_cat-bauschilder-schildgroesse-ab-h301cm-ges-ab-h501-cm","9":"product_cat-sandboxfundament","10":"product_tag-bauschild","11":"product_tag-fundament","12":"product_tag-kleine-und-grosse-gewerkeschilder","13":"product_tag-sandbox","14":"pa_sandbox-variationen-holz","15":"pa_sandbox-variationen-holz-2","16":"pa_sandbox-variationen-stahl","17":"pa_sandbox-variationen-stahl-2","19":"first","20":"instock","21":"taxable","22":"shipping-taxable","23":"purchasable","24":"product-type-variable","25":"has-default-attributes","26":"has-featured-image","27":"square"},"_links":{"self":[{"href":"https:\/\/bauschild-miete.de\/index.php?rest_route=\/wp\/v2\/product\/11790","targetHints":{"allow":["GET"]}}],"collection":[{"href":"https:\/\/bauschild-miete.de\/index.php?rest_route=\/wp\/v2\/product"}],"about":[{"href":"https:\/\/bauschild-miete.de\/index.php?rest_route=\/wp\/v2\/types\/product"}],"replies":[{"embeddable":true,"href":"https:\/\/bauschild-miete.de\/index.php?rest_route=%2Fwp%2Fv2%2Fcomments&post=11790"}],"wp:featuredmedia":[{"embeddable":true,"href":"https:\/\/bauschild-miete.de\/index.php?rest_route=\/wp\/v2\/media\/11792"}],"wp:attachment":[{"href":"https:\/\/bauschild-miete.de\/index.php?rest_route=%2Fwp%2Fv2%2Fmedia&parent=11790"}],"wp:term":[{"taxonomy":"product_cat","embeddable":true,"href":"https:\/\/bauschild-miete.de\/index.php?rest_route=%2Fwp%2Fv2%2Fproduct_cat&post=11790"},{"taxonomy":"product_tag","embeddable":true,"href":"https:\/\/bauschild-miete.de\/index.php?rest_route=%2Fwp%2Fv2%2Fproduct_tag&post=11790"}],"curies":[{"name":"wp","href":"https:\/\/api.w.org\/{rel}","templated":true}]}}