{"id":10502,"date":"2019-04-02T12:30:28","date_gmt":"2019-04-02T10:30:28","guid":{"rendered":"http:\/\/bauschild-miete.de\/?product=bauschild-b200-x-h500-cm-gesamthoehe-700cm-2"},"modified":"2020-02-06T14:17:32","modified_gmt":"2020-02-06T13:17:32","slug":"bauschild-b200-x-h500-cm-gesamthoehe-700cm-2","status":"publish","type":"product","link":"https:\/\/bauschild-miete.de\/?product=bauschild-b200-x-h500-cm-gesamthoehe-700cm-2","title":{"rendered":"Bauschild B200 x H500 cm Gesamth\u00f6he: 700cm"},"content":{"rendered":"<p><strong>Das Basisbauschild:<\/strong><br \/>\nbesteht aus einem wetterfest beschrifteten 3mm Aluverbundschild sowie einer<br \/>\nstandsicheren Holz-Unterkonstruktion, komplett mit Aufbauanleitung zum<br \/>\nSelberaufbau, ab Werk Garbsen oder Vertriebsdivision in Ihrer N\u00e4he:<br \/>\n(Adressen der Divisionen anfordern \u00fcber\u00a0<a title=\"Hier fordern Sie die Liste der Vertriebsdivisionen an.\" href=\"mailto:info@bauschild-miete.de\" target=\"_blank\">info@bauschild-miete.de<\/a>).<br \/>\n<strong>Die Basismiete umfasst 6 Mietmonate.<\/strong><\/p>\n<p><strong>Sonderma\u00dfe und Gewerkeschilder:<br \/>\n<\/strong>Bei abweichenden, bauseits bedingten Sonderma\u00dfen sowie zus\u00e4tzlich geplanten<br \/>\nGewerkeschildern w\u00e4hlen Sie immer das n\u00e4chst gr\u00f6\u00dfere Bauschild-Modell,<br \/>\nwelches Ihr Sonderma\u00df inkl. aller Gewerkeschilder von der Werbefl\u00e4che<br \/>\nbeinhaltet. Berechnungsgrundlage ist immer die Gesamtwerbefl\u00e4che mit allen<br \/>\nZusatzschildern, somit das jeweilige qm Fl\u00e4chenma\u00df des Schildes.<\/p>\n<p><strong>Mietverl\u00e4ngerung:<\/strong><br \/>\nSie haben die M\u00f6glichkeit die Bauschildmiete zu verl\u00e4ngern, einfach die Anzahl<br \/>\nder zus\u00e4tzlichen Verl\u00e4ngerungsmiete im Warenkorb anklicken, oder<br \/>\nSie buchen die g\u00fcnstige 6 Monate Mietverl\u00e4ngerung gleich mit.<\/p>\n<p><strong>Lieferung oder Aufbau-\/Montageservice? Sie w\u00e4hlen!<\/strong><br \/>\nDie Lieferkosten bis 100KM sind pauschal fix. Einfach im Warenkorb ausw\u00e4hlen.<br \/>\nF\u00fcr bundesweite Auslieferungen berechnen Sie die Mehr-Lieferkosten einfach<br \/>\ndurch Anzahl der KM nach google.maps und tragen zur Preisberechnung dieses<br \/>\nKM-Anzahl unter &#8222;Aufpreis f\u00fcr Anlieferung \u00fcber 101 km&#8220; zus\u00e4tzlich in den<br \/>\nWarenkorb ein. So erhalten Sie den Gesamtlieferpreis. Oder Sie holen bei uns ab.<br \/>\nDie Lieferung umfasst nur das Abladen an der Baustelle.<\/p>\n<p>Den Montagepreis w\u00e4hlen Sie so aus, wie Sie diesen ben\u00f6tigen.<br \/>\n<strong>Die Anreisekosten f\u00fcr den Montageservice<\/strong> kalkulieren Sie auch wie zuvor<br \/>\nbeschrieben, denn auch die Monteure reisen zu Ihnen an, um die Montage<br \/>\nzu realisieren.<\/p>\n<p><strong>Art der Montage \/ Demontage:<\/strong><br \/>\nDer Bauschildaufbau erfolgt in der Regel mit Erdmontage, d.h. die Befestigung der<br \/>\nStandst\u00fctzen als auch die r\u00fcckw\u00e4rtige Abst\u00fctzung erfolgt im Erdreich.<br \/>\nSie k\u00f6nnen w\u00e4hlen zwischen Erdfundamenten, oben liegenden Fundamenten<br \/>\noder die spezielle Sandbox, die einfach aufzubauen ist und mit Sand\/Erdreich<br \/>\nvor Ort aufgef\u00fcllt wird. So erh\u00e4lt diese das Fundamentgewicht.<br \/>\nDie Demontage k\u00f6nnen selber ausf\u00fchren, oder Sie buchen die Demontage.<br \/>\nDie Anreisekosten zur Demontage kalkulieren Sie wie zuvor beschrieben.<\/p>\n<p><strong>Fundamente oder Sandbox:<br \/>\n<\/strong>In der Basismontage sind Erdfundamente im normal zu schachtenen Untergrund<br \/>\nenthalten. D.h. der Boden sollte normal gewachsen sein, keine Steine, keine<br \/>\nBetonkl\u00f6tze\/Bauschutt oder Kabeltrassen sollten beim Schachten anzutreffen<br \/>\nsein! Sollten Sie ausversehen falsche Angaben zum Baugrund machen,<br \/>\nsind wir gezwungen, den Mehr-Stundenaufwand f\u00fcr das erschwerte Schachten<br \/>\nim Nachweis zu berechnen (Lohnstunde pro Mann 45,00 \u20ac zzgl. Mwst.).<br \/>\nKann bauseits nur ein Untergrund mit Mineral, Bauschutt oder ein verdichteter<br \/>\nUntergrund gestellt werden, oder ein befestigter Untergrund wie z.B.<br \/>\nBetonpflaster, Asphalt oder kein tragbarer Boden als Standplatz f\u00fcr das<br \/>\nBauschild ausgewiesen werden, ist von Ihnen schon bei der Bestellung<br \/>\n<strong>vorher<\/strong> schriftlich darauf hinzuweisen!<br \/>\nF\u00fcr problematische Untergr\u00fcnde bieten wir unser Sandbox als<br \/>\nFundamentgewicht an. Auch Fundamentkl\u00f6tze oberhalb sind m\u00f6glich.<\/p>\n<p><strong>Sandbox oder Betonplatten als Fundamentgewicht: <\/strong><br \/>\nBei nicht schachtf\u00e4higen Untergrund empfehlen wir unsere Sandbox oder<br \/>\nBetonplatten als Fundamentgewicht, welches Sie bitte dazu buchen.<br \/>\nDie Sandbox besteht aus einem speziell konstruierten Holzkasten, der mit<br \/>\nder Standkonstruktion verschraubt wird, und\u00a0der mit Sand\/Boden\/Kies<br \/>\nals Fundamentgewicht vor Ort auf der Baustelle, bauseits mit z.B. Radlader,<br \/>\nverf\u00fcllt wird. Die Verf\u00fcllung bieten wir sep. an.<br \/>\nBitte informieren Sie uns \u00fcber Ihre M\u00f6glichkeiten vor Ort.<br \/>\nDie Beschwerung mit Betonplatten als Fundamentgewicht inkl. Anlieferung<br \/>\nund Verlegung ist optional auch m\u00f6glich, ist aber aufwendiger, da mit Kranwagen<br \/>\nund schweren Betonkl\u00f6tzen zum Bauschildaufstellort angereist werden muss.<\/p>\n<p><strong>Holz- oder Stahl-Unterkonstruktion:<br \/>\n<\/strong>Am g\u00fcnstigsten sind Holzschildbauschilder mit einem Aluverbund-Werbeschild.<br \/>\nDiese sind wetterfest und v\u00f6llig ausreichend.<br \/>\nJe nach Gestaltungswunsch oder bei Wiederverwendung des Bauschildes f\u00fcr<br \/>\nz.B. Baufirmen, bieten wir alle Bauschildgr\u00f6\u00dfen auch mit Stahlkonstruktion an.<br \/>\nSie oder der Bauherr entscheiden, welches Bauschildsystem zur Umsetzung<br \/>\nkommen soll. Stahlkonstrukte kosten mehr als Holzunterkonstruktionen.<br \/>\nDie Aufpreise k\u00f6nnen Sie im Warenkorb zum Selbstkostenpreis dazu klicken.<\/p>\n<p><strong>Statik \/ Standsicherheitsnachweis:<\/strong><br \/>\nAlle Bauschilder ben\u00f6tigen einen statischen Nachweis. Diesen w\u00e4hlen Sie bitte<br \/>\nals Einzelstatik f\u00fcr Ihr Bauschild-Bauvorhaben mit in den Warenkorb aus.<br \/>\nBitte geben Sie uns die Region\/Standort des Bauschildes auf,\u00a0damit<br \/>\npassend zur Windlastzone eine Einzelstatik f\u00fcr Ihr Bauschild erstellt wird.<\/p>\n<p><strong>Vorentwurf\/Druckdaten:<\/strong><br \/>\nWir produzieren das Bauschild von Ihrer druckfertigen pdf. Sollten Sie einen sep.<br \/>\nVorentwurf ben\u00f6tigen, erstellen wir diesen nach Ihren Vorgaben zum g\u00fcnstigen<br \/>\nPauschalpreis. Buchen Sie den gew\u00fcnschten Vorentwurf einfach bei Ihrer<br \/>\nBestellung gleich mit.<br \/>\nDer Vorentwurf wird von versierten Grafik-\/Mediendesignern erstellt und umfasst<br \/>\ndie Bauschildzeichnung, Front- und Seitenansicht sowie das Layout der zu<br \/>\nbedruckenden Bauschildtafel, sofern von Ihnen die Gestaltungselemente wie<br \/>\nLogo\/Schriftzug\/Bild und Textangaben bei Bestellung Vorentwurf uns per mail<br \/>\n\u00fcbermittelt wurden. Die Arbeiten des Vorentwurfes sind nach Zusenden per mail<br \/>\nzu Ihnen abgeschlossen. Wenn Sie mehrere Vorentw\u00fcrfe ben\u00f6tigen,<br \/>\nk\u00f6nnen Sie diese in Ihrer notwendigen Anzahl dazu buchen.<\/p>\n<p>Nach R\u00fcckmail\/Vorlage des Vorentwurfes zu uns und Ihren danach<br \/>\nauszuf\u00fchrenden \u00c4nderungsw\u00fcnschen erhalten Sie ein Angebot zur<br \/>\nReinentwurfserstellung sowie der Druckvorlagenerstellung (die Druckdaten).<br \/>\nDiese Druckdaten werden extra berechnet und werden Ihnen nach<br \/>\nVorentwurfserstellung sep. mitgeteilt, wenn der Arbeitsumfang fest steht.<br \/>\n<span style=\"color: #ff0000;\"><strong>Stellen Sie uns druckfertige Dateien als pdf.,<\/strong><\/span><br \/>\n<span style=\"color: #ff0000;\"><strong> entstehen keine Vorentwurfs-\/Druckdateikosten.<\/strong><\/span><\/p>\n<p><strong>Unterhaltung Bauschild &#8211; Service -Wartung:<br \/>\n<\/strong>Jeder Bauherr hat die Sorgfaltspflicht sein Bauvorhaben zu sichern und zu warten.<br \/>\nDies gilt insbesondere f\u00fcr Bauschilder. Sollten Sie zus\u00e4tzlich eine<br \/>\nUnterhaltung\/Kontrolle und Sichtpr\u00fcfung mit ggf. Ergreifung kleiner<br \/>\nSofortma\u00dfnahmen (bis 15min. von einer Person auszuf\u00fchren) w\u00fcnschen, bieten<br \/>\nwir eine monatliche &#8222;Kontrollanfahrt mit Sichtpr\u00fcfung und Bilddokumentation zur<br \/>\nUnterhaltung&#8220; an. Sonderleistungen sind darin nicht includiert.<br \/>\nDie Kontrollfahrt dient lediglich der Kontrolle und Erfassung von den Ma\u00dfnahmen<br \/>\ndie n\u00f6tig scheinen, sofern eine Verbesserung notwendig ist. \u00dcber weitere zu<br \/>\nergreifende Ma\u00dfnahmen werden Sie schriftlich unterrichtet\/benachrichtigt<br \/>\nund\u00a0erhalten Vorschl\u00e4ge\/Angebote zur sp\u00e4teren Umsetzung nach Ihrer Wahl.<\/p>\n<p><strong>Kauf:<br \/>\n<\/strong>Alle Bauschildvarianten bieten wir optional zum Kauf an.<br \/>\nBei Langzeitmieten von deutlich \u00fcber 12 Monaten kann ein Kauf wirtschaftlicher<br \/>\nsein, wenn die Langzeitverwendung des Bauschildes geplant ist.<br \/>\nBaufirmen, Planungsb\u00fcros, Architekten, Werbefirmen und alle die regelm\u00e4ssig<br \/>\nBauschilder ben\u00f6tigen, k\u00f6nnen all unsere Bauschildsysteme modular kaufen und<br \/>\nlangfristig verwenden.<\/p>\n<p><strong>Zahlung Erstauftrag:<\/strong><br \/>\n50% bei Auftragserteilung\/Auftragsannahme sowie Restzahlung wenn der<br \/>\nZuschnitt f\u00fcr das Bauschildprojekt erfolgt ist und die unmittelbare Montage<br \/>\nbevorsteht. Die Lieferf\u00e4higkeit wird mit Fotos dokumentiert und Ihnen zugemailt.<br \/>\nBei Folgeauftrag \/ Mietverl\u00e4ngerung wird die Zahlung f\u00fcr die geplante Mietzeit<br \/>\nimmer im Voraus f\u00e4llig.<\/p>\n<p><strong><span style=\"color: #ff0000;\">So stellen Sie sich Ihr Angebot oder Auftrag im Warenkorb zusammen.<\/span><br \/>\n<\/strong>Klicken Sie:<br \/>\na) auf den schwarzen Auswahlbalken mit weisser Schrift , dort steht<br \/>\n<strong><em>\u201cMiete 6 Monate, Holz-Unter\u2026\u201d <\/em><\/strong>oder \u00e4hnlich&#8230;.<em><\/em><strong><em><br \/>\n<\/em><\/strong>und<br \/>\n<strong>b) w\u00e4hlen Sie <span style=\"text-decoration: underline;\">nach und nach<\/span> <\/strong>das f\u00fcr Sie passende Dienstleistungs- oder<br \/>\nbauschild-miete-Produktpaket aus (anklicken) &#8211; der jeweilige Preis wird dann<br \/>\nangezeigt, um den ausgew\u00e4hlten Artikel dann\u00a0<strong><em>\u201cIn den Warenkorb\u201d<\/em><\/strong>\u00a0zu packen.<\/p>\n<p>Mit Hilfe des gr\u00fcnen Buttons \u201cWarenkorb anzeigen\u201d finden Sie Ihre Auswahl<br \/>\nim Warenkorb \u00fcbersichtlich zusammen gestellt.<br \/>\nSie k\u00f6nnen Ihren Warenkorb als Angebot\/\u00dcbersicht \u00fcber Ihren Browser<br \/>\nausdrucken oder als Bestellung an uns absenden.<br \/>\nWir nehmen dann Kontakt zu Ihnen auf.<br \/>\nSie kaufen bei uns auf Rechnung, zahlen bequem per \u00dcberweisung oder<br \/>\n\u00fcber unseren Warenkorb. So wie Sie es m\u00f6chten.<\/p>\n<p><strong><span style=\"color: #ff0000;\">Wir freuen uns auf Ihre Auswahl! Ihr bauschild-miete-Team.<\/span><\/strong><\/p>\n<p>Desweiteren gelten unsere\u00a0<a title=\"Link zum Thema AGBs\" href=\"https:\/\/bauschild-miete.de\/?page_id=874\" target=\"_blank\"><strong>Allgemeinen Gesch\u00e4ftsbedingungen<\/strong><\/a><br \/>\ndie mit der Bestellung vom Auftraggeber anerkannt werden.<\/p>\n","protected":false},"excerpt":{"rendered":"<p><strong>Wetterfestes Bauschild als Selbstbausatz oder<br \/>\nkomplett aufgebaut &#8211; Sie haben die<\/strong> <strong>Wahl!<\/strong><br \/>\nSpeziell f\u00fcr Wiederverk\u00e4ufer, Werbetechnikfirmen,<br \/>\nBauplaner, Baufirmen und Architekturb\u00fcros:<br \/>\nincl. 3mm 4-fbg. beschriftete Aluverbundtafel von Ihrer Datei<br \/>\nincl. Bauschildunterkonstruktion mit Schild UK 700 cm<br \/>\nincl. Aufbauanleitung zur Selbstmontage<br \/>\n<strong>Optional:<\/strong> mit Anlieferung, mit Aufbau-Montage,<br \/>\nmit Fundament oder mit Sandbox, auch mit StahlUK<br \/>\nalles nach Wahl, auch Kauf m\u00f6glich!<br \/>\nLieferung oder mit Aufbau bundes-\/europaweit.<\/p>\n<p><a href=\"https:\/\/bauschild-miete.de\/wp-content\/uploads\/2019\/04\/Bauschildzeichnung.jpg\" target=\"_blank\"><img decoding=\"async\" class=\"alignnone size-full wp-image-11745\" alt=\"Bauschildzeichnung\" src=\"https:\/\/bauschild-miete.de\/wp-content\/uploads\/2019\/04\/Bauschildzeichnung.jpg\" width=\"1900\" height=\"1388\" srcset=\"https:\/\/bauschild-miete.de\/wp-content\/uploads\/2019\/04\/Bauschildzeichnung.jpg 986w, https:\/\/bauschild-miete.de\/wp-content\/uploads\/2019\/04\/Bauschildzeichnung-745x544.jpg 745w, https:\/\/bauschild-miete.de\/wp-content\/uploads\/2019\/04\/Bauschildzeichnung-300x219.jpg 300w, https:\/\/bauschild-miete.de\/wp-content\/uploads\/2019\/04\/Bauschildzeichnung-1024x748.jpg 1024w\" sizes=\"(max-width: 1900px) 100vw, 1900px\" \/><\/a><br \/>\n<span style=\"color: #ff0000;\"><strong>So stellen Sie sich Ihr Angebot zusammen:<\/strong><\/span><br \/>\nSchwarzen Balken mit wei\u00dfen Beschreibungstext anklicken,<br \/>\n<strong>Auswahl nach und nach in den Warenkorb packen.<br \/>\n<\/strong>Anzahl Mietmonate, Anlieferung etc. im Auswahlfeld w\u00e4hlen.<strong><br \/>\n<span style=\"color: #ff0000;\">Warenkorb \u00f6ffnen und mit Ihrem Browser ausdrucken.<br \/>\n<span style=\"color: #339966;\">Sie k\u00f6nnen jedes Format \/jeden Preis selber kalkulieren!<br \/>\n<\/span><\/span><\/strong><span style=\"color: #ff0000;\"><span style=\"color: #339966;\"><span style=\"color: #000000;\">Sie bestellen \u00fcber den Warenkorb und haben die Wahl:<\/span><\/span><\/span><span style=\"color: #ff0000;\"><span style=\"color: #339966;\"><br \/>\n<span style=\"color: #000000;\">&#8211; Kauf auf Rechnung oder mit PayPal oder Sofort\u00fcberweisung.<\/span><\/span><\/span><br \/>\n<strong><\/strong><strong> <\/strong><\/p>\n","protected":false},"featured_media":10526,"comment_status":"closed","ping_status":"closed","template":"","meta":{"_links_to":"","_links_to_target":""},"product_cat":[40,510],"product_tag":[],"class_list":{"0":"post-10502","1":"product","2":"type-product","3":"status-publish","4":"has-post-thumbnail","6":"product_cat-bauschilder-all-in","7":"product_cat-bauschilder-schildgroesse-ab-h301cm-ges-ab-h501-cm","8":"pa_bauschild-auswahl-miete-6-monate-holz-unterkonstruktion-incl-schild-ohne-aufbau-ab-werkdivision","9":"pa_bauschild-auswahl-aufpreis-miete-stahl-unterkonstruktion-statt-holzunterkonstruktion","10":"pa_bauschild-auswahl-kauf-holz-unterkonstruktion-incl-schild-ohne-aufbau-ab-werk-division","11":"pa_bauschild-auswahl-kauf-stahl-unterkonstruktion-incl-schild-ohne-aufbau-ab-werk-division","12":"pa_bauschild-auswahl-aufpreis-verlaengerungsmiete-stahlholzalu-uk-je-angef-monat","13":"pa_bauschild-auswahl-aufpreis-6-monate-verlaengerungsmiete-stahlholzalu-uk-pauschal","14":"pa_bauschild-auswahl-aufpreis-anlieferung-oder-abholung-bis-100km-ab-werk-division-ohne-montage-nur-abladen-pauschal","15":"pa_bauschild-auswahl-aufpreis-anlieferung-oder-abholung-aller-mehrkm-ab-101-km-je-weitere-km","16":"pa_bauschild-auswahl-aufpreis-montage-unterkonstruktion-mit-erdmont-optional-sandbox-bis-25km-ab-werk-garbsen","17":"pa_bauschild-auswahl-aufpreis-anfahrt-montageteam-oder-demontage-ab-101km-ab-werkdivision-km-nach-google-maps-je-km","18":"pa_bauschild-auswahl-aufpreis-miete-sandbox-statt-erdfundament","19":"pa_bauschild-auswahl-aufpreis-fuellung-sandbox-bei-montage-mit-sandkies-incl-verfuellung","20":"pa_bauschild-auswahl-aufpreis-betonplatten-mieteanlieferungverlegungrueckholung-bis-100km-pauschal","21":"pa_bauschild-auswahl-versand-schild-oder-unterkonstruktion-oder-sandbox-bundesweit-je","22":"pa_bauschild-auswahl-aufpreis-betonplatten-anlieferung-oder-abholung-pro-mehrkm-ab-100km-anfahrt-oder-rueckholung-je-km","23":"pa_bauschild-auswahl-aufpreis-gesonderte-einzelstatik-fuer-standort-je","24":"pa_bauschild-auswahl-aufpreis-gesonderter-vorentwurflayout-der-ausfuehrung-je","25":"pa_bauschild-auswahl-aufpreis-fuer-druckdatenerstellung-wenn-vorentwurf-frei-gegeben-je-motiv-15000e","26":"pa_bauschild-auswahl-aufpreis-unterhaltungservicewartungmtl-kontrolle-incl-kontrollanfahrt-bis-100km-je-monat","27":"pa_bauschild-auswahl-kauf-sandbox-aus-holz-als-fundamentgewicht-ohne-gewicht-fuellmaterial-je-sandbox","28":"pa_bauschild-auswahl-kauf-betonplatten-als-fundamentgewicht-zum-auflegen-anzahl-nach-statik-ab-werk-division","29":"pa_bauschild-auswahl-lohnkosten-sonderleistung-mehraufwand-z-b-schlachtung-regiekosten-etc-pro-mannpro-stunde-4500e","30":"pa_bauschild-auswahl-versand-schild-oder-unterkonstruktion-oder-sandbox-bundesweit-je-2","32":"first","33":"instock","34":"taxable","35":"shipping-taxable","36":"purchasable","37":"product-type-variable","38":"has-featured-image","39":"portrait"},"_links":{"self":[{"href":"https:\/\/bauschild-miete.de\/index.php?rest_route=\/wp\/v2\/product\/10502","targetHints":{"allow":["GET"]}}],"collection":[{"href":"https:\/\/bauschild-miete.de\/index.php?rest_route=\/wp\/v2\/product"}],"about":[{"href":"https:\/\/bauschild-miete.de\/index.php?rest_route=\/wp\/v2\/types\/product"}],"replies":[{"embeddable":true,"href":"https:\/\/bauschild-miete.de\/index.php?rest_route=%2Fwp%2Fv2%2Fcomments&post=10502"}],"wp:featuredmedia":[{"embeddable":true,"href":"https:\/\/bauschild-miete.de\/index.php?rest_route=\/wp\/v2\/media\/10526"}],"wp:attachment":[{"href":"https:\/\/bauschild-miete.de\/index.php?rest_route=%2Fwp%2Fv2%2Fmedia&parent=10502"}],"wp:term":[{"taxonomy":"product_cat","embeddable":true,"href":"https:\/\/bauschild-miete.de\/index.php?rest_route=%2Fwp%2Fv2%2Fproduct_cat&post=10502"},{"taxonomy":"product_tag","embeddable":true,"href":"https:\/\/bauschild-miete.de\/index.php?rest_route=%2Fwp%2Fv2%2Fproduct_tag&post=10502"}],"curies":[{"name":"wp","href":"https:\/\/api.w.org\/{rel}","templated":true}]}}