{"id":840,"date":"2013-09-30T08:10:06","date_gmt":"2013-09-30T06:10:06","guid":{"rendered":"http:\/\/actionpromotion.de\/?page_id=840"},"modified":"2016-10-06T17:41:56","modified_gmt":"2016-10-06T15:41:56","slug":"projektierung","status":"publish","type":"page","link":"https:\/\/bauschild-miete.de\/?page_id=840","title":{"rendered":"Projektierung"},"content":{"rendered":"<div>\n<p><strong>Was eigentlich ist ein Projekt?<\/strong><br \/>\nEin Projekt ist was f\u00fcr Unternehmer die was unternehmen!<\/p>\n<p>Die Ausgangsbasis:\u00a0\u00a0 <strong>Sie haben eine Idee!<\/strong><br \/>\nErstmal ist es nur ein Gedanke in Ihrem Kopf, der umher geistert.<br \/>\nDoch was kommt dann?<br \/>\nWenn Ihre ersten Gedanken sortiert sind und fest steht, das aus Ihrer Idee<br \/>\nnun eine\u00a0Produktion erfolgen soll, ist es meist notwendig, sich mit der<br \/>\nUmsetzung dieses Vorhabens n\u00e4her zu besch\u00e4ftigt.<\/p>\n<p><strong>Nur dann entstehen\u00a0Fakten und Ergebnisse<\/strong>\u00a0wie die Realisierung<br \/>\nIhrer Vision aussehen kann und was die Umsetzung Ihrer Idee und die<br \/>\nnotwendige technischen Produktion final kosten wird.<\/p>\n<p><strong>Nun gibt es f\u00fcr Sie 2 M\u00f6glichkeiten Ihr Projektziel zu erreichen:<\/strong><br \/>\nVersion a) oder b), Sie haben stets die Wahl.<br \/>\n<strong>a) Sie bearbeiten den Vorgang m\u00f6glichst selber ab<\/strong>, um genau zum<br \/>\ngew\u00fcnschten Ergebnis zu\u00a0kommen,\u00a0sofern Sie das Wissen und die technischen<br \/>\nVoraussetzungen daf\u00fcr haben. Oder,<br \/>\nSie deligieren den Job intern bei sich im Unternehmen, nach dem Motto<br \/>\n\u201c\u2026das kriegen wir schon irgendwie hin\u2026\u201d. \u00a0Evtl. werden Sie mit\u00a0Hilfe<br \/>\nvon viel Zeiteinsatz und Ausprobieren brauchbare Ergebnis produzieren,<br \/>\noder auch nicht. Aber vermutlich googlen Sie und informieren sich,<br \/>\nvielleicht sind Sie auch so auf unsere webseite gestossen.\u00a0Wir helfen gern!<\/p>\n<p><strong>Bei uns werden Sie auch ohne externe Projektierung schnell in unserem<br \/>\nShop f\u00fcndig. Sie suchen sich einfach alles selbst zusammen was<br \/>\nben\u00f6tigt wird und packen die vorbereiteten\u00a0Shop-Produkte,<br \/>\ndie alle modular aufgebaut sind, nach und nach in den Warenkorb.<br \/>\nDas ist schnell und g\u00fcnstig!<br \/>\n<\/strong>oder, Ihr Vorhaben ist doch etwas komplexer oder indvidueller?,<br \/>\ndann wird vermutlich Variante b) zutreffen:<\/p>\n<p><strong>b) Sie suchen sich einen Projektierer,<\/strong> der Ihrer Aufgabe gerecht wird.<br \/>\nDenn irgend jemand wird und muss sich weitere konzeptionelle Gedanken<br \/>\nmachen, Ihr Projekt soweit vorzubereiten, das die sp\u00e4tere technische,<br \/>\nnotwendige und praktische Umsetzung Ihren finalen Zielen entspricht.<\/p>\n<p><strong>Genau an dieser Stelle sind wir nun bei der PROJEKTIERUNG angekommen.<\/strong><\/p>\n<p><strong>Wir projektieren und optimieren Ihr Projekt.<\/strong><br \/>\nSie wollen auf Nummer sicher gehen, Ihre wertvolle Arbeitszeit f\u00fcr wichtigeres<br \/>\neinsetzen und die Planung und Umsetzung der Projektidee<br \/>\nin erfahrene H\u00e4nde geben, so das Ihr Projekt nicht irgendwie entsteht,<br \/>\nsondern das auch die Zielsetzung erreicht wird, die von Ihnen gew\u00fcnscht ist!<\/p>\n<p><strong>Dann w\u00e4re es notwendig, diese externe Projektierung in Auftrag zu geben.<\/strong><br \/>\nWir erledigen den Planungsjob, die Vorentw\u00fcrfe, die Untersuchung<br \/>\nder Gegebenheiten vor Ort, die technischen, baulichen und notwendigen<br \/>\nVoraussetzungen und denken an alle Auflagen, die zu erf\u00fcllen sind.<br \/>\nDas muss gar nicht mal teuer werden, dann sparen Sie nicht nur viel Zeit,<br \/>\nsondern final auch viel Geld!<br \/>\nDenn wir wissen genau, wie\u00a0die technischen Anforderungen auszuf\u00fchren sind,<br \/>\nwie die Projekte erfolgreich, schnell und wirtschaftlich zum Ziel gelangen!<\/p>\n<p><strong>Die Projektierungskosten sind dann sehr fix wieder eingespielt!<\/strong><br \/>\na) weil Ihr Projekt z\u00fcgig fertig wird<br \/>\nb) weil Sie Ihre wertvolle Arbeitszeit f\u00fcr Wichtigeres besser nutzen konnten<br \/>\nc) weil gleich von Anfang an einen Profi an Ihrer Seite die Aufgabe verbindlich l\u00f6st<br \/>\nd) weil Sie sich irgendwelche, selbst gestrickten Fehlversuche ersparen<br \/>\ne) weil Sie nichts doppelt zahlen, da das Ergebnis gleich von vorne rein passt<br \/>\nf) weil es einfach einfacher ist und Sie nur noch das Controlling machen<br \/>\ng) weil die Kosten von vornerein \u00fcberschau sind und<br \/>\nh) weil eine Projektierung und gleichzeitig auch Optimierung ist<br \/>\ni) weil es gleich von vorne rein die richtige Qualit\u00e4t hat und<br \/>\nj) weil auch die angrenzende Facharbeiten schnell und kompetent erledigt werden!<\/p>\n<p>Das erspart Ihnen\u00a0weitere sep. Dienstleister, die Sie sonst extra hinzu buchen<br \/>\nm\u00fcssten.<br \/>\n<strong>Bei uns bekommen Sie Ihre Idee<\/strong> in einer optimierten Variante,<br \/>\nkomplett mit Projektierung und Produktion,<strong> nahtlos aus einer Hand!<br \/>\nWirtschaftlicher und schneller geht es nicht!<\/strong><\/p>\n<p>Neugierig geworden? Dann buchen Sie doch einfach unsere<br \/>\n<a title=\"Buchen Sie hier die Projektierungspauschale!\" href=\"https:\/\/bauschild-miete.de\/?product_cat=bauschild-projektierung-deutschlands-grosse-bauschilder-auswahl-mieten-oder-kaufen\" target=\"_blank\"><strong>Projektierungs-Pauschale<\/strong>.<\/a><br \/>\nSo erhalten Sie kompetente Beratung, gleich von Anfang an<br \/>\nund beginnen Ihr Projekt\u00a0sofort\u00a0professionell,<br \/>\nund das auch noch\u00a0zum \u00fcberschaubaren Festpreis!<\/p>\n<\/div>\n<p>&nbsp;<\/p>\n<p><strong>Eine ansprechende Bauschilderstellung ist eines der ersten Schritte Ihr Bauvorhaben der \u00d6ffentlichkeit zu pr\u00e4sentieren. Dies sollte in einem angemessenen Rahmen und Gr\u00f6\u00dfe zu den jeweiligen Bauvorhaben statt finden.<\/strong><\/p>\n<p>Auf Geb\u00e4udegr\u00f6\u00dfe, Fassadenoptik, G\u00fcte und Visualisierung k\u00f6nnen Sie mit Hilfe eines ansprechenden Bauschildes schon auf Ihr Bauprojekt hinweisen, bevor der erste Spatenstich stattfindet und die ersten Baufortschritte zu sehen sind.<\/p>\n<p><strong>Oft kam die Frage auf, wie gro\u00df sollte eigentlich ein Bauschild sein?<\/strong>\u00a0Je nach Bauvolumen gilt ganz grob die Faustformel:<br \/>\n<strong>1qm Bauschild pro 100tsd.\u20ac Bauvolumen.<\/strong><\/p>\n<p>So kann ein Einfamilienhaus mit Gartenanlage und Nebenfl\u00e4che f\u00fcr 300tsd\u20ac schon mit 3qm auskommen, was in etwa einem Schild von 3 x 1 m entspricht.<br \/>\nEin Gewerbebau, B\u00fcrohaus oder Klein-Supermarkt f\u00fcr z.B. 1,2Mio.\u20ac k\u00f6nnte ein 12qm Bauschild erhalten, z.B. in einer Gr\u00f6\u00dfe von 3 x 4m.<br \/>\nEin gr\u00f6\u00dferes Bauprojekt, wie z.B. ein mehrgeschossiges, umfangreiches B\u00fcrogeb\u00e4ude, oder FachmarktCentrum mit mehreren ShopinShop Modulen, oder ein Gro\u00dfgewerbebau, der bei 8 &#8211; 20 Mio.Bausumme liegen k\u00f6nnte, darf auch schon mal ein repr\u00e4sentatives Bauschild im Format von 6 x 6 m bekommen. Oder Sie zeigen Ihr Bauprojekt auf Gro\u00dfbildwand <a title=\"Das riesengro\u00dfe Bauschildformat! Schauen Sie es sich an.\" href=\"https:\/\/www.maxiwall.de\" target=\"_blank\"><strong>maxiwall.de<\/strong><\/a>, attraktiv und ansprechend visualisiert im Format B12.00 x H 20.00m was einer bedruckten Fl\u00e4che von ca. 200qm Bauschild-Pr\u00e4sentation entspricht.\u00a0Bitte beachten Sie das dies lediglich cirka Werte sind und die Gr\u00f6\u00dfe eine Bauschildes frei w\u00e4hlbar sind.<\/p>\n<p>Bei umfangreichen Bauprojekten ist die Vorab-Darstellung in der \u00d6ffentlichkeit ein sehr wichtiger Infomationsprozess, der mit guten Kommunikationsbotschaften Ihr projektiertes Bauvorhaben gleich im angemessen Rahmen Ihrer Zielgruppe pr\u00e4sentiert.<br \/>\nVerbraucher, Medien und Ihre Zielgruppe fiebern genauso wie Sie der Fertigstellung entgegen. Lassen Sie durch ein attraktives Bauschild gleich von Anfang an Ihr Projekt im Mittelpunkt stehen.<br \/>\n<strong>Wir erstellen Bauschild-Pr\u00e4sentationsl\u00f6sungen von 2 bis 480 qm !<\/strong><\/p>\n<p>Und wenn Sie Hinweisschilder, Werbebanner, Ger\u00fcstplanen und sonstige Schildsysteme ben\u00f6tigen, wir beschriften alles und in jeder Gr\u00f6\u00dfe \u2013 bundesweit, g\u00fcnstig und in k\u00fcrzester Zeit!<\/p>\n<p><strong>Welches Bauschild projektieren?<br \/>\n<\/strong>Je nach bauseitigen Untergrund, optischem Design und Budget bieten wir f\u00fcr alle Bauschilder verschiedene Unterkonstruktionen an:<br \/>\n<strong>1) Bauschilder mit Holz-Unterkonstruktion:<\/strong><br \/>\nIdeal und g\u00fcnstig. Das Bauschild wird im Boden mit kleinen Fundamenten vergossen\/verankert\u00a0oder mit einer Sandbox im Fu\u00dfbereich beschwert.<\/p>\n<p><strong>2) Bauschilder mit Stahl- oder AluTruss-Unterkonstruktion:<br \/>\n<\/strong>Chick und schnell aufgebaut, f\u00fcr ebenen, tragenden Untergrund wie Pflaster, verdichtetes Mineral oder Asphalt. Das Beschweren des Bauschildes im Fu\u00dfbereich erfolgt wahlweise mit Betonplatten bei Miete oder mit Fundament.<br \/>\nAlle\u00a0Bauschild-Unterkonstruktionen k\u00f6nnen Sie mieten oder kaufen.<\/p>\n<p><strong>3) Bauschilder zur Abholung und Selbstmontage<\/strong> beinhalten aus Transport-\/Versandgr\u00fcnden keine Gewichtsplatten, keine Fundamentbeschwerung; diese ist dann bauseits zu erbringen. Entsprechende Vorgaben erhalten Sie von uns.<\/p>\n<p>Zum Aufbau der Bauschilder ist eine freie Zufahrt zur Baustelle zwingend notwendig bzw. bauseits herzustellen. Bei Erdreich\/Fundamentmontage gehen wir von normalen schachtbaren Boden aus, ohne\u00a0Bauschutt und ohne Belastungen. Sollten Sie bauseits belasteten Boden haben oder f\u00fcr die\u00a0Schachtung Bagger oder \u00e4hnliche Hilfsger\u00e4te notwendig sein, oder die Zuwegung erschwert ist oder erst hergestellt werden muss, werden diese Kosten sep. berechnet.<\/p>\n<div><\/div>\n","protected":false},"excerpt":{"rendered":"<p>Was eigentlich ist ein Projekt? Ein Projekt ist was f\u00fcr Unternehmer die was unternehmen! Die Ausgangsbasis:\u00a0\u00a0 Sie haben eine Idee! [&hellip;]<\/p>\n","protected":false},"author":1,"featured_media":0,"parent":0,"menu_order":0,"comment_status":"closed","ping_status":"closed","template":"","meta":{"footnotes":"","_links_to":"","_links_to_target":""},"class_list":["post-840","page","type-page","status-publish","hentry","no-featured-image"],"_links":{"self":[{"href":"https:\/\/bauschild-miete.de\/index.php?rest_route=\/wp\/v2\/pages\/840","targetHints":{"allow":["GET"]}}],"collection":[{"href":"https:\/\/bauschild-miete.de\/index.php?rest_route=\/wp\/v2\/pages"}],"about":[{"href":"https:\/\/bauschild-miete.de\/index.php?rest_route=\/wp\/v2\/types\/page"}],"author":[{"embeddable":true,"href":"https:\/\/bauschild-miete.de\/index.php?rest_route=\/wp\/v2\/users\/1"}],"replies":[{"embeddable":true,"href":"https:\/\/bauschild-miete.de\/index.php?rest_route=%2Fwp%2Fv2%2Fcomments&post=840"}],"version-history":[{"count":23,"href":"https:\/\/bauschild-miete.de\/index.php?rest_route=\/wp\/v2\/pages\/840\/revisions"}],"predecessor-version":[{"id":9939,"href":"https:\/\/bauschild-miete.de\/index.php?rest_route=\/wp\/v2\/pages\/840\/revisions\/9939"}],"wp:attachment":[{"href":"https:\/\/bauschild-miete.de\/index.php?rest_route=%2Fwp%2Fv2%2Fmedia&parent=840"}],"curies":[{"name":"wp","href":"https:\/\/api.w.org\/{rel}","templated":true}]}}