{"id":837,"date":"2013-09-30T08:09:23","date_gmt":"2013-09-30T06:09:23","guid":{"rendered":"http:\/\/actionpromotion.de\/?page_id=837"},"modified":"2016-05-13T10:38:52","modified_gmt":"2016-05-13T08:38:52","slug":"produktepreise","status":"publish","type":"page","link":"https:\/\/bauschild-miete.de\/?page_id=837","title":{"rendered":"Infos \u00fcber&#8230;."},"content":{"rendered":"<p>Herzlich willkommen auf unseren Infoseiten der<br \/>\nbauschild-miete.de \u00a0&#8211; Deutschlands gro\u00dfes Einkaufsportal f\u00fcr Werbung am Bau.<\/p>\n<p>In 10 Kategorien geben wir Tipps, Infos und attraktive Angebote f\u00fcr das Erstellen, Mieten und Kaufen von diversen Schildern, Werbesystemen und den m\u00f6glichen Ausf\u00fchrungen.<\/p>\n<p>In unserem Bereich<strong> Infos \u00fcber&#8230;.<\/strong> erhalten Sie alle Basisinformationen der jeweiligen Kategorie.<br \/>\nIn unserem Bereich <strong>Shop<\/strong> finden Sie die Varianten und Bestelloptionen der jeweiligen Produkte.<\/p>\n<p><strong>Bauschilder<\/strong> haben wir in 2 gr\u00f6\u00dfen Bereichen eingeteilt. Die Standard-Bauschilder beginnen bei uns ab B200 x H100 cm bis zum Gro\u00dfformat von B600 x H600 cm. Aber es geht noch gr\u00f6\u00dfer.<\/p>\n<p><strong>maxiwall-Bauschilder<\/strong> bestehen aus stapelbaren Container-Boxen und sind ab B6.00 x H 7.50m bis B24.00 x H20.00m lieferbar und erreichen damit gigantische Bauschildfl\u00e4chen. Es ginge auch noch gr\u00f6\u00dfer, dann bitten wir um spezielle Anfrage. Alle Bauschildkonstruktionen bieten wir incl. Schild, der Montage und nach Bauende incl. Demontage in unterschiedlichen Varianten zur Miete an.<\/p>\n<p>Selbstverst\u00e4ndlich k\u00f6nnen Sie auch nur das Bauschild ohne Unterkonstruktion kaufen, dies finden Sie unter der Kategorie <strong>nur Schilder<\/strong>. Die wetterfesten Schilder stellen wir in nahezu allen Formaten her.<\/p>\n<p>Sollten Sie schon ein Schild haben, oder m\u00f6chten Sie eine gr\u00f6\u00dfere, h\u00f6here Unterkonstruktion als in der vorgeschlagenen Variante angeboten, k\u00f6nnen Sie unter der Kategorie <strong>nur Unterkonstruktion<\/strong> Ihre gew\u00fcnschte Unterkonstruktionsgr\u00f6\u00dfe ausw\u00e4hlen und in den Warenkorb packen, sowie dann beim weiteren Einkauf die gew\u00fcnschte Schildvariante hinzuf\u00fcgen. Diese Variante wird notwendig, wenn Sie z.B. weitere Schilder unterhalb des Hauptschildes planen oder dort Gewerkeschilder ansetzen m\u00f6chten und dies Zusatzschilder nicht nicht tiefer als 200 cm Unterkante montiert werden sollen, dann ist die Unterkonstruktion entsprechend gr\u00f6\u00dfer zu w\u00e4hlen.<\/p>\n<p><strong>Kleinschilder bis 2qm<\/strong> sind auf Baustellen als Hinweisschilder oder als zus\u00e4tzliche Werbeschilder kleine Helferlein, die wir in einer sep. Kategorie angeordnet haben. Die Kleinformate beginnen bei B30 x H20cm und B200 x H100cm. Gr\u00f6\u00dfere Schilder finden Sie unter &#8222;<strong>nur Schilder<\/strong>&#8222;. Sollten Sie kleinere Schilder suchen werden Sie unter <a title=\"Kleinschilder ab 10cm finden Sie unter shopy24.de\" href=\"https:\/\/www.shopy24.de\/hier-der-\u00fcberblick\/idee-produktion-de-teil-1\/idee-produktion-de-teil2\/\" target=\"_blank\">shopy24.de<\/a><br \/>\nf\u00fcndig, wo wir auch Aufkleber und andere Schildvarianten anbieten.<\/p>\n<p><strong>Gewerkeschilder<\/strong> haben wir in 4 Standardgr\u00f6\u00dfen eingeteilt, da sich diese auf Baustellen bestens bew\u00e4hrt haben. Die 1-fbg. beschrifteten Text-Infoschilder werden in der Regel unterhalb des Hauptbauschildes positioniert. Bitte bedenken Sie, das wenn Sie Gewerkeschilder einplanen m\u00f6chten, das das Gesamtformat \u00a0des Schildes auf die jeweilige Bauschildunterkonstruktion abgestimmt ist. Bei mehr als 2 Gewerkschildern empfehlen wir die n\u00e4chst gr\u00f6\u00dfere Unterkonstruktion auszuw\u00e4hlen.<\/p>\n<p>Unter der Kategorie <strong>Werbebanner PVC-Planen<\/strong> finden Sie stabile, wetterfest bedruckte Werbebanner, die ringsum geoest sind und ideal f\u00fcr kurzfristige Anwendungen sind, wenn gro\u00dfe Werbefl\u00e4chen auf einem stabilen Untergrund montiert werden k\u00f6nnen.<\/p>\n<p>Wenn Sie ein Werbebanner mit mehr Luftdurchl\u00e4ssigkeit w\u00fcnschen, die in der Regel f\u00fcr Bauz\u00e4une oder Ger\u00fcstfl\u00e4chenwerbung ben\u00f6tigt werden, dann werden Sie in der Kategorie<br \/>\n<strong>Bauzaun-Banner PVC-mesh<\/strong> viele Alternativen finden.<\/p>\n<p>Auch Strahler, Lampen und Beleuchtungseinheiten f\u00fcr Bauschilder k\u00f6nnen bei uns systemfertig dazu gebucht werden und finden Sie mit anderen N\u00fctzlichem unter der Rubik <strong>Zubeh\u00f6r<\/strong>.<\/p>\n<p>Bei umfangreichen Bauschild-Projekten k\u00f6nnen die Vorbereitungen und Anforderungen so zeitintensiv sein, das Sie die notwendigen Vorarbeiten nicht selber erledigen k\u00f6nnen. Dann helfen wir gerne weiter mit unseren Dienstleistungspaketen die wir unter <strong>Projektierung<\/strong> f\u00fcr Sie zusammengestellt haben. Sie es die Bauantragsstellung, die Anfahrt f\u00fcr die Vorortbesichtigung auf der Baustelle, das Beratungsgespr\u00e4ch f\u00fcr die Ausf\u00fchrung oder die statische Berechnung, in unserem Projektierungs-Bereich finden Sie alle Leistungen zu Pauschalpreisen zusammengestellt.<\/p>\n<p>Sollten Sie dar\u00fcber hinaus Fragen haben, dann senden Sie uns eine mail an <a title=\"Kontakt per mail\" href=\"info@bauschild-miete.de\" target=\"_blank\">info@bauschild-miete.de<\/a> mit Ihrer speziellen Anfrage, wir helfen gern!<\/p>\n<p>F\u00fcr allgemeine Fragen die auf unseren Infoseiten noch nicht beantwortet sind weis unser <strong>ProfQ<\/strong>\u00a0Rat, den Sie <strong>hier<\/strong> finden.<\/p>\n<p>Unsere Hotline ist t\u00e4glich von 7.00 bis 19.00 Uhr unter 0511\/9200 000 erreichbar.<\/p>\n","protected":false},"excerpt":{"rendered":"<p>Herzlich willkommen auf unseren Infoseiten der bauschild-miete.de \u00a0&#8211; Deutschlands gro\u00dfes Einkaufsportal f\u00fcr Werbung am Bau. In 10 Kategorien geben wir [&hellip;]<\/p>\n","protected":false},"author":2,"featured_media":0,"parent":0,"menu_order":0,"comment_status":"closed","ping_status":"closed","template":"","meta":{"footnotes":"","_links_to":"","_links_to_target":""},"class_list":["post-837","page","type-page","status-publish","hentry","no-featured-image"],"_links":{"self":[{"href":"https:\/\/bauschild-miete.de\/index.php?rest_route=\/wp\/v2\/pages\/837","targetHints":{"allow":["GET"]}}],"collection":[{"href":"https:\/\/bauschild-miete.de\/index.php?rest_route=\/wp\/v2\/pages"}],"about":[{"href":"https:\/\/bauschild-miete.de\/index.php?rest_route=\/wp\/v2\/types\/page"}],"author":[{"embeddable":true,"href":"https:\/\/bauschild-miete.de\/index.php?rest_route=\/wp\/v2\/users\/2"}],"replies":[{"embeddable":true,"href":"https:\/\/bauschild-miete.de\/index.php?rest_route=%2Fwp%2Fv2%2Fcomments&post=837"}],"version-history":[{"count":4,"href":"https:\/\/bauschild-miete.de\/index.php?rest_route=\/wp\/v2\/pages\/837\/revisions"}],"predecessor-version":[{"id":1885,"href":"https:\/\/bauschild-miete.de\/index.php?rest_route=\/wp\/v2\/pages\/837\/revisions\/1885"}],"wp:attachment":[{"href":"https:\/\/bauschild-miete.de\/index.php?rest_route=%2Fwp%2Fv2%2Fmedia&parent=837"}],"curies":[{"name":"wp","href":"https:\/\/api.w.org\/{rel}","templated":true}]}}