{"id":787,"date":"2013-09-27T11:19:54","date_gmt":"2013-09-27T09:19:54","guid":{"rendered":"http:\/\/bauschild-miete.de\/?page_id=762"},"modified":"2023-09-21T16:48:15","modified_gmt":"2023-09-21T14:48:15","slug":"ueber-uns","status":"publish","type":"page","link":"https:\/\/bauschild-miete.de\/?page_id=787","title":{"rendered":"\u00dcber uns"},"content":{"rendered":"<article id=\"post-787\">\n<h1>Die langwost Unternehmensgruppe:<\/h1>\n<div>\n<p>Das langwost.de-Team ist eine Division der <strong><a title=\"Wir liefern Ideen und produzieren Ihre erfolgreiche Werbung!\" href=\"https:\/\/www.idee-produktion.de\/\" target=\"_blank\" rel=\"noopener\">idee-produktion.de<\/a><\/strong> GmbH<br \/>\nund betreut seit 1984 Unternehmen in den Fachbereichen Networking, Marketing<br \/>\nund Kommunikation mit praxisnahen, zielgerichteten Strategien,<br \/>\nf\u00fcr erfolgreiches Werben und Verkaufen.<br \/>\nSeit 1995 agiert die langwost-Unternehmensgruppe erfolgreich im Online-Netz und<br \/>\nrealisiert in eigenen Divisionen oder f\u00fcr Kunden u.a. Shops und Online-Marktpl\u00e4tze.<\/p>\n<p>Nachfolgend ein \u00dcberblick unserer Divisionen, Firmen, Produktion- und<br \/>\nNetzwerkstruktur. Vorab Infos der vergangenen 38 Jahre, seit Gr\u00fcndung der<br \/>\nlangwost.de Unternehmensgruppe.<\/p>\n<p>Der Dipl. Kommunikationswirt und Werbetechniker Peter Langwost gr\u00fcndete am<br \/>\n01.10.1984 eine Kombination aus Werbeagentur \u2013 Werbetechnik und<br \/>\nKommunikationsberatung.<br \/>\nZiel war es, ganzheitliche Werbekonzepte zu entwicklen und zu produzieren,<br \/>\n&#8211; von der Idee bis zur Produktion &#8211; f\u00fcr gewerbliche Unternehmungen ganzheitliche<br \/>\nErfolgsl\u00f6sungen zu realisieren.<br \/>\nIn den letzten Jahrzehnten wurden namhafte regionale und \u00fcberregionale Kunden<br \/>\ngewonnen, die noch heute, vom entwickelten Logodesign+Konzepten und den<br \/>\nrealisierten, werbetechnischen Produktionsl\u00f6sungen profitieren.<br \/>\nDie Unternehmensgruppe ist u.a. im Immobilienbereich mit diversen Bau-Projekten aktiv,<br \/>\nbetreibt eigene Objekte mit Vermietung und Verpachtung.<br \/>\nIn den vergangenen Jahren wurden u.a. eine Stiftung gegr\u00fcndet und Beteiligungen<br \/>\ngekauft sowie die <a href=\"http:\/\/www.1a-idee.com\">1a-idee.com<\/a> AG gegr\u00fcndet.<br \/>\nDesweiteren werden stetig die wesentlichen Gesch\u00e4ftsbereiche kontinuierlich ausgebaut<br \/>\nund in der <a href=\"http:\/\/www.idee-produktion.de\">idee-produktion.de<\/a> GmbH in eigenst\u00e4ndigen Divisionen gef\u00fchrt.<br \/>\nDaraus erstand die heutige <strong><a title=\"Unternehmensgruppe - Konzeptionen f\u00fcr Erfolgsl\u00f6sungen.\" href=\"https:\/\/www.langwost.de\/\" target=\"_blank\" rel=\"noopener\">langwost.de Unternehmensgruppe<\/a> <\/strong>.<\/p>\n<h1>Wer ist die idee-produktion.de GmbH?<\/h1>\n<div>\n<p>Die <strong><a title=\"Wir liefern Ideen + produzieren Ihre erfolgreiche Werbung.\" href=\"https:\/\/www.idee-produktion.de\/\" target=\"_blank\" rel=\"noopener\">idee-produktion.de<\/a><\/strong> GmbH ist die Produktionsfirma der<br \/>\nlangwost Unternehmensgruppe, diese wurde vor 35 Jahren gegr\u00fcndet<br \/>\nund hat Ihren Sitz in Garbsen nahe Hannover.<br \/>\nSie entwickelt, produziert, liefert und montiert technische, umfangreiche oder<br \/>\nkomplexe Werbeanlagen, die in den Divisionen und deren Onlineseiten<br \/>\numfassend angeboten werden.<\/p>\n<p>Das Unternehmen ist mittlerweile europaweit t\u00e4tig und verkn\u00fcpft Produktionsstandorte<br \/>\nund Zulieferbetriebe aus Osteuropa und Asien mit dem regionalen und<br \/>\n\u00fcberregionalen Markt und bietet ganzheitliche Erfolgsl\u00f6sungen an.<\/p>\n<p>Kunden und Interessenten kommen aus ganz Europa wie Filialengruppen,<br \/>\nHandelsunternehmen, Agenturen, Handwerk-, Industrie- und Dienstleistungsunternehmen, die konzeptionelle als auch ganzheitliche, werbetechnische L\u00f6sungen suchen.<\/p>\n<p>Zur Unternehmensgruppe geh\u00f6rt auch das Online-Netzwerk <strong><a href=\"http:\/\/www.suche-profi.de\" target=\"_blank\" rel=\"noopener\">www.suche-profi.de<\/a><\/strong>,<br \/>\nein zuk\u00fcnftiger Marktplatz f\u00fcr Profis, Handel, Handwerker, Dienstleister u.v.m..<br \/>\nEs werden Innovationen f\u00fcr die Werbebranche entwickelt, die dem wiederverkaufenden<br \/>\nKollegen und dem Endkunden beim Werben und Verkaufen unterst\u00fctzen und f\u00fcr den<br \/>\nDirektvertrieb in Online-Shops zur Verf\u00fcgung gestellt werden.<\/p>\n<p>Insgesamt wurden bis heute 12 Divisions- Marken realisiert, die zu eigenst\u00e4ndigen<br \/>\nGesch\u00e4ftsmodellen gef\u00fchrt werden.<\/p>\n<h1>Unsere Divisionen:<\/h1>\n<p><strong><a title=\"Bauschilder schnell und g\u00fcnstig mieten.\" href=\"https:\/\/www.bauschild-miete.de\/\" target=\"_blank\" rel=\"noopener\">bauschild-miete.de<\/a> <\/strong> Bauschilder- und Werbeschildgestelle f\u00fcr kurzfristigen Einsatz die wir<br \/>\nbundesweit ausgeliefern. Online finden Sie Preise von \u00fcber 100 Modellen in allen Gr\u00f6\u00dfen\/Formaten. Ideal f\u00fcr Architekten, Baufirmen oder Bauherren.<br \/>\nSchnelle Preis\u00fcbersicht. Wir liefern sofort, bauen bundesweit auf.<\/p>\n<p><strong><a title=\"Das freistehende Schildsystem.\" href=\"https:\/\/www.citmax.de\/\" target=\"_blank\" rel=\"noopener\">citmax.de<\/a> <\/strong> Werbetechnik f\u00fcr Kollegen und Werbeagenturen sowie f\u00fcr Unternehmen<br \/>\ndie schnell und g\u00fcnstig nach L\u00f6sungen suchen. Viele 1.000 Referenzfotos + Ideen,<br \/>\nalle Produkte sind leicht verst\u00e4ndlich beschrieben. Sie k\u00f6nnen online sofort<br \/>\nProdukte, Montagekosten und Sonderleistungen einsehen und kalkulieren.<\/p>\n<p><strong><a href=\"https:\/\/www.pylone24.de\/\">pylone24.de<\/a><\/strong> ist Deutschlands gro\u00dfes Online-Portal mit \u00fcber 600<br \/>\nvorkalkulierten Pylonvarianten. Alle Pylonmodelle werden schnell und kosteng\u00fcnstig<br \/>\nnach vorhandener Systemstatik produziert, bundesweit ausgeliefert und<br \/>\nvon erfahrenen Monteuren aufgebaut.<br \/>\nVon der Bauantragsstellung bis zur Montage erhalten Sie alles aus einer Hand.<\/p>\n<p><strong><a title=\"Das gro\u00dfe Werbeanh\u00e4nger-Info Portal.\" href=\"https:\/\/www.werbeanhaenger.com\/\" target=\"_blank\" rel=\"noopener\">werbeanhaenger.com<\/a> <\/strong> das gro\u00dfe Werbeanh\u00e4nger-Vermietungsportal ist<br \/>\nmit attraktiven Angeboten seit \u00fcber 20 Jahren Marktf\u00fchrer in diesem Bereich.<br \/>\nHier erhalten Sie alle Infos, Tipps und M\u00f6glichkeiten \u00fcber Werbeanh\u00e4nger.<br \/>\nVom Druck der Werbefl\u00e4che bis zur Auslieferung zum Aufstellort finden Sie hier<br \/>\nonline Kalkulationbeispiele und buchbare Systeml\u00f6sungen.<\/p>\n<p><strong><a title=\"Deutschlands gro\u00dfes Werbemast-Info-Portal.\" href=\"https:\/\/www.werbeturm24.de\/\" target=\"_blank\" rel=\"noopener\">werbeturm24.de<\/a><\/strong> ist Deutschlands gro\u00dfes Infoportal f\u00fcr Werbemasten von 7,5 bis 50,0m<br \/>\nmit \u00fcber 4.000 vorkalkulierten Mastvarianten. Ideal f\u00fcr Architekten, Baufirmen und<br \/>\nBauherren. Hier finden Sie schnell und \u00fcbersichtlich f\u00fcr nahezu jede Werbemastvariante<br \/>\neinen Angebotspreis. Von der Projektierung, der Mastgestaltung, dem Bauantrag,<br \/>\nder Bodenuntersuchung und der Maststatik, der Fertigung des Stahlbaues, der<br \/>\nWerbeanlagen bis zur Lieferung, Montage aller Bauteile bis zur betriebsbereiten<br \/>\n\u00dcbergabe des Werbemastes. Wir fertigen es. Alles aus einer Hand.<\/p>\n<div>\n<p><strong><a title=\"Erstklassige Ideen, verkaufen und kaufen.\" href=\"https:\/\/www.1a-idee.com\/\" target=\"_blank\" rel=\"noopener\">1a-idee.com<\/a><\/strong> ist unsere AG die ab 2024 Beteiligungen aller Divisionen an<br \/>\nBranchenkollegen bereit stellt und deren Koordination verwaltet.<\/p>\n<p><strong><a title=\"Das innovative Home-Office-Boardinghaus an der B6. \" href=\"https:\/\/www.b6-office.de\/\" target=\"_blank\" rel=\"noopener\">b6-office.de<\/a> <\/strong>bietet erstklassige, kleine, komfortable B\u00fcros in bester Lage von<br \/>\nGarbsen\/Nord Hannover an, direkt an der B6 zu erstaunlich g\u00fcnstigen Preisen!<br \/>\n52 Funktions-B\u00fcros, traumhaftes Penthausb\u00fcro, alles auf \u00fcber 2.500qm mit<br \/>\nParkpl\u00e4tzen direkt vor der T\u00fcr warten auf Sie. Es geht los ab 15qm B\u00fcrofl\u00e4che.<\/p>\n<p><strong><a title=\"Business-Textilien f\u00fcr Handwerk, Handel, Freizeit und Beruf.\" href=\"https:\/\/www.busitex.de\/\" target=\"_blank\" rel=\"noopener\">busitex.de<\/a><\/strong> ist ein Online-Shop f\u00fcr Textilien, Berufs-, Freizeit- und<br \/>\nSportkleidung wie T-Shirts, SweatShirts, Jacken, Arbeitskleidung, Taschen, Schirme,<br \/>\nCaps und Montagekleidung f\u00fcr gewerbliche Arbeiter, Handwerker, Promotoren, u.v.m.<\/p>\n<\/div>\n<p><strong><a title=\"Das riesige modulare Werbewandsystem.\" href=\"https:\/\/www.maxiwall.de\/\" target=\"_blank\" rel=\"noopener\">maxiwall.de<\/a><\/strong> bietet ab 2023 klappbare Werbeanh\u00e4nger-Module, perfekt f\u00fcr<br \/>\nGro\u00dffl\u00e4chenwerbung. Total mobil, schnell aufgebaut und universell einsetzbar f\u00fcr<br \/>\nPromotion, Bauschildwerbung, auf Messen oder bei Veranstaltungen.<\/p>\n<p><strong><a title=\"Der Online-Dienstleister f\u00fcr virtuelles Verkaufen.\" href=\"https:\/\/www.redax24.de\/\" target=\"_blank\" rel=\"noopener\">redax24.de<\/a> <\/strong> bietet fertige Systeml\u00f6sungen, \u00fcbersichtliche Homepage-Pakete f\u00fcr<br \/>\nklein- und mittelst\u00e4ndige Unternehmen. Pflegeleichten CMS-webseiten, moderne<br \/>\nDesign-Templates f\u00fcr einfache, unternehmerfreundliche Anwendung.<\/p>\n<p><strong><a href=\"http:\/\/www.hot-s-hot.com\">http:\/\/www.hot-s-hot.com<\/a><\/strong>\u00a0 wird Ende 2023 ein Online-Marktplatz f\u00fcr<br \/>\n&#8211; Immobilien,&#8230;. Start wird Mitte 2024<br \/>\n&#8211; Sales-Market f\u00fcr gebrauchtes und neues<strong><br \/>\n<\/strong>&#8211; Dating und Kontakt<strong>,<\/strong> kn\u00fcpfen von Freundschaften und Businesskontaten<strong>.<\/strong><\/p>\n<p><strong><a title=\"Gebrauchtes, Sonderposten, Schn\u00e4ppchen- Vermittlungs-Shop.\" href=\"https:\/\/www.billig-paradies.de\/\" target=\"_blank\" rel=\"noopener\">billig-paradies.de<\/a><\/strong> wird ein Online-Shop f\u00fcr gebrauchtes, neues, Sonderposten und<br \/>\nSchn\u00e4ppchen die \u00fcber einen gef\u00fchrten Verkauf gelistet und angeboten werden.<br \/>\nVon der Erfassung des Verkaufsartikels, \u00fcber das Listen im OnlineShop<br \/>\nbis zur Verkaufsanbahnung betreut ein SalesProfi den Artikel, den Verk\u00e4ufer<br \/>\nund den K\u00e4ufer. Start ist 2024.<\/p>\n<div>\n<h1>Das Profi-Netzwerk.<\/h1>\n<h1>suche-profi.de \u2013 das Werbebranchen-Netzwerk.<\/h1>\n<p>Hier finden Sie Profis. Hier suchen Sie Profis. Wer hier registriert ist, der ist ein Profi!<br \/>\n<a title=\"der aufkleber-profi\" href=\"https:\/\/www.aufkleber-druck-profi.de\/\" target=\"_blank\" rel=\"noopener\">www.aufkleber-druck-profi.de<\/a><br \/>\n<a title=\"der aussenwerbung-profi\" href=\"https:\/\/www.aussenwerbung-profi.de\/\" target=\"_blank\" rel=\"noopener\">www.aussenwerbung-profi.de<\/a><br \/>\n<a title=\"der bauschild-profi\" href=\"https:\/\/www.bauschild-profi.de\/\" target=\"_blank\" rel=\"noopener\">www.bauschild-profi.de<\/a><br \/>\n<a title=\"der beschriftung-profi\" href=\"https:\/\/www.beschriftung-profi.de\/\" target=\"_blank\" rel=\"noopener\">www.beschriftung-profi.de<br \/>\n<\/a><a title=\"der bigprint-profi\" href=\"https:\/\/www.bigprint-profi.de\/\" target=\"_blank\" rel=\"noopener\">www.bigprint-profi.de<\/a><br \/>\n<a title=\"der buchstaben-profi\" href=\"https:\/\/www.buchstaben-profi.de\/\" target=\"_blank\" rel=\"noopener\">www.buchstaben-profi.de<\/a><br \/>\n<a title=\"der cms-web-profi\" href=\"https:\/\/www.cms-web-profi.de\/\" target=\"_blank\" rel=\"noopener\">www.cms-web-profi.de<\/a><br \/>\n<a title=\"der dein-werbemittel-profi\" href=\"https:\/\/www.dein-werbemittel-profi.de\/\" target=\"_blank\" rel=\"noopener\">www.dein-werbemittel-profi.de<\/a><br \/>\n<a title=\"der dekoration-profi\" href=\"https:\/\/www.dekoration-profi.de\/\" target=\"_blank\" rel=\"noopener\">www.dekoration-profi.de<\/a><br \/>\n<a title=\"der der-website-profi\" href=\"https:\/\/www.der-website-profi.de\/\" target=\"_blank\" rel=\"noopener\">www.der-website-profi.de<\/a><br \/>\n<a title=\"der digital-druck-werbe-profi\" href=\"https:\/\/www.digital-druck-werbe-profi.de\/\" target=\"_blank\" rel=\"noopener\">www.digital-druck-werbe-profi.de<\/a><br \/>\n<a title=\"der digiprint-profi\" href=\"https:\/\/www.digiprint-profi.de\/\">www.digiprint-profi.de<\/a><br \/>\n<a title=\"der directmail-profi\" href=\"https:\/\/www.directmail-profi.de\/\">www.directmail-profi.de<\/a><br \/>\n<a title=\"der directmarketing-profi\" href=\"https:\/\/www.directmarketing-profi.de\/\">www.directmarketing-profi.de<\/a><br \/>\n<a title=\"der display-werbung-profi\" href=\"https:\/\/www.display-werbung-profi.de\/\" target=\"_blank\" rel=\"noopener\">www.display-werbung-profi.de<\/a><br \/>\n<a title=\"der endlosdruck-profi\" href=\"https:\/\/www.endlosdruck-profi.de\/\">www.endlosdruck-profi.de<\/a><br \/>\n<a title=\"der etiketten-druck-profi\" href=\"https:\/\/www.etiketten-druck-profi.de\/\">www.etiketten-druck-profi.de<\/a><br \/>\n<a title=\"der fahnen-masten-profi\" href=\"https:\/\/www.fahnen-masten-profi.de\/\">www.fahnen-masten-profi.de<\/a><br \/>\n<a title=\"der formulardruck-profi\" href=\"https:\/\/www.formulardruck-profi.de\/\" target=\"_blank\" rel=\"noopener\">www.formulardruck-profi.de<\/a><br \/>\n<a title=\"Der full-service-profi.\" href=\"https:\/\/www.full-service-profi.de\/\" target=\"_blank\" rel=\"noopener\">www.full-service-profi.de<\/a><br \/>\n<a title=\"der gestaltung-profi\" href=\"https:\/\/www.gestaltung-profi.de\/\">www.gestaltung-profi.de<\/a><br \/>\n<a title=\"der giveaways-profi\" href=\"https:\/\/www.giveaways-profi.de\/\">www.giveaways-profi.de<\/a><br \/>\n<a title=\"der grafik-design-profi\" href=\"https:\/\/www.grafik-design-profi.de\/\" target=\"_blank\" rel=\"noopener\">www.grafik-design-profi.de<\/a><br \/>\n<a title=\"der handzettel-profi\" href=\"https:\/\/www.handzettel-profi.de\/\">www.handzettel-profi.de<\/a><br \/>\n<a title=\"der ideen-profi\" href=\"https:\/\/www.ideen-profi.de\/\">www.ideen-profi.de<\/a><br \/>\n<a title=\"der klebebuchstaben-profi\" href=\"https:\/\/www.klebebuchstaben-profi.de\/\">www.klebebuchstaben-profi.de<\/a><br \/>\n<a title=\"der kommunikation-profi\" href=\"https:\/\/www.kommunikation-profi.de\/\">www.kommunikation-profi.de<\/a><br \/>\n<a title=\"der konzept-profi\" href=\"https:\/\/www.konzept-profi.de\/\" target=\"_blank\" rel=\"noopener\">www.konzept-profi.de<\/a><br \/>\n<a title=\"der layout-profi\" href=\"https:\/\/www.layout-profi.de\/\">www.layout-profi.de<\/a><br \/>\n<a title=\"der led-werbung-profi\" href=\"https:\/\/www.led-werbung-profi.de\/\">www.led-werbung-profi.de<\/a><br \/>\n<a title=\"der lichtwerbe-profi\" href=\"https:\/\/www.lichtwerbe-profi.de\/\">www.lichtwerbe-profi.de<\/a><br \/>\n<a title=\"der link-profi\" href=\"https:\/\/www.link-profi.de\/\">www.link-profi.de<\/a><br \/>\n<a title=\"der logodesign-profi\" href=\"https:\/\/www.logodesign-profi.de\/\" target=\"_blank\" rel=\"noopener\">www.logodesign-profi.de<\/a><br \/>\n<a title=\"der mappen-profi\" href=\"https:\/\/www.mappen-profi.de\/\" target=\"_blank\" rel=\"noopener\">www.mappen-profi.de<\/a><br \/>\n<a title=\"der marketing-werbe-profi\" href=\"https:\/\/www.marketing-werbe-profi.de\/\" target=\"_blank\" rel=\"noopener\">www.marketing-werbe-profi.de<\/a><br \/>\n<a title=\"der megaprint-profi\" href=\"https:\/\/www.megaprint-profi.de\/\" target=\"_blank\" rel=\"noopener\">www.megaprint-profi.de<\/a><br \/>\n<a title=\"der messewerbe-profi\" href=\"https:\/\/www.messewerbe-profi.de\/\" target=\"_blank\" rel=\"noopener\">www.messewerbe-profi.de<\/a><br \/>\n<a title=\"der montage-team-profi\" href=\"https:\/\/www.montage-team-profi.de\/\" target=\"_blank\" rel=\"noopener\">www.montage-team-profi.de<\/a><br \/>\n<a title=\"der multi-media-profi\" href=\"https:\/\/www.www.multi-media-profi.de\/\" target=\"_blank\" rel=\"noopener\">www.multi-media-profi.de<\/a><br \/>\n<a title=\"der ordner-profi\" href=\"https:\/\/www.ordner-profi.de\/\" target=\"_blank\" rel=\"noopener\">www.ordner-profi.de<\/a><br \/>\n<a title=\"der plakate-profi\" href=\"https:\/\/www.plakate-profi.de\/\" target=\"_blank\" rel=\"noopener\">www.plakate-profi.de<\/a><br \/>\n<a title=\"der pointofsale-profi\" href=\"https:\/\/www.pointofsale-profi.de\/\" target=\"_blank\" rel=\"noopener\">www.pointofsale-profi.de<\/a><br \/>\n<a title=\"der poster-druck-profi\" href=\"https:\/\/www.poster-druck-profi.de\/\" target=\"_blank\" rel=\"noopener\">www.poster-druck-profi.de<\/a><br \/>\n<a title=\"der promotion-werbung-profi\" href=\"https:\/\/www.promotion-werbung-profi.de\/\" target=\"_blank\" rel=\"noopener\">www.promotion-werbung-profi.de<\/a><br \/>\n<a title=\" der prospekt-profi\" href=\"https:\/\/www.prospekt-profi.de\/\" target=\"_blank\" rel=\"noopener\">www.prospekt-profi.de<\/a><br \/>\n<a title=\"der pylon-profi\" href=\"https:\/\/www.pylon-profi.de\/\" target=\"_blank\" rel=\"noopener\">www.pylon-profi.de<\/a><br \/>\n<a title=\"der qr-profi\" href=\"https:\/\/www.qr-profi.de\/\" target=\"_blank\" rel=\"noopener\">www.qr-profi.de<\/a><br \/>\n<a title=\"der schauwerbegestalter-profi\" href=\"https:\/\/www.schauwerbegestalter-profi.de\/\" target=\"_blank\" rel=\"noopener\">www.schauwerbegestalter-profi.de<\/a><br \/>\n<a title=\"der schild-profi\" href=\"https:\/\/www.schild-profi.de\/\" target=\"_blank\" rel=\"noopener\">www.schild-profi.de<\/a><br \/>\n<a title=\"der schriften-profi\" href=\"https:\/\/www.schriften-profi.de\/\" target=\"_blank\" rel=\"noopener\">www.schriften-profi.de<\/a><br \/>\n<a title=\"der show-profi\" href=\"https:\/\/www.show-profi.de\/\" target=\"_blank\" rel=\"noopener\">www.show-profi.de<\/a><br \/>\n<a title=\"der siebdruck-profi\" href=\"https:\/\/www.siebdruck-profi.de\/\" target=\"_blank\" rel=\"noopener\">www.siebdruck-profi.de<\/a><br \/>\n<a title=\"der such-ein-profi\" href=\"https:\/\/www.such-ein-profi.de\/\" target=\"_blank\" rel=\"noopener\">www.such-ein-profi.de<\/a><br \/>\n<a title=\"der suche-beratung-profi\" href=\"https:\/\/www.suche-beratung-profi.de\/\" target=\"_blank\" rel=\"noopener\">www.suche-beratung-profi.de<\/a><br \/>\n<a title=\"der suche-druckerei-profi\" href=\"https:\/\/www.suche-druckerei-profi.de\/\" target=\"_blank\" rel=\"noopener\">www.suche-druckerei-profi.de<\/a><br \/>\n<a title=\"der suche-grafik-profi\" href=\"https:\/\/www.suche-grafik-profi.de\/\" target=\"_blank\" rel=\"noopener\">www.suche-grafik-profi.de<\/a><br \/>\n<a title=\"der suche-internet-profi\" href=\"https:\/\/www.suche-internet-profi.de\/\" target=\"_blank\" rel=\"noopener\">www.suche-internet-profi.de<\/a><br \/>\n<a title=\"der suche-werbe-profi\" href=\"https:\/\/www.suche-werbe-profi.de\/\" target=\"_blank\" rel=\"noopener\">www.suche-werbe-profi.de<\/a><br \/>\n<a title=\"der telefonkontakt-profi\" href=\"https:\/\/www.telefonkontakt-profi.de\/\" target=\"_blank\" rel=\"noopener\">www.telefonkontakt-profi.de<\/a><br \/>\n<a title=\"der textilprint-profi\" href=\"https:\/\/www.textilprint-profi.de\/\" target=\"_blank\" rel=\"noopener\">www.textilprint-profi.de<\/a><br \/>\n<a title=\"der text-foto-profi\" href=\"https:\/\/www.text-foto-profi.de\/\" target=\"_blank\" rel=\"noopener\">www.text-foto-profi.de<\/a><br \/>\n<a title=\"der umsatz-profi\" href=\"https:\/\/www.umsatz-profi.de\/\" target=\"_blank\" rel=\"noopener\">www.umsatz-profi.de<\/a><br \/>\n<a title=\"der verkaufsf\u00f6rderung-profi\" href=\"https:\/\/www.xn--verkaufsfrderung-profi-2hc.de\/\" target=\"_blank\" rel=\"noopener\">www.verkaufsf\u00f6rderung-profi.de<\/a><br \/>\n<a title=\"der verkauf-profi\" href=\"https:\/\/www.verkauf-profi.de\/\" target=\"_blank\" rel=\"noopener\">www.verkauf-profi.de<\/a><br \/>\n<a title=\"der website-profi\" href=\"https:\/\/www.website-profi.de\/\" target=\"_blank\" rel=\"noopener\">www.website-profi.de<\/a><br \/>\n<a title=\"der werbebanner-profi\" href=\"https:\/\/www.werbebanner-profi.de\/\" target=\"_blank\" rel=\"noopener\">www.werbebanner-profi.de<\/a><br \/>\n<a title=\"der werbemast-profi\" href=\"https:\/\/www.werbemast-profi.de\/\" target=\"_blank\" rel=\"noopener\">www.werbemast-profi.de<\/a><br \/>\n<a title=\"der werbemittel-druck-profi\" href=\"https:\/\/www.werbemittel-druck-profi.de\/\" target=\"_blank\" rel=\"noopener\">www.werbemittel-druck-profi.de<\/a><br \/>\n<a title=\"der werbeschilder-profi\" href=\"https:\/\/www.werbeschilder-profi.de\/\" target=\"_blank\" rel=\"noopener\">www.werbeschilder-profi.de<\/a><br \/>\n<a title=\"der werbetechnik-profi\" href=\"https:\/\/www.werbetechnik-profi.de\/\" target=\"_blank\" rel=\"noopener\">www.werbetechnik-profi.de<\/a><br \/>\n<a title=\"der werbeturm-profi\" href=\"https:\/\/www.werbeturm-profi.de\/\" target=\"_blank\" rel=\"noopener\">www.werbeturm-profi.de<\/a><\/p>\n<\/div>\n<\/div>\n<\/div>\n<\/article>\n","protected":false},"excerpt":{"rendered":"<p>Die langwost Unternehmensgruppe: Das langwost.de-Team ist eine Division der idee-produktion.de GmbH und betreut seit 1984 Unternehmen in den Fachbereichen Networking, [&hellip;]<\/p>\n","protected":false},"author":1,"featured_media":0,"parent":0,"menu_order":0,"comment_status":"closed","ping_status":"closed","template":"page-fullwidth.php","meta":{"footnotes":"","_links_to":"","_links_to_target":""},"class_list":["post-787","page","type-page","status-publish","hentry","no-featured-image"],"_links":{"self":[{"href":"https:\/\/bauschild-miete.de\/index.php?rest_route=\/wp\/v2\/pages\/787","targetHints":{"allow":["GET"]}}],"collection":[{"href":"https:\/\/bauschild-miete.de\/index.php?rest_route=\/wp\/v2\/pages"}],"about":[{"href":"https:\/\/bauschild-miete.de\/index.php?rest_route=\/wp\/v2\/types\/page"}],"author":[{"embeddable":true,"href":"https:\/\/bauschild-miete.de\/index.php?rest_route=\/wp\/v2\/users\/1"}],"replies":[{"embeddable":true,"href":"https:\/\/bauschild-miete.de\/index.php?rest_route=%2Fwp%2Fv2%2Fcomments&post=787"}],"version-history":[{"count":26,"href":"https:\/\/bauschild-miete.de\/index.php?rest_route=\/wp\/v2\/pages\/787\/revisions"}],"predecessor-version":[{"id":14717,"href":"https:\/\/bauschild-miete.de\/index.php?rest_route=\/wp\/v2\/pages\/787\/revisions\/14717"}],"wp:attachment":[{"href":"https:\/\/bauschild-miete.de\/index.php?rest_route=%2Fwp%2Fv2%2Fmedia&parent=787"}],"curies":[{"name":"wp","href":"https:\/\/api.w.org\/{rel}","templated":true}]}}