{"id":2240,"date":"2013-11-13T08:27:22","date_gmt":"2013-11-13T07:27:22","guid":{"rendered":"http:\/\/bauschild-miete.de\/?page_id=2240"},"modified":"2023-07-17T10:08:14","modified_gmt":"2023-07-17T08:08:14","slug":"dieser-shop-ist-nur-fuer-gewerbetreibende","status":"publish","type":"page","link":"https:\/\/bauschild-miete.de\/?page_id=2240","title":{"rendered":"Dieser Shop ist nur f\u00fcr Gewerbetreibende!"},"content":{"rendered":"<div>Dieser\u00a0<strong><a title=\"Infos \u00fcber das Werben am Bau.\" href=\"https:\/\/bauschild-miete.de\/\" target=\"_blank\" rel=\"noopener\">bauschild-miete.de<\/a>\u00a0<\/strong>&#8211; Shop und die darin enthaltenen Angebote<br \/>\nsind ausschliesslich f\u00fcr die direkte gewerbliche Online-Bestellung<br \/>\n\u2013 f\u00fcr Gewerbetreibende<br \/>\n\u2013 Werbeagenturen und\u00a0Vermittler<br \/>\n\u2013 f\u00fcr Wiederverk\u00e4ufer<br \/>\n\u2013 f\u00fcr St\u00e4dte- und Gemeinden<br \/>\n\u2013 f\u00fcr Architekten- und Planungsb\u00fcros und<br \/>\n\u2013 f\u00fcr alle Eink\u00e4ufer von gewerblichen und \u00f6ffentlichen Unternehmen.<\/div>\n<div><\/div>\n<div>Die im Shop abgebildeten Preise sind zzgl. der g\u00fcltigen Mehrwertsteuer.<\/p>\n<div><\/div>\n<div><strong><span style=\"text-decoration: underline;\">Wiederverk\u00e4ufer <\/span>f\u00fcr den Direktvertrieb k\u00f6nnen sich bei uns <\/strong><br \/>\n<strong> per mail bewerben.<\/strong><\/div>\n<\/div>\n<div><\/div>\n<div>Sollten Sie Endverbraucher sein oder nicht gewerblich Einkaufen, senden Sie bitte<br \/>\nmail an: <a title=\"Der Kontakt zu bauschild-miete.de.\" href=\"mailto:info@bauschild-miete.de\" target=\"_blank\" rel=\"noopener\">info@bauschild-miete.de<\/a>\u00a0und fragen nach Ihrem speziellen Angebot.<\/div>\n","protected":false},"excerpt":{"rendered":"<p>Dieser\u00a0bauschild-miete.de\u00a0&#8211; Shop und die darin enthaltenen Angebote sind ausschliesslich f\u00fcr die direkte gewerbliche Online-Bestellung \u2013 f\u00fcr Gewerbetreibende \u2013 Werbeagenturen und\u00a0Vermittler [&hellip;]<\/p>\n","protected":false},"author":1,"featured_media":0,"parent":0,"menu_order":0,"comment_status":"closed","ping_status":"closed","template":"","meta":{"footnotes":"","_links_to":"","_links_to_target":""},"class_list":["post-2240","page","type-page","status-publish","hentry","no-featured-image"],"_links":{"self":[{"href":"https:\/\/bauschild-miete.de\/index.php?rest_route=\/wp\/v2\/pages\/2240","targetHints":{"allow":["GET"]}}],"collection":[{"href":"https:\/\/bauschild-miete.de\/index.php?rest_route=\/wp\/v2\/pages"}],"about":[{"href":"https:\/\/bauschild-miete.de\/index.php?rest_route=\/wp\/v2\/types\/page"}],"author":[{"embeddable":true,"href":"https:\/\/bauschild-miete.de\/index.php?rest_route=\/wp\/v2\/users\/1"}],"replies":[{"embeddable":true,"href":"https:\/\/bauschild-miete.de\/index.php?rest_route=%2Fwp%2Fv2%2Fcomments&post=2240"}],"version-history":[{"count":10,"href":"https:\/\/bauschild-miete.de\/index.php?rest_route=\/wp\/v2\/pages\/2240\/revisions"}],"predecessor-version":[{"id":13088,"href":"https:\/\/bauschild-miete.de\/index.php?rest_route=\/wp\/v2\/pages\/2240\/revisions\/13088"}],"wp:attachment":[{"href":"https:\/\/bauschild-miete.de\/index.php?rest_route=%2Fwp%2Fv2%2Fmedia&parent=2240"}],"curies":[{"name":"wp","href":"https:\/\/api.w.org\/{rel}","templated":true}]}}