{"id":1837,"date":"2013-11-03T10:54:22","date_gmt":"2013-11-03T09:54:22","guid":{"rendered":"http:\/\/bauschild-miete.de\/?page_id=1837"},"modified":"2016-05-13T10:37:49","modified_gmt":"2016-05-13T08:37:49","slug":"bauschilder-bis-36qm","status":"publish","type":"page","link":"https:\/\/bauschild-miete.de\/?page_id=1837","title":{"rendered":"Bauschilder bis 36qm"},"content":{"rendered":"<p><strong>Warum Bauschilder?<\/strong><br \/>\nEine ansprechende Bauschilderstellung ist eines der ersten Schritte Ihr Bauvorhaben der \u00d6ffentlichkeit zu pr\u00e4sentieren. Dies sollte in einem angemessenen Rahmen und Gr\u00f6\u00dfe zu den jeweiligen Bauvorhaben stattfinden.<br \/>\nAuf Geb\u00e4udegr\u00f6\u00dfe, Optik, G\u00fcte und Visualisierung Ihres Bauprojektes k\u00f6nnen Sie schon im Vorfeld \u00a0hinweisen, bevor der erste Spatenstich stattfindet und die ersten Baufortschritte zu sehen sind.<\/p>\n<p><strong>Welche Bauschildgr\u00f6\u00dfe ist angemessen?<\/strong><br \/>\nDie Gr\u00f6\u00dfenbestimmung eines Bauschildes ist frei w\u00e4hlbar, sollte jedoch angemessen zum Bauobjekt und deren Bauvolumen sein. Ob die Schilddarstellung nun im Hochformat oder Querformat ist, mit oder ohne darunter liegenden \u00a0Gewerkeschildern ausgef\u00fchrt wird, h\u00e4ngt ganz von der Notwendigkeit ab, von Ihrer Gestaltung und von den vorhandenen Platz und den daf\u00fcr bereitgestellten Budget.<br \/>\nFinal wird Ihr Bauschild w\u00e4hrend der Bauphase f\u00fcr viele Betrachter im Mittelpunkt stehen. Kunden Lieferanten und die allgemeine \u00d6ffentlichkeit soll ja schliesslich informiert werden, der Werbeaspekt ist ein nicht ganz unwesentlicher Teil der Bauschildma\u00dfnahme.<br \/>\nSorgen Sie mit Hilfe eines passendes Bauschildes f\u00fcr angemessene Gr\u00f6\u00dfe und Darstellung Ihres Bauprojektes, um Akzeptanz und Wertsch\u00e4tzung zu schaffen.<\/p>\n<p>Die schlussendliche Gr\u00f6\u00dfe eines Bauschildes h\u00e4ngt also von mehreren Faktoren ab und je nach Bauvolumen gilt ganz grob die <strong>Faustformel: 1qm Bauschild pro 100tsd.\u20ac Bauvolumen.<br \/>\n<\/strong>So kann ein Einfamilienhaus f\u00fcr 300tsd\u20ac schon mit 3qm auskommen, was in etwa einem Schild von 3 x 1 m entspricht.<br \/>\nEin Gewerbebau, B\u00fcrohaus oder Klein-Supermarkt f\u00fcr z.B. 1,2Mio.\u20ac k\u00f6nnte ein 12qm Bauschild erhalten, z.B. in einer Gr\u00f6\u00dfe von 3 x 4m.<br \/>\nDas sind nat\u00fcrlich nur Cirka-Werte.<br \/>\nEin gr\u00f6\u00dferes Bauprojekt wie z.B. ein mehrgeschossiges umfangreiches B\u00fcrogeb\u00e4ude oder FachmarktCentrum mit mehreren Shop in Shop M\u00e4rkten oder ein Gro\u00dfgewerbebau der bei 15 Mio. Bausumme liegen k\u00f6nnte, darf auch schon mal ein repr\u00e4sentatives Bauschild von 6 x 6 m bekommen oder auch im Pr\u00e4sentations-Werbeformat von B12 x H 6 m.<\/p>\n<p><strong>Gr\u00f6\u00dfer geht immer! Mit maxitruss.de + maxiwall.de<br \/>\n<\/strong>Zeigen Ihr Bauprojekt auf Gro\u00dfbildwand. maxitruss und maxiwall sind daf\u00fcr die genau die richtigen<br \/>\nGro\u00dfbildwerbew\u00e4nde. Attraktiv und ansprechend visualisiert z.B. im Format B18.00 x H 12.00m, \u00a0was einer netto Werbefl\u00e4che von ca. 200qm Bauschild-Pr\u00e4sentation entspricht.<br \/>\nBitte beachten Sie, das dies lediglich cirka Werte sind und die Gr\u00f6\u00dfe eine Bauschildes frei w\u00e4hlbar sind.<br \/>\nAuch Gro\u00dfbildleinw\u00e4nde von B24.00 x H 20.00m sind m\u00f6glich und sind mit 480 qm zur Zeit die gr\u00f6\u00dften freistehenden Bauschildwerbefl\u00e4chen die europaweit buchbar sind.<br \/>\n<strong>Gr\u00f6\u00dfer geht immer, auch bei uns!<\/strong><\/p>\n<p>Bei umfangreichen Bauprojekten ist die Vorab-Darstellung in der \u00d6ffentlichkeit ein sehr wichtiger Infomationsprozess, der mit inhaltlich wichtigen und visualisierten Kommunikationsbotschaften Ihr projektiertes Bauvorhaben gleich im angemessen Rahmen Ihrer Zielgruppe pr\u00e4sentiert.<\/p>\n<p>Verbraucher, Medien und Ihre zuk\u00fcnftigen Kunden, Mieter und Betreiber fiebern genauso wie Sie der Fertigstellung entgegen.<br \/>\n<strong>Lassen Sie gleich von Anfang an Ihr Projekt im Mittelpunkt stehen.<\/strong><br \/>\nWir projektieren und erstellen Bauschild-Pr\u00e4sentationsl\u00f6sungen von 2 bis 480 qm !<\/p>\n<div>\u00a0In unseren Bauschild-Shop-Preisen sind alle Kosten includiert. Stellen Sie sich Ihr pers\u00f6nliches Bauschildangebot zusammen, von uns erhalten Sie &#8222;schl\u00fcsselfertig&#8220; aufgebaute Systeml\u00f6sungen.<\/div>\n","protected":false},"excerpt":{"rendered":"<p>Warum Bauschilder? Eine ansprechende Bauschilderstellung ist eines der ersten Schritte Ihr Bauvorhaben der \u00d6ffentlichkeit zu pr\u00e4sentieren. Dies sollte in einem [&hellip;]<\/p>\n","protected":false},"author":1,"featured_media":0,"parent":0,"menu_order":0,"comment_status":"closed","ping_status":"closed","template":"","meta":{"footnotes":"","_links_to":"","_links_to_target":""},"class_list":["post-1837","page","type-page","status-publish","hentry","no-featured-image"],"_links":{"self":[{"href":"https:\/\/bauschild-miete.de\/index.php?rest_route=\/wp\/v2\/pages\/1837","targetHints":{"allow":["GET"]}}],"collection":[{"href":"https:\/\/bauschild-miete.de\/index.php?rest_route=\/wp\/v2\/pages"}],"about":[{"href":"https:\/\/bauschild-miete.de\/index.php?rest_route=\/wp\/v2\/types\/page"}],"author":[{"embeddable":true,"href":"https:\/\/bauschild-miete.de\/index.php?rest_route=\/wp\/v2\/users\/1"}],"replies":[{"embeddable":true,"href":"https:\/\/bauschild-miete.de\/index.php?rest_route=%2Fwp%2Fv2%2Fcomments&post=1837"}],"version-history":[{"count":11,"href":"https:\/\/bauschild-miete.de\/index.php?rest_route=\/wp\/v2\/pages\/1837\/revisions"}],"predecessor-version":[{"id":9911,"href":"https:\/\/bauschild-miete.de\/index.php?rest_route=\/wp\/v2\/pages\/1837\/revisions\/9911"}],"wp:attachment":[{"href":"https:\/\/bauschild-miete.de\/index.php?rest_route=%2Fwp%2Fv2%2Fmedia&parent=1837"}],"curies":[{"name":"wp","href":"https:\/\/api.w.org\/{rel}","templated":true}]}}