{"id":1495,"date":"2013-11-01T12:16:19","date_gmt":"2013-11-01T11:16:19","guid":{"rendered":"http:\/\/bauschild-miete.de\/?page_id=1495"},"modified":"2016-11-23T16:46:25","modified_gmt":"2016-11-23T15:46:25","slug":"bauzaun-banner-pvc-plane","status":"publish","type":"page","link":"https:\/\/bauschild-miete.de\/?page_id=1495","title":{"rendered":"Bauzaun-Banner PVC-mesh"},"content":{"rendered":"<p>Mesh kommt aus dem Englischen und bedeutet Maschenweite\/Netz oder bei uns bedeutet es einfach, das es sich um eine mesh-Gitternetz-PVC-Plane handelt.<br \/>\nDie mesh PVC-Plane, hat eine leicht winddurchl\u00e4ssige Oberfl\u00e4che, und ist ideal f\u00fcr Ger\u00fcstwerbung, Bauzaunwerbung und Werbung vor ggf. Fenster\u00f6ffnung, da sie durch das Gewebe wind- und lichtoffen ist.<br \/>\nDie mesh-Plane wurde in den 1990er entwickelt, sieht \u00e4hnlich aus wie eine Gardine aus Omas besten Zeiten und hat im Vergleich zur Gardine eine grobk\u00f6rnige Maschenweite.<br \/>\n<strong>Diese mesh-Plane ist erstaunlich stabil<\/strong> und beinahe so reissfest wie eine normale PVC-Plane, auf alle F\u00e4lle stabil genug, um kurz- und langfristig im Aussenbereich an sensiblen Stellen wie dem Bauger\u00fcst oder dem Bauzaun als gro\u00dffl\u00e4chige Werbefl\u00e4che hervorragende Dienste zu leisten.<br \/>\nDurch die winddurchschl\u00fcpfrigen Maschen wird die Windangriffsfl\u00e4che enorm gesenkt und so k\u00f6nnen auch Werbeuntergr\u00fcnde mit sensiblen Untergrund, die meist gro\u00dffl\u00e4chig auf Baustellen zur Verf\u00fcgung stehen, bestens genutzt werden, ohne das man Angst haben muss, das bei der n\u00e4chsten Windboe der Bauzaun oder das Ger\u00fcst wegsegelt.<br \/>\n<strong>Doch Vorsicht!:<\/strong>\u00a0der Schein tr\u00fcgt, denn auch eine mesh-Werbeplane hat bei entsprechender Gr\u00f6\u00dfe eine beachtliche Windangriffsfl\u00e4che. Wenn Sie also Gr\u00f6\u00dferes planen, dann sollte sich Ihr Ger\u00fcstbauer oder ein Statiker sich mit der tats\u00e4chlichen anzubringenden Gr\u00f6\u00dfe der Werbefl\u00e4che und deren Windlast, die in das Ger\u00fcst oder Bauzaunverankerung eingeleitet wird, deutlich auseinander setzen.<\/p>\n<p><strong>Das mesh-Werbebanner ist sonst ein tolles Material<\/strong>, l\u00e4st sich super bedrucken, problemlos konfektionieren und ebenso leicht montieren. Wir bedrucken die Banner in bis zu 500 cm Rollenbreite und auch gr\u00f6\u00dfere Motive sind nat\u00fcrlich druckbar, denn bei Gro\u00dfformaten werden die bedruckten mesh-Banner dann in ein Gro\u00dfbanner Naht an Naht zusammen geschweisst und k\u00f6nnen Gro\u00dfmotive ergeben, die mehere 100qm gro\u00df sein k\u00f6nnen.<br \/>\nStandardm\u00e4ssig erhalten die Ger\u00fcstbanner ringsum alle 50 cm eine Ringoese, zur sp\u00e4teren bauseitigen Befestigung.<br \/>\nSollten Sie einen Hohlsaum zum Durchschieben einer Ger\u00fcststange ben\u00f6tigen, geben Sie dies einfach bei Ihrer Bestellung als Konfektionierungswunsch an.<\/p>\n<p>Bitte vers\u00e4umen Sie nicht bei Bestellung uns eine entsprechende Druckdatei zu \u00fcbermitteln.<br \/>\nSollten Sie keine Druckdaten haben, k\u00f6nnen Sie diese \u00a0<a title=\"Druckdatenerstellung gleich mit bestellen.\" href=\"https:\/\/bauschild-miete.de\/?product=druckdatenerstellung-bis-1qm-druckschildbanner\" target=\"_blank\"><strong>hier<\/strong><\/a> bestellen.<\/p>\n","protected":false},"excerpt":{"rendered":"<p>Mesh kommt aus dem Englischen und bedeutet Maschenweite\/Netz oder bei uns bedeutet es einfach, das es sich um eine mesh-Gitternetz-PVC-Plane [&hellip;]<\/p>\n","protected":false},"author":1,"featured_media":0,"parent":0,"menu_order":0,"comment_status":"closed","ping_status":"closed","template":"","meta":{"footnotes":"","_links_to":"","_links_to_target":""},"class_list":["post-1495","page","type-page","status-publish","hentry","no-featured-image"],"_links":{"self":[{"href":"https:\/\/bauschild-miete.de\/index.php?rest_route=\/wp\/v2\/pages\/1495","targetHints":{"allow":["GET"]}}],"collection":[{"href":"https:\/\/bauschild-miete.de\/index.php?rest_route=\/wp\/v2\/pages"}],"about":[{"href":"https:\/\/bauschild-miete.de\/index.php?rest_route=\/wp\/v2\/types\/page"}],"author":[{"embeddable":true,"href":"https:\/\/bauschild-miete.de\/index.php?rest_route=\/wp\/v2\/users\/1"}],"replies":[{"embeddable":true,"href":"https:\/\/bauschild-miete.de\/index.php?rest_route=%2Fwp%2Fv2%2Fcomments&post=1495"}],"version-history":[{"count":7,"href":"https:\/\/bauschild-miete.de\/index.php?rest_route=\/wp\/v2\/pages\/1495\/revisions"}],"predecessor-version":[{"id":6307,"href":"https:\/\/bauschild-miete.de\/index.php?rest_route=\/wp\/v2\/pages\/1495\/revisions\/6307"}],"wp:attachment":[{"href":"https:\/\/bauschild-miete.de\/index.php?rest_route=%2Fwp%2Fv2%2Fmedia&parent=1495"}],"curies":[{"name":"wp","href":"https:\/\/api.w.org\/{rel}","templated":true}]}}