{"id":1493,"date":"2013-11-01T12:15:50","date_gmt":"2013-11-01T11:15:50","guid":{"rendered":"http:\/\/bauschild-miete.de\/?page_id=1493"},"modified":"2016-11-23T16:45:59","modified_gmt":"2016-11-23T15:45:59","slug":"werbebanner-pvc-planen","status":"publish","type":"page","link":"https:\/\/bauschild-miete.de\/?page_id=1493","title":{"rendered":"Werbebanner. PVC-Planen"},"content":{"rendered":"<p><strong>Werbebanner aus PVC-Planenstoff<\/strong> sind in den letzten Jahren sehr in Mode gekommen. Die erstaunlich reissfesten und langlebigen Werbeplanen lassen sich digital mit Gro\u00dfformatdruckeren problemlos bedrucken und sind 4c-farbig wirtschaftlich herzustellen. Die Befestigung erfolgt meist mit am Rand eingeschlagenen kleinen Ringoesen, durch die dann die Verspannung mit Seilen und Gummizugb\u00e4ndern oder die Verschraubung in einem geeigneten Untergrund erfolgen kann.<br \/>\nDie Banner bekommen Sie schon im Kleinformat ab 100 x 100 cm oder aber auch in beachtlichen Gro\u00dfformat-Megaprints die mehere 100 qm haben k\u00f6nnen. Die Drucksysteme verarbeiten eine Rollenbreite von 500 cm, alles was gr\u00f6\u00dfer werden soll wird entsprechend in 500 cm Druckbahnen zusammengesetzt und mit einer dezenten Naht angeschweisst und verbunden. Die Naht ist aus entsprechenden Abstand nicht mehr zu sehen. Und da Werbebanner meist von \u00fcber 10m Abstand oder deutliche mehr betrachtet werden, ist das zusammenf\u00fcgen per Schweissnaht eine sehr gute und gebr\u00e4uchliche Art, um Grossbildmotive herzustellen.<\/p>\n<p><strong>Kurzzeit-Werbebanner oder Langzeit-Werbebanner<\/strong> &#8211; PVC-Planen sind sehr stabil.<br \/>\nDie Werbebanner sind bestens f\u00fcr Aktionswerbungen zu gebrauchen, um schnell und g\u00fcnstig gro\u00dfe Werbebotschaften zu pr\u00e4sentieren. Ein weiterer Vorteil f\u00fcr Werbebanner ist die Mobilit\u00e4t und das einfache Handling von Ort A zu Ort B.<br \/>\nWird das Banner nicht mehr ben\u00f6tigt, wird es einfach abgenommen, zusammengerollt oder gefaltet und kann in einem normalen PKW zur n\u00e4chsten Baustelle gebracht werden und wird die gedruckte Werbebotschaft dort verk\u00fcnden.<br \/>\n<strong>Die Montage und Installation<\/strong> kann einfach sein, sofern das Banner nicht zu gro\u00df und nicht zu hoch h\u00e4ngt. Dann geht es ziemlich fix und im Vergleich zum Werbeschild ist ein Banner wirklich einfach an einem Zaun oder an einem Ger\u00fcst verspannt. Lediglich f\u00fcr ganz kleine Werbebotschaften von unter 1,5 qm empfehlen wir eher ein Schild,<br \/>\nEin Werbebanner schon ab 2qm ist durchaus eine vern\u00fcnftige Alternative. Nach oben sind dem keine Grenzen gesetzt. Gro\u00dfmotive \u00fcber 40qm werden sowieso meist aus PVC-Planenstoff bedruckt.<br \/>\nAuch die \u00dcberlegung ein Bauschildmotiv mit einem Werbebanner auszustatten ist durchaus naheliegend, aber bedenken Sie, das ein Banner immer eine etwas d\u00fcnne und tuch\u00e4hnliche Anmutung hat.<br \/>\nGespannt an Bauger\u00fcsten oder am <strong><a title=\"Ihr direkter Link zu maxiwall.de und zu maxitruss.de.\" href=\"https:\/\/www.maxiwall.de\" target=\"_blank\">Maxitruss und Maxiwall-System<\/a><\/strong> sind Werbebanner perfekt geeignet f\u00fcr Gro\u00dfbildmotive!<br \/>\nKurzum, ein Werbebanner aus PVC -Plane ist eine prima Sache, h\u00e4lt lange, ist g\u00fcnstig in der Anschaffung und schnell bei Ihnen, wenn Sie uns fertige Druckdaten zur Verf\u00fcgung stellen.<br \/>\nSollten Sie keine Druckdaten bereit haben, dann schauen Sie bitte unter der Rubrik <a title=\"Hier k\u00f6nnen Sie Ihre Druckdaten bestellen.\" href=\"https:\/\/bauschild-miete.de\/?product=druckdatenerstellung-bis-1qm-druckschildbanner\" target=\"_blank\"><strong>Projektierung-Druckdaten<\/strong><\/a>\u00a0nach, dort erkl\u00e4ren wir genau was ben\u00f6tigt wird.<\/p>\n<p><strong>Noch eine kleiner Zusatz:<\/strong><br \/>\nEin Werbebanner aus PVC-Plane bietet gerade bei freistehender Montage wie z.B. eine Anbringung an einem Ger\u00fcst eine enorme Wind-Fl\u00e4che (auch Windangriffsfl\u00e4che genannt). Sofern Sie also mit den Gedanken spielen, das Werbebanner an einem winddurchl\u00e4ssigen Zaun oder gar an ein Ger\u00fcst zu montieren, ber\u00fccksichtigen Sie dabei, das bei Starkwind eine enorme Kraft f\u00fcr den tragenden Untergrund aufkommt! Extra f\u00fcr diesen Einsatzzweck wurde das <strong><a title=\"Infos f\u00fcr Bauzaun-Banner aus PVC-mesh.\" href=\"https:\/\/bauschild-miete.de\/?page_id=1495\" target=\"_blank\">mesh-Werbebanner<\/a><\/strong> ebenso aus PVC-Plane entwickelt. Dar\u00fcber k\u00f6nnen Sie <a title=\"Infos f\u00fcr Bauzaun-Banner aus PVC-mesh.\" href=\"https:\/\/bauschild-miete.de\/?page_id=1495\" target=\"_blank\"><strong>hier<\/strong><\/a> lesen.<\/p>\n","protected":false},"excerpt":{"rendered":"<p>Werbebanner aus PVC-Planenstoff sind in den letzten Jahren sehr in Mode gekommen. Die erstaunlich reissfesten und langlebigen Werbeplanen lassen sich [&hellip;]<\/p>\n","protected":false},"author":1,"featured_media":0,"parent":0,"menu_order":0,"comment_status":"closed","ping_status":"closed","template":"","meta":{"footnotes":"","_links_to":"","_links_to_target":""},"class_list":["post-1493","page","type-page","status-publish","hentry","no-featured-image"],"_links":{"self":[{"href":"https:\/\/bauschild-miete.de\/index.php?rest_route=\/wp\/v2\/pages\/1493","targetHints":{"allow":["GET"]}}],"collection":[{"href":"https:\/\/bauschild-miete.de\/index.php?rest_route=\/wp\/v2\/pages"}],"about":[{"href":"https:\/\/bauschild-miete.de\/index.php?rest_route=\/wp\/v2\/types\/page"}],"author":[{"embeddable":true,"href":"https:\/\/bauschild-miete.de\/index.php?rest_route=\/wp\/v2\/users\/1"}],"replies":[{"embeddable":true,"href":"https:\/\/bauschild-miete.de\/index.php?rest_route=%2Fwp%2Fv2%2Fcomments&post=1493"}],"version-history":[{"count":6,"href":"https:\/\/bauschild-miete.de\/index.php?rest_route=\/wp\/v2\/pages\/1493\/revisions"}],"predecessor-version":[{"id":6306,"href":"https:\/\/bauschild-miete.de\/index.php?rest_route=\/wp\/v2\/pages\/1493\/revisions\/6306"}],"wp:attachment":[{"href":"https:\/\/bauschild-miete.de\/index.php?rest_route=%2Fwp%2Fv2%2Fmedia&parent=1493"}],"curies":[{"name":"wp","href":"https:\/\/api.w.org\/{rel}","templated":true}]}}