{"id":1487,"date":"2013-11-01T12:14:31","date_gmt":"2013-11-01T11:14:31","guid":{"rendered":"http:\/\/bauschild-miete.de\/?page_id=1487"},"modified":"2016-11-23T16:45:13","modified_gmt":"2016-11-23T15:45:13","slug":"bauschildkonstruktion","status":"publish","type":"page","link":"https:\/\/bauschild-miete.de\/?page_id=1487","title":{"rendered":"nur Unterkonstruktion"},"content":{"rendered":"<p><strong>Ein Bauschild ohne Unterkonstruktion ist nur ein halbes Bauschild.<\/strong><br \/>\nWenn Sie f\u00fcr die Befestigung Ihres Bauschildes keine vorhandene Wandfl\u00e4che oder geeigneten senkrechten Untergrund zur Schildaufnahme \u00a0haben, dann finden Sie bei uns die passende L\u00f6sung!<\/p>\n<p><strong>Unterkonstruktionen aus Holz, Alutraverse oder aus Stahl?<\/strong><br \/>\nBauschild-Unterkonstruktionen bieten wir in allen 3 Materialien in den unterschiedlichsten Ausf\u00fchrungen an. Nahezu alle Unterkonstruktionen k\u00f6nnen wirtschaftlich aus Holzbalken hergestellt werden. Mittlere sowie gr\u00f6\u00dfere Unterkonstruktionen mit Designanspruch oder nach Kundenwunsch k\u00f6nnen aus Alutraversen oder Stahl-Systemstangen geliefert werden.<br \/>\nEines haben alle Konstruktionen gemeinsam, sie m\u00fcssen das jeweilige Bauschild aufnehmen und \u00fcber den Standzeitraum auf der Baustelle sicher stehen bleiben. Um eine m\u00f6glichst hohe Standfestigkeit zu erreichen, werden Bauschilder entweder im Erdreich verankert oder erhalten bei Mietsystemen im Fu\u00dfbereich entsprechende Betongewichte oder Sandboxen um f\u00fcr die Standsicherheit zu sorgen.<br \/>\nHier gibt es mehrere Ausf\u00fchrungsvarianten, die je nach Bauuntergrund und \u00f6rtlichen Gegebenheiten vorher abzukl\u00e4ren sind, um eine standsichere und wirtschaftliche L\u00f6sung zu erhalten.<\/p>\n<p><strong>Mieten oder Kaufen?<\/strong><br \/>\nDa viele Bauschildunterkonstruktionen zum Bauende wieder demontiert werden, und nicht dauerhaft vor Ort verbleiben, haben wir f\u00fcr Sie ein Mietsystem f\u00fcr die Unterkonstruktion entwickelt.\u00a0Wir liefern bundesweit, bauen die Unterkonstruktion vor Ort auf, und zum Bauende, holen wir die angemietete Konstruktion wieder ab. Das ist einfach, wirtschaftlich, senkt Ihre Kosten.<br \/>\nF\u00fcr Bauunternehmen, die \u00f6fters Bauschilder ben\u00f6tigen, kann es durchaus interessant sein, sich eigene Bauschildkonstruktionen anzuschaffen, da diese von Ihnen selber schnell aufgebaut und auch beim n\u00e4chsten Bauvorhaben, wieder zum Einsatz kommen k\u00f6nnen.<br \/>\nKauf oder miete &#8211; beides ist m\u00f6glich!<\/p>\n<p><strong>Das Holzbauschild<\/strong> ist g\u00fcnstig, ben\u00f6tigt einen soliden Aufbau, der teils bauseits auch in Eigenregie erledigt werden\u00a0kann (sofern geeignetes Montagepersonal und know how in ausreichender Zahl zur Verf\u00fcgung steht). Oder wir erledigen das f\u00fcr Sie!<br \/>\n<strong>Holz-Unterkonstruktionen<\/strong> m\u00fcssen wie alle Bauschildkonstruktionen solide im Erdreich oder mit Gewichten standsicher verankert und aufgestellt werden. F\u00fcr Holzbauschilder gibt es die M\u00f6glichkeit, die Standf\u00fcsse in das Erdreich mit Betonfundamenten zu verankern. Die senkrechten Standf\u00fcsse sowie die schr\u00e4g nach hinten gehenden Abst\u00fctzstreben werden nach erfolgreichen Bodenaushub mit Beton entsprechend vergossen. Der Standplatz sollte normalen, tragenden, gewachsenen Boden vorweisen.<br \/>\nNachteil dieser Methode: bei Asphalt- oder Pflasterzonen m\u00fcsste erst der Belag aufgenommen werden, damit dort die Fundamente eingebracht werden k\u00f6nnen, die dort zum Mietende verbleiben.<br \/>\nAlternativ zu oben beschriebenen Fundamentsystem\u00a0haben wir speziell f\u00fcr Holzbauschilder eine Holzsandkiste entwickelt. Die Holzunterkonstruktion wird mit einer gro\u00dfe Holzkiste aufgebaut und verbunden, die Kiste dann mit Sand entsprechend aufgef\u00fcllt, wie ein Sandkasten. Das Gewicht des Sandes, das dann mehrere Tonnen betr\u00e4gt, ersetzt innerhalb der Sandkiste das Fundamentgewicht und sorgt durch die Verbindung Sandkiste zur Standkonstruktion f\u00fcr die entsprechende Standsicherheit.<br \/>\nHolzbauschilder sind auch optisch nicht jedermanns Sache, deswegen gibt es Alternativen.<br \/>\nMit obiger Methode &#8222;Fundament oder Holzsandkiste&#8220; lassen sich auch\u00a0Stahl- und Alu-Truss-konstruktionen befestigen.<br \/>\n<strong>Stahl- und Alutruss-Konstruktionen<br \/>\n<\/strong>haben den Vorteil, das sie schick ausschauen, und das die Konstruktionen auch nach dem Abbau als Modulsystem weiter verwendet werden k\u00f6nnen. Stahl- und Alukonstruktionen lassen sich zudem auch gut mit Betonfertigteilen im Fu\u00dfbereich belasten, so das die Standsicherheit mit modularen Betonelementen in entsprechender Anzahl, hergestellt werden kann. Zum Ende der Bauzeit k\u00f6nnen diese Modulelemente ganz einfach von der Baustelle abger\u00e4umt werden.<\/p>\n<p>Obige Systeme in Holz, Alutruss oder Stahl bieten wir zum Kauf und zur Miete an.<br \/>\n<strong>Sie erhalten von uns eine fertige Einheit:<\/strong><br \/>\na) zur Miete zur Abholung und Selberaufbau und R\u00fccklieferung zum Bauzeitende<br \/>\nb) oder komplett incl. Anlieferung\/Aufbau<br \/>\nc) oder\u00a0Kauf der jeweiligen Modulelemente mit oder ohne Aufbau.<\/p>\n","protected":false},"excerpt":{"rendered":"<p>Ein Bauschild ohne Unterkonstruktion ist nur ein halbes Bauschild. Wenn Sie f\u00fcr die Befestigung Ihres Bauschildes keine vorhandene Wandfl\u00e4che oder [&hellip;]<\/p>\n","protected":false},"author":1,"featured_media":0,"parent":0,"menu_order":0,"comment_status":"closed","ping_status":"closed","template":"","meta":{"footnotes":"","_links_to":"","_links_to_target":""},"class_list":["post-1487","page","type-page","status-publish","hentry","no-featured-image"],"_links":{"self":[{"href":"https:\/\/bauschild-miete.de\/index.php?rest_route=\/wp\/v2\/pages\/1487","targetHints":{"allow":["GET"]}}],"collection":[{"href":"https:\/\/bauschild-miete.de\/index.php?rest_route=\/wp\/v2\/pages"}],"about":[{"href":"https:\/\/bauschild-miete.de\/index.php?rest_route=\/wp\/v2\/types\/page"}],"author":[{"embeddable":true,"href":"https:\/\/bauschild-miete.de\/index.php?rest_route=\/wp\/v2\/users\/1"}],"replies":[{"embeddable":true,"href":"https:\/\/bauschild-miete.de\/index.php?rest_route=%2Fwp%2Fv2%2Fcomments&post=1487"}],"version-history":[{"count":9,"href":"https:\/\/bauschild-miete.de\/index.php?rest_route=\/wp\/v2\/pages\/1487\/revisions"}],"predecessor-version":[{"id":9910,"href":"https:\/\/bauschild-miete.de\/index.php?rest_route=\/wp\/v2\/pages\/1487\/revisions\/9910"}],"wp:attachment":[{"href":"https:\/\/bauschild-miete.de\/index.php?rest_route=%2Fwp%2Fv2%2Fmedia&parent=1487"}],"curies":[{"name":"wp","href":"https:\/\/api.w.org\/{rel}","templated":true}]}}