{"id":1485,"date":"2013-11-01T12:14:13","date_gmt":"2013-11-01T11:14:13","guid":{"rendered":"http:\/\/bauschild-miete.de\/?page_id=1485"},"modified":"2016-05-13T10:38:30","modified_gmt":"2016-05-13T08:38:30","slug":"gewerkeschilder","status":"publish","type":"page","link":"https:\/\/bauschild-miete.de\/?page_id=1485","title":{"rendered":"Gewerkeschilder"},"content":{"rendered":"<p><strong>Gewerkeschilder sind kleinen n\u00fctzlichen Informanten<\/strong><br \/>\ndie meist unterhalb des Bauschildes anzutreffen sind und geben Auskunft \u00fcber die am Bau beteiligten Firmen, so das f\u00fcr deren schnelle und problemlosen Kontaktaufnahme alle Adress-Infos dort aufgelistet sind.<\/p>\n<p>Es gibt keine Norm, ausser das die Schilder ausreichend gro\u00df und gut lesbar sein sollten. Gew\u00f6hnlich werden diese mit schwarzer Standardschrift in Arial beschriftet. Sonderw\u00fcnsche wie z.B. die Darstellung der Firmenlogos sind nat\u00fcrlich m\u00f6glich.<\/p>\n<p><strong>4 verschiedene Schildma\u00dfe f\u00fcr die Gewerkeschilder<\/strong><br \/>\nhaben sich je nach Bauschildgr\u00f6\u00dfe bew\u00e4hrt:<br \/>\n&#8211; B100 x H15 cm und B125 x H12 cm f\u00fcr die kleinen und mittleren Bauschilder sowie<br \/>\n&#8211; B150 x H15 cm und B200 x H20 cm \u00a0f\u00fcr die gr\u00f6\u00dferen Bauschildvarianten.<\/p>\n<p>Die Schilder werden einzeln oder in entsprechenden Sets angefertig, so das diese ebenso einzeln montiert werden und, wenn gew\u00fcnscht, zum Bauende den jeweiligen Fachunternehmen zur Mitnahme zur Verf\u00fcgung stehen. Meist werden die Gewerkeschilder vom GU an die Handwerksfirmen weiter berechnet oder umgelegt auf die sowieso anfallenden Baustellenkosten.<\/p>\n<p><strong>Die Gewerkeschilder werden aus wetterfesten Aluverbund hergestellt<\/strong><br \/>\nEs gibt auch die M\u00f6glichkeit, die Gewerkebeschriftungen gleich mit auf dem Hauptbauschild zu integrieren,\u00a0entsprechend ist die Bautafel gr\u00f6\u00dfer zu w\u00e4hlen und Ihre Druckdatei mit den Gewerkefirmen anzulegen. \u00a0Oder auf dem Bauschild wird im unterem Bereich ein entsprechender weisser Platz ausgespart, wo dann die Gewerkeschilder je nach Baufortschritt, angebracht werden k\u00f6nnen.<br \/>\nDas hat sich bew\u00e4hrt!<\/p>\n<p>Vergessen Sie nicht die Gewerkeschilder gleich von Anfang an zu ber\u00fccksichtigen, denn eine nachtr\u00e4gliche Installation ist meist aufw\u00e4ndiger und mit zus\u00e4tzlichen Kosten, Kontrollen und Koordinationen verbunden.<\/p>\n<p>&nbsp;<\/p>\n","protected":false},"excerpt":{"rendered":"<p>Gewerkeschilder sind kleinen n\u00fctzlichen Informanten die meist unterhalb des Bauschildes anzutreffen sind und geben Auskunft \u00fcber die am Bau beteiligten [&hellip;]<\/p>\n","protected":false},"author":1,"featured_media":0,"parent":0,"menu_order":0,"comment_status":"closed","ping_status":"closed","template":"","meta":{"footnotes":"","_links_to":"","_links_to_target":""},"class_list":["post-1485","page","type-page","status-publish","hentry","no-featured-image"],"_links":{"self":[{"href":"https:\/\/bauschild-miete.de\/index.php?rest_route=\/wp\/v2\/pages\/1485","targetHints":{"allow":["GET"]}}],"collection":[{"href":"https:\/\/bauschild-miete.de\/index.php?rest_route=\/wp\/v2\/pages"}],"about":[{"href":"https:\/\/bauschild-miete.de\/index.php?rest_route=\/wp\/v2\/types\/page"}],"author":[{"embeddable":true,"href":"https:\/\/bauschild-miete.de\/index.php?rest_route=\/wp\/v2\/users\/1"}],"replies":[{"embeddable":true,"href":"https:\/\/bauschild-miete.de\/index.php?rest_route=%2Fwp%2Fv2%2Fcomments&post=1485"}],"version-history":[{"count":9,"href":"https:\/\/bauschild-miete.de\/index.php?rest_route=\/wp\/v2\/pages\/1485\/revisions"}],"predecessor-version":[{"id":6304,"href":"https:\/\/bauschild-miete.de\/index.php?rest_route=\/wp\/v2\/pages\/1485\/revisions\/6304"}],"wp:attachment":[{"href":"https:\/\/bauschild-miete.de\/index.php?rest_route=%2Fwp%2Fv2%2Fmedia&parent=1485"}],"curies":[{"name":"wp","href":"https:\/\/api.w.org\/{rel}","templated":true}]}}