{"id":1481,"date":"2013-11-01T12:12:47","date_gmt":"2013-11-01T11:12:47","guid":{"rendered":"http:\/\/bauschild-miete.de\/?page_id=1481"},"modified":"2016-11-23T16:44:23","modified_gmt":"2016-11-23T15:44:23","slug":"nur-schilder-2-bis-2qm","status":"publish","type":"page","link":"https:\/\/bauschild-miete.de\/?page_id=1481","title":{"rendered":"Schilder gross + klein."},"content":{"rendered":"<p><strong>Es war einmal&#8230;..<\/strong><br \/>\nFr\u00fcher wurden Bauschilder aus Holztafeln hergestellt, die zuvor m\u00fchsam an den Kanten gespachtelt wurden und dann mit 3 oder 4 Farbschichtungen manuell weiss lackiert wurden, um eine beschriftbare Grundfl\u00e4che herzustellen.<br \/>\nDoch die Zeiten sind nun endg\u00fcltig vorbei, da gibt es bessere Werkstoffe.<\/p>\n<p><strong>Aluverbund, erste Wahl bei der Schildherstellung.<\/strong><br \/>\nHeutzutage werden Bauschilder meist aus wetterfesten, glatten, werksseitig weiss lackierten Aluverbundtafeln hergestellt. Wie der Name Aluverbund schon zum Ausdruck bringt, handelt es sich bei Aluverbundtafeln um Tafeln, die in Sandwitchbauweise im Verbund hergestellt werden. Diese sind verpresst und haben eine sehr hohe Steifigkeit. Unten und oben eine Schicht Alutafel und dazwischen ein Kunststoffkern, fertig ist die Aulverbundtafel die beidseitig glatt und weiss ist und sich hervorragend beschriften l\u00e4sst.<\/p>\n<p><strong>Nahezu jede Gr\u00f6\u00dfe ist m\u00f6glich.<\/strong><br \/>\nDie Aluverbundtafeln gibt es in Standardgr\u00f6\u00dfen von 100 x 200 cm, 125 x 250 cm sowie 150 x 300 cm und 150 x 400 cm. So kann je nach Bauschildgr\u00f6\u00dfe das passende Tafelformat ausgesucht werden. Bei gr\u00f6\u00dferen Schildformaten wird aus den jeweils gr\u00f6\u00dften Tafeln das Gesamtmotiv aus mehreren Einzeltafeln zusammen gesetzt. So werden Werbeschilder in nahezu allen Formaten produziert. Ihre Schilder k\u00f6nnen wir in ganz klein produzieren, wir fangen in der Preisliste ab 30 x 20 cm an (nat\u00fcrlich w\u00e4re auch kleiner m\u00f6glich) und bieten standardm\u00e4ssig bis 36 qm Schildformat an, was einer Formatgr\u00f6\u00dfe von 600 x 600 cm entspricht.<br \/>\nGr\u00f6\u00dfer w\u00e4r auch m\u00f6glich, dann setzen Sie sich einfach aus den angebotenen Schildgr\u00f6\u00dfen die n\u00e4chst gr\u00f6\u00dfere Variante zusammen: \u00a0z.B. \u00a0600 x 1200 cm \u00a0aus<br \/>\n2 x \u00a0600 x 600 cm, oder wenn Sie ein Schild ben\u00f6tigen z.B. 400 x 1200 cm das sind<br \/>\ndann 3 \u00a0x \u00a0400 x 400 cm.<br \/>\nWir haben f\u00fcr jedes Format die passende L\u00f6sung!<\/p>\n<p><strong>Fachgerechte Beschriftung.<br \/>\n<\/strong>Die Beschriftung wird digital von einer Druckdatei auf Hochleistungsdruckern ausgef\u00fchrt und wird im Regelfall auf eine\u00a0wetterfester Folie gedruckt, die dann auf die Tafeln aufkaschiert wird. Die Folien sind heutzutage sehr witterungsbest\u00e4ndig und auch die Drucktinten sind f\u00fcr den Dauerausseneinsatz f\u00fcr bis zu 3-5 Jahre bestens geeignet. Da Bauschilder in der Regel nur 6 Monate oder bis zu 2 Jahren stehen, ist also dies Beschriftungssystem das meist verbreitete und ideal f\u00fcr den Bauschildeinsatz.<br \/>\nHinweisschilder am Bau m\u00fcssen nicht nur Bauschilder sein, sondern k\u00f6nnen auch Gefahrenzonen kennzeichnen, Einfahrtswege ausschildern oder die Baustellen-\u00d6ffnungszeiten angeben.<br \/>\nMeist werden Kleinschilder als Werbeschilder der Firmen verwendet, mit Firmenlogo, Adresse und Telefon oder Internetseite ausgestattet, k\u00f6nnen Sie so erfolgreich Werbung am Bau betreiben und auf Ihre jeweiligen Dienstleistungen und Ihre handwerklichen Leistungen hinweisen.<\/p>\n<p><strong>Warum sind Schilder wichtig f\u00fcr den Erfolg?<\/strong><br \/>\nFirmenschilder sind wichtig, denn gerade am Bau werden die Gesch\u00e4ftskontakte in der Praxis gekn\u00fcpft.\u00a0Wer kein Schild hat, der ist eigentlich gar nicht da!<br \/>\nWer mit vielen Schildern sein Umfeld informiert, ist in &#8222;aller Munde&#8220; und stets pr\u00e4sent und profitiert f\u00fcr die Zukunft. Wer also auf dem Bau wirbt, sorgt schon wieder f\u00fcr sein n\u00e4chstes Gesch\u00e4ft, f\u00fcr den n\u00e4chsten Auftrag. Einfacher geht&#8217;s nicht!<br \/>\nDie Hinweisschilder bieten wir in vielen kleinen, mittelgro\u00dfen und maxi- Formaten an, so das diese gut h\u00e4ndelbar, sich einfach transportieren lassen und gut vor Ort zu befestigen sind.<br \/>\nIm Regelfall werden die Schilder im Set verkauft, das heisst, je mehr Schilder Sie bestellen desto g\u00fcnstiger wird der St\u00fcckpreis. In unserer Preisliste haben wir Einzelpreise, 3er Set, 5er Set, 10 er Set,<br \/>\n20er Set sowie 35 er und 50er Set preislich ausgewiesen. Sie werden feststellen, das die Konditionen bei einer Auflage von 20 oder 50 Stck. wesentlich g\u00fcnstiger pro Stck. sind, als bei der Einzelbestellung.<br \/>\nDas hat damit was zu tun, das die Schilderherstellung in Serie wirtschaftlicher ist. Diesen Preisvorteil geben wir Ihnen 1:1 weiter, so das Sie stets die besten Konditionen erhalten!<\/p>\n<p><strong>So einfach gehts:<br \/>\n<\/strong>Bitte senden Sie uns mit Ihrer Bestellung die entsprechenden Druckdaten zu, die genau f\u00fcr das bestellte Schild in der jeweiligen Gr\u00f6\u00dfe angelegt sind. Sollten Sie keine Druckdatei haben, k\u00f6nnen wir diese gegen eine kleine Bearbeitungspauschale f\u00fcr Sie herstellen. Die angeboten Schilder sind allesamt wetterfest, und eignen sich f\u00fcr viele Jahre im Aussenbereich f\u00fcr Ihre Werbung !<\/p>\n","protected":false},"excerpt":{"rendered":"<p>Es war einmal&#8230;.. Fr\u00fcher wurden Bauschilder aus Holztafeln hergestellt, die zuvor m\u00fchsam an den Kanten gespachtelt wurden und dann mit [&hellip;]<\/p>\n","protected":false},"author":1,"featured_media":0,"parent":0,"menu_order":0,"comment_status":"closed","ping_status":"closed","template":"","meta":{"footnotes":"","_links_to":"","_links_to_target":""},"class_list":["post-1481","page","type-page","status-publish","hentry","no-featured-image"],"_links":{"self":[{"href":"https:\/\/bauschild-miete.de\/index.php?rest_route=\/wp\/v2\/pages\/1481","targetHints":{"allow":["GET"]}}],"collection":[{"href":"https:\/\/bauschild-miete.de\/index.php?rest_route=\/wp\/v2\/pages"}],"about":[{"href":"https:\/\/bauschild-miete.de\/index.php?rest_route=\/wp\/v2\/types\/page"}],"author":[{"embeddable":true,"href":"https:\/\/bauschild-miete.de\/index.php?rest_route=\/wp\/v2\/users\/1"}],"replies":[{"embeddable":true,"href":"https:\/\/bauschild-miete.de\/index.php?rest_route=%2Fwp%2Fv2%2Fcomments&post=1481"}],"version-history":[{"count":13,"href":"https:\/\/bauschild-miete.de\/index.php?rest_route=\/wp\/v2\/pages\/1481\/revisions"}],"predecessor-version":[{"id":6297,"href":"https:\/\/bauschild-miete.de\/index.php?rest_route=\/wp\/v2\/pages\/1481\/revisions\/6297"}],"wp:attachment":[{"href":"https:\/\/bauschild-miete.de\/index.php?rest_route=%2Fwp%2Fv2%2Fmedia&parent=1481"}],"curies":[{"name":"wp","href":"https:\/\/api.w.org\/{rel}","templated":true}]}}