{"id":1479,"date":"2013-11-01T12:11:54","date_gmt":"2013-11-01T11:11:54","guid":{"rendered":"http:\/\/bauschild-miete.de\/?page_id=1479"},"modified":"2016-05-13T10:39:05","modified_gmt":"2016-05-13T08:39:05","slug":"nur-schilder-bis-2qm","status":"publish","type":"page","link":"https:\/\/bauschild-miete.de\/?page_id=1479","title":{"rendered":"Kleinschilder bis 2qm"},"content":{"rendered":"<p>Hinweisschilder am Bau m\u00fcssen nicht nur Bauschilder sein, sondern k\u00f6nnen auch Gefahrenzonen kennzeichnen, Einfahrtswege ausschildern oder die Baustellen-\u00d6ffnungszeiten angeben.<br \/>\nMeist werden Kleinschilder als Werbeschilder der Firmen verwendet, mit Firmenlogo, Adresse und Telefon oder Internetseite ausgestattet, k\u00f6nnen Sie so erfolgreich Werbung am Bau machen und auf Ihre jeweiligen Dienstleistungen und handwerklichen Leistungen hinweisen.<\/p>\n<p>Firmenschilder sind wichtig, denn gerade am Bau werden die Gesch\u00e4ftskontakte in der Praxis gekn\u00fcpft.<br \/>\nWer kein Schild hat, der ist eigentlich gar nicht da! \u00a0Wer mit vielen Schildern sein Umfeld informiert, ist in &#8222;aller Munde&#8220; und stets pr\u00e4sent und profitiert f\u00fcr die Zukunft. Wer also auf dem Bau wirbt, sorgt schon wieder f\u00fcr sein n\u00e4chstes Gesch\u00e4ft, f\u00fcr den n\u00e4chsten Auftrag. Einfacher geht&#8217;s nicht!<br \/>\nDie Hinweisschilder bieten wir in vielen kleinen, mittelgro\u00dfen und maxi- Formaten an, so das diese gut h\u00e4ndelbar sind und sich einfach und schnell nicht nur transportieren lassen, sondern auch vor Ort gut zu befestigen sind.<\/p>\n<p>Im Regelfall werden die Schilder im Set verkauft, das heisst, je mehr Schilder Sie bestellen desto g\u00fcnstiger wird der St\u00fcckpreis. In unserer Preisliste haben wir Einzelpreise, 3er Set, 5er Set, 10 er Set, 20er Set sowie 35 er und 50er Set preislich ausgewiesen. Sie werden feststellen, das die Konditionen bei einer Auflage von 20 oder 50 Stck. wesentlich g\u00fcnstiger pro Stck. sind, als bei der Einzelbestellung. Das hat damit was zu tun, das die Schilderherstellung einen technischen Produktionsvorgang hat und das bei mehren Schildern einfach wirtschaftlicher gearbeitet werden kann. Diesen Preisvorteil geben wir Ihnen 1:1 weiter, so das Sie stets die besten Konditionen erhalten!<\/p>\n<p>Bitte senden Sie uns mit Ihrer Bestellung die entsprechenden Druckdaten zu , die genau f\u00fcr das bestellte Schild in der jeweiligen Gr\u00f6\u00dfe angelegt sind. Sollten Sie keine Druckdatei haben, k\u00f6nnen wir diese gegen eine kleine Bearbeitungspauschale f\u00fcr Sie herstellen. Die angeboten Schilder sind allesamt wetterfest, und eignen sich f\u00fcr viele Jahre im Aussenbereich f\u00fcr Ihre Werbung !<\/p>\n","protected":false},"excerpt":{"rendered":"<p>Hinweisschilder am Bau m\u00fcssen nicht nur Bauschilder sein, sondern k\u00f6nnen auch Gefahrenzonen kennzeichnen, Einfahrtswege ausschildern oder die Baustellen-\u00d6ffnungszeiten angeben. Meist [&hellip;]<\/p>\n","protected":false},"author":1,"featured_media":0,"parent":0,"menu_order":0,"comment_status":"closed","ping_status":"closed","template":"","meta":{"footnotes":"","_links_to":"","_links_to_target":""},"class_list":["post-1479","page","type-page","status-publish","hentry","no-featured-image"],"_links":{"self":[{"href":"https:\/\/bauschild-miete.de\/index.php?rest_route=\/wp\/v2\/pages\/1479","targetHints":{"allow":["GET"]}}],"collection":[{"href":"https:\/\/bauschild-miete.de\/index.php?rest_route=\/wp\/v2\/pages"}],"about":[{"href":"https:\/\/bauschild-miete.de\/index.php?rest_route=\/wp\/v2\/types\/page"}],"author":[{"embeddable":true,"href":"https:\/\/bauschild-miete.de\/index.php?rest_route=\/wp\/v2\/users\/1"}],"replies":[{"embeddable":true,"href":"https:\/\/bauschild-miete.de\/index.php?rest_route=%2Fwp%2Fv2%2Fcomments&post=1479"}],"version-history":[{"count":5,"href":"https:\/\/bauschild-miete.de\/index.php?rest_route=\/wp\/v2\/pages\/1479\/revisions"}],"predecessor-version":[{"id":1854,"href":"https:\/\/bauschild-miete.de\/index.php?rest_route=\/wp\/v2\/pages\/1479\/revisions\/1854"}],"wp:attachment":[{"href":"https:\/\/bauschild-miete.de\/index.php?rest_route=%2Fwp%2Fv2%2Fmedia&parent=1479"}],"curies":[{"name":"wp","href":"https:\/\/api.w.org\/{rel}","templated":true}]}}