{"id":1090,"date":"2013-09-30T08:09:53","date_gmt":"2013-09-30T06:09:53","guid":{"rendered":"http:\/\/actionpromotion.de\/?page_id=839"},"modified":"2016-10-06T17:44:23","modified_gmt":"2016-10-06T15:44:23","slug":"vorleistungen-2","status":"publish","type":"page","link":"https:\/\/bauschild-miete.de\/?page_id=1090","title":{"rendered":"Ihre Vorleistungen"},"content":{"rendered":"<div>\n<div>\n<div>\n<div>\n<div>\n<div>\n<div>\n<p><strong>Sie fragen sich:<\/strong><br \/>\n\u201cWarum kann ich nicht fertige Dienstleistungspakete im Internet kaufen,<br \/>\nso das ich eine fertige komplette Leistung erhalte,<br \/>\ndie meinen Anspr\u00fcchen und Zielsetzungen gerecht wird?\u201d.<br \/>\n<strong>Unsere L\u00f6sung:<\/strong>\u00a0Genau das bieten wir Ihnen an!<\/p>\n<\/div>\n<p>Doch um genau zu erfahren was Sie planen,<br \/>\nwelche Ziele Sie erreichen m\u00f6chten bedarf es zuerst:<br \/>\n<a title=\"Senden Sie uns Ihre Anfrage per mail.\" href=\"mailto:info@bauschild-miete.de\" target=\"_blank\"><strong>Ihre Gedanken in Erfahrung zu bringen.<\/strong><\/a><\/p>\n<p>In einem pers\u00f6nlichem Gespr\u00e4ch kann vieles gekl\u00e4rt und er\u00f6rtert werden,<br \/>\ndoch es kann passieren, das wichtige Details oder das gesprochene Wort<br \/>\nfalsch verstanden\/interpretiert wird.<br \/>\nDas w\u00e4re fatal und Ihr Ziel w\u00fcrde nicht erreicht.<br \/>\nDaher ist es am einfachsten, Sie\u00a0<a title=\"Ihre Anfrage kommt direkt zu uns.\" href=\"mailto:info@bauschild-miete.de\" target=\"_blank\"><strong>senden uns eine mail,<\/strong>\u00a0<\/a>in der Sie<br \/>\nkurz und knapp mit Inhalten, Ihre Ziele und Aufgaben eintragen k\u00f6nnen.<br \/>\n<strong>Genau das ist die von Ihnen ben\u00f6tigte Vorleistung!<br \/>\n<\/strong><strong>Wir m\u00f6chten Ihre Aufgabe richtig verstehen und zielgenau umsetzen!<\/strong><\/p>\n<p>Mit Ihrer Vorleistungen, Ihren Gedanken die Sie zur mail bringen,<br \/>\nteilen Sie uns in schriftlicher Form mit, was genau Sie als Leistung ben\u00f6tigen.<br \/>\nGeben Sie uns eine genaue Beschreibung,<br \/>\nwelche finalen Ziele erreicht werden sollen!<br \/>\n<strong>Dann servieren wir die passende L\u00f6sung!<\/strong><\/p>\n<p><strong>Oder:<br \/>\n1) die Module\/Produkte die Sie interessieren auf der Startseite ausw\u00e4hlen,<br \/>\n2) in den Warenkorb packen<br \/>\n3) <\/strong>Kontaktdaten im Warenkorb als Order eintragen \u2013\u00a0kostenlos \u2013 Anfrage\u00a0mit Jobbeschreibung \u2013 im Textfeld\u00a0\u201cHinweise zur Bestellung\u201d \u2013 eintragen\u00a0und Anfrage vom Warenkorb aus absenden. Fertig!<\/p>\n<p>Ihre Anfrage ist selbstverst\u00e4ndlich vertraulich, kostet Sie keinen Cent!<\/p>\n<p><strong>Danach gibt es 2 M\u00f6glichkeiten:<br \/>\n<\/strong>a) es handelt sich um ein einfaches, schnell zu l\u00f6sendes Projekt,<br \/>\nwof\u00fcr wir fertige Leistungspakete bereits anbieten, oder<br \/>\nb) es handelt sich um eine Aufgabe, die so komplex ist, das wir gemeinsam mit Ihnen ein Job-Projektierung erarbeiten, damit die komplexen Umf\u00e4nge und die Zielaufgaben beiderseitig richtig verstanden und umgesetzt werden k\u00f6nnen.<br \/>\nDaf\u00fcr haben wir unsere <a title=\"Hier gehts zur Projektierung.\" href=\"https:\/\/bauschild-miete.de\/?product_cat=bauschild-projektierung-deutschlands-grosse-bauschilder-auswahl-mieten-oder-kaufen\" target=\"_blank\"><strong>Projektierung<\/strong><\/a> die Sie schnell und g\u00fcnstig<br \/>\nzum gew\u00fcnschten Projektziel bringt.<\/p>\n<p><strong>Ihre Vorleistungen sind somit:<br \/>\n<\/strong>Uns Ihrer Anfrage, Aufgabenstellung und \u00a0Komplexit\u00e4t der erwartenden Dienstleistung so genau zu beschreiben, so das wir dann gemeinsam ausw\u00e4hlen k\u00f6nnen,<br \/>\nwelches Dienstleistungspaket am Besten zu Ihrer Aufgabenstellung passt.<strong><br \/>\n<\/strong><br \/>\n<strong>Unser Divisionsberater wird die Leistungspakete mit Ihnen<br \/>\ngemeinsam abstimmen.<\/strong><\/p>\n<\/div>\n<\/div>\n<\/div>\n<\/div>\n<\/div>\n<\/div>\n","protected":false},"excerpt":{"rendered":"<p>Sie fragen sich: \u201cWarum kann ich nicht fertige Dienstleistungspakete im Internet kaufen, so das ich eine fertige komplette Leistung erhalte, [&hellip;]<\/p>\n","protected":false},"author":1,"featured_media":0,"parent":0,"menu_order":0,"comment_status":"closed","ping_status":"closed","template":"","meta":{"footnotes":"","_links_to":"","_links_to_target":""},"class_list":["post-1090","page","type-page","status-publish","hentry","no-featured-image"],"_links":{"self":[{"href":"https:\/\/bauschild-miete.de\/index.php?rest_route=\/wp\/v2\/pages\/1090","targetHints":{"allow":["GET"]}}],"collection":[{"href":"https:\/\/bauschild-miete.de\/index.php?rest_route=\/wp\/v2\/pages"}],"about":[{"href":"https:\/\/bauschild-miete.de\/index.php?rest_route=\/wp\/v2\/types\/page"}],"author":[{"embeddable":true,"href":"https:\/\/bauschild-miete.de\/index.php?rest_route=\/wp\/v2\/users\/1"}],"replies":[{"embeddable":true,"href":"https:\/\/bauschild-miete.de\/index.php?rest_route=%2Fwp%2Fv2%2Fcomments&post=1090"}],"version-history":[{"count":11,"href":"https:\/\/bauschild-miete.de\/index.php?rest_route=\/wp\/v2\/pages\/1090\/revisions"}],"predecessor-version":[{"id":9942,"href":"https:\/\/bauschild-miete.de\/index.php?rest_route=\/wp\/v2\/pages\/1090\/revisions\/9942"}],"wp:attachment":[{"href":"https:\/\/bauschild-miete.de\/index.php?rest_route=%2Fwp%2Fv2%2Fmedia&parent=1090"}],"curies":[{"name":"wp","href":"https:\/\/api.w.org\/{rel}","templated":true}]}}