{"id":10001,"date":"2017-08-03T10:56:45","date_gmt":"2017-08-03T08:56:45","guid":{"rendered":"http:\/\/bauschild-miete.de\/?page_id=10001"},"modified":"2019-10-24T11:18:28","modified_gmt":"2019-10-24T09:18:28","slug":"hilfefaq","status":"publish","type":"page","link":"https:\/\/bauschild-miete.de\/?page_id=10001","title":{"rendered":"Hilfe?\/FAQ"},"content":{"rendered":"<h3><span style=\"background-color: #f0f0f0; line-height: 1.5;\">Wo darf ich ein Bauschild bauen?<\/span><\/h3>\n<ul>\n<li><span style=\"line-height: 2;\">Welches Recht in Ihrer Region zutrifft oder nicht zutrifft entzieht sich unserer Kenntnis.<br \/>\nErkundigen Sie sich vorher in Ihrer Region, um m\u00f6gliche Probleme zu vermeiden.<br \/>\nBeachten Sie, das das Werben im \u00f6ffentlichen Raum nicht immer erlaubt sein kann.<br \/>\n<\/span><\/li>\n<li>Einige Bauschilder ben\u00f6tigen warscheinlich eine Baugenehmigung.<\/li>\n<\/ul>\n<p>____________________________________________________________________________________________<\/p>\n<h3><span style=\"background-color: #f0f0f0; line-height: 1.5;\">Was gibt es f\u00fcr Bauschilder<br \/>\n<\/span><\/h3>\n<ul>\n<li>Es gibt viele Verschiedene Arten und Variationen.<\/li>\n<li>Die Schilder k\u00f6nnen an einem Zaun oder einer Wand h\u00e4ngen, von selbst stehen oder auch an ein eigenes Ger\u00fcst gebaut werden. Die Auswahl ist riesig!<\/li>\n<\/ul>\n<p>____________________________________________________________________________________________<\/p>\n<h3><span style=\"background-color: #f0f0f0; line-height: 1.5;\">Wie teuer ist ein Bauschild?<\/span><\/h3>\n<ul>\n<li>Hier auf der Website k\u00f6nnen Sie sich Ihr Bauschild individuell zusammenstellen und Ihr Preis wird automatisch berechnet.<\/li>\n<\/ul>\n<p>____________________________________________________________________________________________<\/p>\n<h3>Wie lege ich Druckdateien an?<\/h3>\n<p>Legen Sie die Druckdaten als PDF in <strong>CMYK<\/strong> im Format <strong>1:10<\/strong> an, nicht in RGB.<br \/>\nVerwenden Sie PDF\/X-1a oder X-3 (PDF 1.3).<br \/>\nVergessen Sie nicht Ihre <strong>Schriften in Pfade<\/strong> umzuwandeln,<br \/>\ndamit es beim Druck keine Verf\u00e4lschungen gibt.<\/p>\n","protected":false},"excerpt":{"rendered":"<p>Wo darf ich ein Bauschild bauen? Welches Recht in Ihrer Region zutrifft oder nicht zutrifft entzieht sich unserer Kenntnis. Erkundigen [&hellip;]<\/p>\n","protected":false},"author":1,"featured_media":0,"parent":0,"menu_order":0,"comment_status":"closed","ping_status":"closed","template":"page-fullwidth.php","meta":{"footnotes":"","_links_to":"","_links_to_target":""},"class_list":["post-10001","page","type-page","status-publish","hentry","no-featured-image"],"_links":{"self":[{"href":"https:\/\/bauschild-miete.de\/index.php?rest_route=\/wp\/v2\/pages\/10001","targetHints":{"allow":["GET"]}}],"collection":[{"href":"https:\/\/bauschild-miete.de\/index.php?rest_route=\/wp\/v2\/pages"}],"about":[{"href":"https:\/\/bauschild-miete.de\/index.php?rest_route=\/wp\/v2\/types\/page"}],"author":[{"embeddable":true,"href":"https:\/\/bauschild-miete.de\/index.php?rest_route=\/wp\/v2\/users\/1"}],"replies":[{"embeddable":true,"href":"https:\/\/bauschild-miete.de\/index.php?rest_route=%2Fwp%2Fv2%2Fcomments&post=10001"}],"version-history":[{"count":5,"href":"https:\/\/bauschild-miete.de\/index.php?rest_route=\/wp\/v2\/pages\/10001\/revisions"}],"predecessor-version":[{"id":11587,"href":"https:\/\/bauschild-miete.de\/index.php?rest_route=\/wp\/v2\/pages\/10001\/revisions\/11587"}],"wp:attachment":[{"href":"https:\/\/bauschild-miete.de\/index.php?rest_route=%2Fwp%2Fv2%2Fmedia&parent=10001"}],"curies":[{"name":"wp","href":"https:\/\/api.w.org\/{rel}","templated":true}]}}